{"id":4686,"date":"2017-01-10T13:47:14","date_gmt":"2017-01-10T15:47:14","guid":{"rendered":"http:\/\/totallubri.com.br\/?post_type=product&#038;p=4686"},"modified":"2025-02-27T11:39:43","modified_gmt":"2025-02-27T14:39:43","slug":"bico-de-abastecimento-5522-bozza","status":"publish","type":"product","link":"https:\/\/totallubri.com.br\/?product=bico-de-abastecimento-5522-bozza","title":{"rendered":"Bicos de Abastecimento autom\u00e1tico \u2013 5522\\5322\u2013 Bozza"},"content":{"rendered":"<p style=\"text-align: left;\">CODIGO 5522 &#8211; COR AZUL<\/p>\n<p>Bico autom\u00e1tico com ponteira m\u00e9dia para abastecimento de alta vaz\u00e3o e com desarme autom\u00e1tico e gatilho com trava, utilizado em m\u00e1quinas e implementos rodovi\u00e1rios pesados como caminh\u00f5es fora da estrada em geral, comboios, implementos, tratores de esteira e outras m\u00e1quinas pesadas. Indicado para abastecimentos em geral: Diesel, Gasolina, Querosene e \u00c1lcool.<\/p>\n<p><strong>+ DETALHES:<\/strong><\/p>\n<ul>\n<li>Vaza\u0303o m\u00e1xima: 55 L\/min;<\/li>\n<li>Press\u00e3o m\u00e1xima de trabalho: 76 PSI (5,25 BAR);<\/li>\n<li>Entrada do produto: Rosca 3\/4\u2033 NPT f\u00eamea;<\/li>\n<li>Di\u00e2metro da ponteira de Sa\u00edda: 24,0mm ( 15\/16\u201d )<\/li>\n<li>Temperatura m\u00e1xima de trabalho: 50\u00b0C;<\/li>\n<li>Temperatura m\u00ednima de trabalho: -10\u00b0C;<\/li>\n<li>Compatibilidade: diesel, gasolina, querosene e \u00e1lcool;<\/li>\n<\/ul>\n<p><strong>\u00a0CODIGO 5322 &#8211; COR VERMELHO<\/strong><\/p>\n<p>Bico autom\u00e1tico com ponteira grossa para abastecimento de alta vaz\u00e3o e com desarme autom\u00e1tico e gatilho com trava,\u00a0 utilizado em m\u00e1quinas e implementos rodovi\u00e1rios pesados como caminh\u00f5es fora da estrada em geral, comboios, implementos, tratores de esteira e outras m\u00e1quinas pesadas. Indicado para abastecimentos em geral: diesel, gasolina, querosene e \u00e1lcool.<\/p>\n<p><strong>+ DETALHES:<\/strong><\/p>\n<ul>\n<li>Vaza\u0303o m\u00e1xima: 120 L\/min;<\/li>\n<li>Press\u00e3o m\u00e1xima de trabalho: 76 PSI (5,25 BAR);<\/li>\n<li>Entrada do produto: Rosca 1\u2033 NPT f\u00eamea;<\/li>\n<li>Di\u00e2metro da ponteira de sa\u00edda: 30,2mm ( 1.3\/16\u201d )<\/li>\n<li>Temperatura m\u00e1xima de trabalho: 50\u00b0C;<\/li>\n<li>Temperatura m\u00ednima de trabalho: -10\u00b0C;<\/li>\n<li>Compatibilidade: diesel, gasolina, querosene e \u00e1lcool;<\/li>\n<\/ul>\n<p>&nbsp;<\/p>\n","protected":false},"excerpt":{"rendered":"<p>CODIGO 5522 &#8211; COR AZUL Bico autom\u00e1tico com ponteira m\u00e9dia para abastecimento de alta vaz\u00e3o e com desarme autom\u00e1tico e gatilho com trava, utilizado em m\u00e1quinas e implementos rodovi\u00e1rios pesados como caminh\u00f5es fora da estrada em geral, comboios, implementos, tratores de esteira e outras m\u00e1quinas pesadas. Indicado para abastecimentos em geral: Diesel, Gasolina, Querosene e [&hellip;]<\/p>\n","protected":false},"featured_media":14957,"comment_status":"open","ping_status":"closed","template":"","meta":{"_exactmetrics_skip_tracking":false,"_exactmetrics_sitenote_active":false,"_exactmetrics_sitenote_note":"","_exactmetrics_sitenote_category":0},"product_brand":[],"product_cat":[106],"product_tag":[],"class_list":{"0":"post-4686","1":"product","2":"type-product","3":"status-publish","4":"has-post-thumbnail","6":"product_cat-bico-de-abastecimento-para-combustiveis","8":"first","9":"instock","10":"shipping-taxable","11":"product-type-simple"},"_links":{"self":[{"href":"https:\/\/totallubri.com.br\/index.php?rest_route=\/wp\/v2\/product\/4686","targetHints":{"allow":["GET"]}}],"collection":[{"href":"https:\/\/totallubri.com.br\/index.php?rest_route=\/wp\/v2\/product"}],"about":[{"href":"https:\/\/totallubri.com.br\/index.php?rest_route=\/wp\/v2\/types\/product"}],"replies":[{"embeddable":true,"href":"https:\/\/totallubri.com.br\/index.php?rest_route=%2Fwp%2Fv2%2Fcomments&post=4686"}],"wp:featuredmedia":[{"embeddable":true,"href":"https:\/\/totallubri.com.br\/index.php?rest_route=\/wp\/v2\/media\/14957"}],"wp:attachment":[{"href":"https:\/\/totallubri.com.br\/index.php?rest_route=%2Fwp%2Fv2%2Fmedia&parent=4686"}],"wp:term":[{"taxonomy":"product_brand","embeddable":true,"href":"https:\/\/totallubri.com.br\/index.php?rest_route=%2Fwp%2Fv2%2Fproduct_brand&post=4686"},{"taxonomy":"product_cat","embeddable":true,"href":"https:\/\/totallubri.com.br\/index.php?rest_route=%2Fwp%2Fv2%2Fproduct_cat&post=4686"},{"taxonomy":"product_tag","embeddable":true,"href":"https:\/\/totallubri.com.br\/index.php?rest_route=%2Fwp%2Fv2%2Fproduct_tag&post=4686"}],"curies":[{"name":"wp","href":"https:\/\/api.w.org\/{rel}","templated":true}]}}