{"id":4689,"date":"2017-01-10T13:49:08","date_gmt":"2017-01-10T15:49:08","guid":{"rendered":"http:\/\/totallubri.com.br\/?post_type=product&#038;p=4689"},"modified":"2024-12-21T16:15:39","modified_gmt":"2024-12-21T19:15:39","slug":"sistema-de-monitoramento-de-tanques-2100-mar-piusi","status":"publish","type":"product","link":"https:\/\/totallubri.com.br\/?product=sistema-de-monitoramento-de-tanques-2100-mar-piusi","title":{"rendered":"Sistema de Monitoramento de Tanques &#8211; 2100-MAR &#8211; Piusi"},"content":{"rendered":"<p>Para monitoramento cont\u00ednuo, com tubo com sonda de press\u00e3o est\u00e1tica em inox.<\/p>\n<p>Capacidade de administra\u00e7\u00e3o <strong>01 tanque para cada equipamento<br \/>\n<\/strong>Dist\u00e2ncia de monitoramento <strong>at\u00e9 50 m do tanque<\/strong><br \/>\nIndica\u00e7\u00e3o de n\u00edvel <strong>L\/mm\/ %<\/strong><br \/>\nAlimenta\u00e7\u00e3o <strong>220 V<\/strong><br \/>\nPrecis\u00e3o <strong>1 %<\/strong><\/p>\n<p>Medidas <strong>(A) 130 mm x (L) 180 mm<\/strong><\/p>\n<p>OBS: Entrega t\u00e9cnica sob consulta do Dep. Comercial Lupus<\/p>\n","protected":false},"excerpt":{"rendered":"<p>Para monitoramento cont\u00ednuo, com tubo com sonda de press\u00e3o est\u00e1tica em inox. Capacidade de administra\u00e7\u00e3o 01 tanque para cada equipamento Dist\u00e2ncia de monitoramento at\u00e9 50 m do tanque Indica\u00e7\u00e3o de n\u00edvel L\/mm\/ % Alimenta\u00e7\u00e3o 220 V Precis\u00e3o 1 % Medidas (A) 130 mm x (L) 180 mm OBS: Entrega t\u00e9cnica sob consulta do Dep. Comercial [&hellip;]<\/p>\n","protected":false},"featured_media":4691,"comment_status":"open","ping_status":"closed","template":"","meta":{"_exactmetrics_skip_tracking":false,"_exactmetrics_sitenote_active":false,"_exactmetrics_sitenote_note":"","_exactmetrics_sitenote_category":0},"product_brand":[],"product_cat":[114],"product_tag":[],"class_list":{"0":"post-4689","1":"product","2":"type-product","3":"status-publish","4":"has-post-thumbnail","6":"product_cat-solucoes-para-abastecimento","8":"first","9":"instock","10":"shipping-taxable","11":"product-type-simple"},"_links":{"self":[{"href":"https:\/\/totallubri.com.br\/index.php?rest_route=\/wp\/v2\/product\/4689","targetHints":{"allow":["GET"]}}],"collection":[{"href":"https:\/\/totallubri.com.br\/index.php?rest_route=\/wp\/v2\/product"}],"about":[{"href":"https:\/\/totallubri.com.br\/index.php?rest_route=\/wp\/v2\/types\/product"}],"replies":[{"embeddable":true,"href":"https:\/\/totallubri.com.br\/index.php?rest_route=%2Fwp%2Fv2%2Fcomments&post=4689"}],"wp:featuredmedia":[{"embeddable":true,"href":"https:\/\/totallubri.com.br\/index.php?rest_route=\/wp\/v2\/media\/4691"}],"wp:attachment":[{"href":"https:\/\/totallubri.com.br\/index.php?rest_route=%2Fwp%2Fv2%2Fmedia&parent=4689"}],"wp:term":[{"taxonomy":"product_brand","embeddable":true,"href":"https:\/\/totallubri.com.br\/index.php?rest_route=%2Fwp%2Fv2%2Fproduct_brand&post=4689"},{"taxonomy":"product_cat","embeddable":true,"href":"https:\/\/totallubri.com.br\/index.php?rest_route=%2Fwp%2Fv2%2Fproduct_cat&post=4689"},{"taxonomy":"product_tag","embeddable":true,"href":"https:\/\/totallubri.com.br\/index.php?rest_route=%2Fwp%2Fv2%2Fproduct_tag&post=4689"}],"curies":[{"name":"wp","href":"https:\/\/api.w.org\/{rel}","templated":true}]}}