{"id":4696,"date":"2017-01-10T13:53:43","date_gmt":"2017-01-10T15:53:43","guid":{"rendered":"http:\/\/totallubri.com.br\/?post_type=product&#038;p=4696"},"modified":"2024-11-25T11:37:26","modified_gmt":"2024-11-25T14:37:26","slug":"carretel-automatico-3023-ar-piusi","status":"publish","type":"product","link":"https:\/\/totallubri.com.br\/?product=carretel-automatico-3023-ar-piusi","title":{"rendered":"Carretel Autom\u00e1tico &#8211; 3023-AR &#8211; Piusi"},"content":{"rendered":"<p>&#8211; em polipropileno<br \/>\n&#8211; retra\u00e7\u00e3o autom\u00e1tica<br \/>\n&#8211; base simples<br \/>\n&#8211; press\u00e3o m\u00e1xima de trabalho 140 PSI<br \/>\n&#8211; capacidade para 10 M mangueira \u00b3\/4&#8243;<\/p>\n<p>Peso: 14 Kg<\/p>\n<p>Medidas: (A) 550 mm x (L) 550 mm<\/p>\n","protected":false},"excerpt":{"rendered":"<p>&#8211; em polipropileno &#8211; retra\u00e7\u00e3o autom\u00e1tica &#8211; base simples &#8211; press\u00e3o m\u00e1xima de trabalho 140 PSI &#8211; capacidade para 10 M mangueira \u00b3\/4&#8243; Peso: 14 Kg Medidas: (A) 550 mm x (L) 550 mm<\/p>\n","protected":false},"featured_media":4698,"comment_status":"open","ping_status":"closed","template":"","meta":{"_exactmetrics_skip_tracking":false,"_exactmetrics_sitenote_active":false,"_exactmetrics_sitenote_note":"","_exactmetrics_sitenote_category":0},"product_brand":[],"product_cat":[100],"product_tag":[],"class_list":{"0":"post-4696","1":"product","2":"type-product","3":"status-publish","4":"has-post-thumbnail","6":"product_cat-carretel-retratil","8":"first","9":"instock","10":"shipping-taxable","11":"product-type-simple"},"_links":{"self":[{"href":"https:\/\/totallubri.com.br\/index.php?rest_route=\/wp\/v2\/product\/4696","targetHints":{"allow":["GET"]}}],"collection":[{"href":"https:\/\/totallubri.com.br\/index.php?rest_route=\/wp\/v2\/product"}],"about":[{"href":"https:\/\/totallubri.com.br\/index.php?rest_route=\/wp\/v2\/types\/product"}],"replies":[{"embeddable":true,"href":"https:\/\/totallubri.com.br\/index.php?rest_route=%2Fwp%2Fv2%2Fcomments&post=4696"}],"wp:featuredmedia":[{"embeddable":true,"href":"https:\/\/totallubri.com.br\/index.php?rest_route=\/wp\/v2\/media\/4698"}],"wp:attachment":[{"href":"https:\/\/totallubri.com.br\/index.php?rest_route=%2Fwp%2Fv2%2Fmedia&parent=4696"}],"wp:term":[{"taxonomy":"product_brand","embeddable":true,"href":"https:\/\/totallubri.com.br\/index.php?rest_route=%2Fwp%2Fv2%2Fproduct_brand&post=4696"},{"taxonomy":"product_cat","embeddable":true,"href":"https:\/\/totallubri.com.br\/index.php?rest_route=%2Fwp%2Fv2%2Fproduct_cat&post=4696"},{"taxonomy":"product_tag","embeddable":true,"href":"https:\/\/totallubri.com.br\/index.php?rest_route=%2Fwp%2Fv2%2Fproduct_tag&post=4696"}],"curies":[{"name":"wp","href":"https:\/\/api.w.org\/{rel}","templated":true}]}}