{"id":4699,"date":"2017-01-10T13:56:13","date_gmt":"2017-01-10T15:56:13","guid":{"rendered":"http:\/\/totallubri.com.br\/?post_type=product&#038;p=4699"},"modified":"2024-11-25T15:19:13","modified_gmt":"2024-11-25T18:19:13","slug":"carretel-automatico-com-mangueira-3063-m15-coxreels","status":"publish","type":"product","link":"https:\/\/totallubri.com.br\/?product=carretel-automatico-com-mangueira-3063-m15-coxreels","title":{"rendered":"Carretel Autom\u00e1tico com Mangueira &#8211; 3063-M15 &#8211; Coxreels"},"content":{"rendered":"<div class=\"cont_produto\">\n<p>Em a\u00e7o, com base simples e retra\u00e7\u00e3o autom\u00e1tica. Montado com mangueira.<\/p>\n<p>Mangueira <strong>15 m \/ 1&#8243;<\/strong><br \/>\nPress\u00e3o m\u00e1xima de opera\u00e7\u00e3o <strong>300 PSI<br \/>\n<\/strong><br \/>\nPeso <strong>31 kg<\/strong><br \/>\nMedidas <strong>(A) 647 mm x (L) 609 mm<\/strong><\/p>\n<p><strong>OPCIONAL:<\/strong> C\u00d3DIGO 3063<br \/>\nCarretel autom\u00e1tico sem mangueira<\/p>\n<\/div>\n","protected":false},"excerpt":{"rendered":"<p>Em a\u00e7o, com base simples e retra\u00e7\u00e3o autom\u00e1tica. Montado com mangueira. Mangueira 15 m \/ 1&#8243; Press\u00e3o m\u00e1xima de opera\u00e7\u00e3o 300 PSI Peso 31 kg Medidas (A) 647 mm x (L) 609 mm OPCIONAL: C\u00d3DIGO 3063 Carretel autom\u00e1tico sem mangueira<\/p>\n","protected":false},"featured_media":4703,"comment_status":"open","ping_status":"closed","template":"","meta":{"_exactmetrics_skip_tracking":false,"_exactmetrics_sitenote_active":false,"_exactmetrics_sitenote_note":"","_exactmetrics_sitenote_category":0},"product_brand":[],"product_cat":[101],"product_tag":[],"class_list":{"0":"post-4699","1":"product","2":"type-product","3":"status-publish","4":"has-post-thumbnail","6":"product_cat-carreteis-samoa-e-coxreels","8":"first","9":"instock","10":"shipping-taxable","11":"product-type-simple"},"_links":{"self":[{"href":"https:\/\/totallubri.com.br\/index.php?rest_route=\/wp\/v2\/product\/4699","targetHints":{"allow":["GET"]}}],"collection":[{"href":"https:\/\/totallubri.com.br\/index.php?rest_route=\/wp\/v2\/product"}],"about":[{"href":"https:\/\/totallubri.com.br\/index.php?rest_route=\/wp\/v2\/types\/product"}],"replies":[{"embeddable":true,"href":"https:\/\/totallubri.com.br\/index.php?rest_route=%2Fwp%2Fv2%2Fcomments&post=4699"}],"wp:featuredmedia":[{"embeddable":true,"href":"https:\/\/totallubri.com.br\/index.php?rest_route=\/wp\/v2\/media\/4703"}],"wp:attachment":[{"href":"https:\/\/totallubri.com.br\/index.php?rest_route=%2Fwp%2Fv2%2Fmedia&parent=4699"}],"wp:term":[{"taxonomy":"product_brand","embeddable":true,"href":"https:\/\/totallubri.com.br\/index.php?rest_route=%2Fwp%2Fv2%2Fproduct_brand&post=4699"},{"taxonomy":"product_cat","embeddable":true,"href":"https:\/\/totallubri.com.br\/index.php?rest_route=%2Fwp%2Fv2%2Fproduct_cat&post=4699"},{"taxonomy":"product_tag","embeddable":true,"href":"https:\/\/totallubri.com.br\/index.php?rest_route=%2Fwp%2Fv2%2Fproduct_tag&post=4699"}],"curies":[{"name":"wp","href":"https:\/\/api.w.org\/{rel}","templated":true}]}}