{"id":4702,"date":"2017-01-10T13:58:11","date_gmt":"2017-01-10T15:58:11","guid":{"rendered":"http:\/\/totallubri.com.br\/?post_type=product&#038;p=4702"},"modified":"2024-11-21T12:18:45","modified_gmt":"2024-11-21T15:18:45","slug":"bomba-de-transferencia-9122p-60s-piusi","status":"publish","type":"product","link":"https:\/\/totallubri.com.br\/?product=bomba-de-transferencia-9122p-60s-piusi","title":{"rendered":"Bomba de Transfer\u00eancia &#8211; 9122P-60S &#8211; PIUSI"},"content":{"rendered":"<p align=\"left\">Bomba autoaspirante de palhetas, com v\u00e1lvula by-pass<br \/>\ne filtro interno, para \u00f3leo diesel.<\/p>\n<p align=\"left\"><span style=\"font-family: HelveticaNeue-LightCond;\">Vaz\u00e3o livre . <\/span><b><span style=\"font-family: HelveticaNeue-Bold;\">60 L\/min<br \/>\n<\/span><\/b><span style=\"font-family: HelveticaNeue-LightCond;\">Alimenta\u00e7\u00e3o . <\/span><b><span style=\"font-family: HelveticaNeue-Bold;\">12 V<br \/>\n<\/span><\/b><span style=\"font-family: HelveticaNeue-LightCond;\">Entrada e sa\u00edda . <\/span><span style=\"font-family: HelveticaNeue-Light;\">\u00f8 <\/span><b><span style=\"font-family: HelveticaNeue-Bold;\">1\u201d BSP <\/span><\/b><span style=\"font-family: HelveticaNeue-UltraLight;\">\/ <\/span><b><span style=\"font-family: HelveticaNeue-Bold;\">fl angeado<br \/>\n<\/span><\/b><span style=\"font-family: HelveticaNeue-LightCond;\">By-pass . <\/span><b><span style=\"font-family: HelveticaNeue-Bold;\">3 minutos<br \/>\n<\/span><\/b><span style=\"font-family: HelveticaNeue-LightCond;\">Fator de trabalho . <\/span><b><span style=\"font-family: HelveticaNeue-Bold;\">30 minutos<br \/>\n<\/span><\/b><span style=\"font-family: HelveticaNeue-LightCond;\">Grau de prote\u00e7\u00e3o . <\/span><b><span style=\"font-family: HelveticaNeue-Bold;\">IP55<br \/>\n<\/span><\/b><span style=\"font-family: HelveticaNeue-LightCond; font-size: xx-small;\"><span style=\"font-family: HelveticaNeue-LightCond; font-size: small;\">Peso: 3,5 kg .<br \/>\nMedidas: (A) 110 mm x (L) 190 mm<\/span><\/span><\/p>\n","protected":false},"excerpt":{"rendered":"<p>Bomba autoaspirante de palhetas, com v\u00e1lvula by-pass e filtro interno, para \u00f3leo diesel. Vaz\u00e3o livre . 60 L\/min Alimenta\u00e7\u00e3o . 12 V Entrada e sa\u00edda . \u00f8 1\u201d BSP \/ fl angeado By-pass . 3 minutos Fator de trabalho . 30 minutos Grau de prote\u00e7\u00e3o . IP55 Peso: 3,5 kg . Medidas: (A) 110 mm [&hellip;]<\/p>\n","protected":false},"featured_media":4705,"comment_status":"open","ping_status":"closed","template":"","meta":{"_exactmetrics_skip_tracking":false,"_exactmetrics_sitenote_active":false,"_exactmetrics_sitenote_note":"","_exactmetrics_sitenote_category":0},"product_brand":[],"product_cat":[96],"product_tag":[],"class_list":{"0":"post-4702","1":"product","2":"type-product","3":"status-publish","4":"has-post-thumbnail","6":"product_cat-bomba-de-transferencia-eletrica-e-bateria","8":"first","9":"instock","10":"shipping-taxable","11":"product-type-simple"},"_links":{"self":[{"href":"https:\/\/totallubri.com.br\/index.php?rest_route=\/wp\/v2\/product\/4702","targetHints":{"allow":["GET"]}}],"collection":[{"href":"https:\/\/totallubri.com.br\/index.php?rest_route=\/wp\/v2\/product"}],"about":[{"href":"https:\/\/totallubri.com.br\/index.php?rest_route=\/wp\/v2\/types\/product"}],"replies":[{"embeddable":true,"href":"https:\/\/totallubri.com.br\/index.php?rest_route=%2Fwp%2Fv2%2Fcomments&post=4702"}],"wp:featuredmedia":[{"embeddable":true,"href":"https:\/\/totallubri.com.br\/index.php?rest_route=\/wp\/v2\/media\/4705"}],"wp:attachment":[{"href":"https:\/\/totallubri.com.br\/index.php?rest_route=%2Fwp%2Fv2%2Fmedia&parent=4702"}],"wp:term":[{"taxonomy":"product_brand","embeddable":true,"href":"https:\/\/totallubri.com.br\/index.php?rest_route=%2Fwp%2Fv2%2Fproduct_brand&post=4702"},{"taxonomy":"product_cat","embeddable":true,"href":"https:\/\/totallubri.com.br\/index.php?rest_route=%2Fwp%2Fv2%2Fproduct_cat&post=4702"},{"taxonomy":"product_tag","embeddable":true,"href":"https:\/\/totallubri.com.br\/index.php?rest_route=%2Fwp%2Fv2%2Fproduct_tag&post=4702"}],"curies":[{"name":"wp","href":"https:\/\/api.w.org\/{rel}","templated":true}]}}