{"id":4704,"date":"2017-01-10T13:59:36","date_gmt":"2017-01-10T15:59:36","guid":{"rendered":"http:\/\/totallubri.com.br\/?post_type=product&#038;p=4704"},"modified":"2024-11-25T15:16:03","modified_gmt":"2024-11-25T18:16:03","slug":"carretel-automatico-3063-coxreels","status":"publish","type":"product","link":"https:\/\/totallubri.com.br\/?product=carretel-automatico-3063-coxreels","title":{"rendered":"Carretel Autom\u00e1tico \u2013 3063 \u2013 Coxreels"},"content":{"rendered":"<p>Em a\u00e7o, com base simples e retra\u00e7\u00e3o autom\u00e1tica.<\/p>\n<p>Sem mangueira.<\/p>\n<p>Capacidade . 15 m \/ 01&#8243;<\/p>\n<p>Press\u00e3o m\u00e1xima de trabalho . 300 PSI<\/p>\n<p>Peso: 31 kg<\/p>\n<p>Medidas: (A) 647 mm x (L) 609 mm<\/p>\n","protected":false},"excerpt":{"rendered":"<p>Em a\u00e7o, com base simples e retra\u00e7\u00e3o autom\u00e1tica. Sem mangueira. Capacidade . 15 m \/ 01&#8243; Press\u00e3o m\u00e1xima de trabalho . 300 PSI Peso: 31 kg Medidas: (A) 647 mm x (L) 609 mm<\/p>\n","protected":false},"featured_media":4707,"comment_status":"open","ping_status":"closed","template":"","meta":{"_exactmetrics_skip_tracking":false,"_exactmetrics_sitenote_active":false,"_exactmetrics_sitenote_note":"","_exactmetrics_sitenote_category":0},"product_brand":[],"product_cat":[101],"product_tag":[],"class_list":{"0":"post-4704","1":"product","2":"type-product","3":"status-publish","4":"has-post-thumbnail","6":"product_cat-carreteis-samoa-e-coxreels","8":"first","9":"instock","10":"shipping-taxable","11":"product-type-simple"},"_links":{"self":[{"href":"https:\/\/totallubri.com.br\/index.php?rest_route=\/wp\/v2\/product\/4704","targetHints":{"allow":["GET"]}}],"collection":[{"href":"https:\/\/totallubri.com.br\/index.php?rest_route=\/wp\/v2\/product"}],"about":[{"href":"https:\/\/totallubri.com.br\/index.php?rest_route=\/wp\/v2\/types\/product"}],"replies":[{"embeddable":true,"href":"https:\/\/totallubri.com.br\/index.php?rest_route=%2Fwp%2Fv2%2Fcomments&post=4704"}],"wp:featuredmedia":[{"embeddable":true,"href":"https:\/\/totallubri.com.br\/index.php?rest_route=\/wp\/v2\/media\/4707"}],"wp:attachment":[{"href":"https:\/\/totallubri.com.br\/index.php?rest_route=%2Fwp%2Fv2%2Fmedia&parent=4704"}],"wp:term":[{"taxonomy":"product_brand","embeddable":true,"href":"https:\/\/totallubri.com.br\/index.php?rest_route=%2Fwp%2Fv2%2Fproduct_brand&post=4704"},{"taxonomy":"product_cat","embeddable":true,"href":"https:\/\/totallubri.com.br\/index.php?rest_route=%2Fwp%2Fv2%2Fproduct_cat&post=4704"},{"taxonomy":"product_tag","embeddable":true,"href":"https:\/\/totallubri.com.br\/index.php?rest_route=%2Fwp%2Fv2%2Fproduct_tag&post=4704"}],"curies":[{"name":"wp","href":"https:\/\/api.w.org\/{rel}","templated":true}]}}