{"id":4711,"date":"2017-01-10T14:04:40","date_gmt":"2017-01-10T16:04:40","guid":{"rendered":"http:\/\/totallubri.com.br\/?post_type=product&#038;p=4711"},"modified":"2024-11-25T15:24:13","modified_gmt":"2024-11-25T18:24:13","slug":"carretel-eletrico-3064-coxreels","status":"publish","type":"product","link":"https:\/\/totallubri.com.br\/?product=carretel-eletrico-3064-coxreels","title":{"rendered":"Carretel El\u00e9trico &#8211; 3064 &#8211; Coxreels"},"content":{"rendered":"<p>Em a\u00e7o, com base simples e retra\u00e7\u00e3o autom\u00e1tica atrav\u00e9s de motor el\u00e9trico.<\/p>\n<p>Sem mangueira.<\/p>\n<p>Capacidade . 30 m \/0 1&#8243;<\/p>\n<p>Alimenta\u00e7\u00e3o . 12 v<\/p>\n<p>Press\u00e3o m\u00e1xima de trabalho . 300 PSI<\/p>\n<p>Peso: 31 kg<\/p>\n<p>Medidas: (A) 647 mm x (L) 609 mm<\/p>\n","protected":false},"excerpt":{"rendered":"<p>Em a\u00e7o, com base simples e retra\u00e7\u00e3o autom\u00e1tica atrav\u00e9s de motor el\u00e9trico. Sem mangueira. Capacidade . 30 m \/0 1&#8243; Alimenta\u00e7\u00e3o . 12 v Press\u00e3o m\u00e1xima de trabalho . 300 PSI Peso: 31 kg Medidas: (A) 647 mm x (L) 609 mm<\/p>\n","protected":false},"featured_media":4716,"comment_status":"open","ping_status":"closed","template":"","meta":{"_exactmetrics_skip_tracking":false,"_exactmetrics_sitenote_active":false,"_exactmetrics_sitenote_note":"","_exactmetrics_sitenote_category":0},"product_brand":[],"product_cat":[101],"product_tag":[],"class_list":{"0":"post-4711","1":"product","2":"type-product","3":"status-publish","4":"has-post-thumbnail","6":"product_cat-carreteis-samoa-e-coxreels","8":"first","9":"instock","10":"shipping-taxable","11":"product-type-simple"},"_links":{"self":[{"href":"https:\/\/totallubri.com.br\/index.php?rest_route=\/wp\/v2\/product\/4711","targetHints":{"allow":["GET"]}}],"collection":[{"href":"https:\/\/totallubri.com.br\/index.php?rest_route=\/wp\/v2\/product"}],"about":[{"href":"https:\/\/totallubri.com.br\/index.php?rest_route=\/wp\/v2\/types\/product"}],"replies":[{"embeddable":true,"href":"https:\/\/totallubri.com.br\/index.php?rest_route=%2Fwp%2Fv2%2Fcomments&post=4711"}],"wp:featuredmedia":[{"embeddable":true,"href":"https:\/\/totallubri.com.br\/index.php?rest_route=\/wp\/v2\/media\/4716"}],"wp:attachment":[{"href":"https:\/\/totallubri.com.br\/index.php?rest_route=%2Fwp%2Fv2%2Fmedia&parent=4711"}],"wp:term":[{"taxonomy":"product_brand","embeddable":true,"href":"https:\/\/totallubri.com.br\/index.php?rest_route=%2Fwp%2Fv2%2Fproduct_brand&post=4711"},{"taxonomy":"product_cat","embeddable":true,"href":"https:\/\/totallubri.com.br\/index.php?rest_route=%2Fwp%2Fv2%2Fproduct_cat&post=4711"},{"taxonomy":"product_tag","embeddable":true,"href":"https:\/\/totallubri.com.br\/index.php?rest_route=%2Fwp%2Fv2%2Fproduct_tag&post=4711"}],"curies":[{"name":"wp","href":"https:\/\/api.w.org\/{rel}","templated":true}]}}