{"id":4715,"date":"2017-01-10T14:07:05","date_gmt":"2017-01-10T16:07:05","guid":{"rendered":"http:\/\/totallubri.com.br\/?post_type=product&#038;p=4715"},"modified":"2024-11-21T12:21:57","modified_gmt":"2024-11-21T15:21:57","slug":"bomba-de-transferencia-9123p-60s-piusi","status":"publish","type":"product","link":"https:\/\/totallubri.com.br\/?product=bomba-de-transferencia-9123p-60s-piusi","title":{"rendered":"Bomba de Transfer\u00eancia \u2013 9123P-60S \u2013 PIUSI"},"content":{"rendered":"<div class=\"cont_produto\">\n<p align=\"left\">Bomba autoaspirante de palhetas, com v\u00e1lvula<br \/>\nby-pass e filtro interno, para \u00f3leo diesel.<\/p>\n<p align=\"left\"><span style=\"font-family: HelveticaNeue-LightCond;\">Vaz\u00e3o livre . <\/span><b><span style=\"font-family: HelveticaNeue-Bold;\">60 L\/min<br \/>\n<\/span><\/b><span style=\"font-family: HelveticaNeue-LightCond;\">Alimenta\u00e7\u00e3o . <\/span><b><span style=\"font-family: HelveticaNeue-Bold;\">220 V<br \/>\n<\/span><\/b><span style=\"font-family: HelveticaNeue-LightCond;\">Entrada e sa\u00edda . <\/span><span style=\"font-family: HelveticaNeue-Light;\">\u00f8 <\/span><b><span style=\"font-family: HelveticaNeue-Bold;\">1\u201d BSP <\/span><\/b><span style=\"font-family: HelveticaNeue-UltraLight;\">\/ <\/span><b><span style=\"font-family: HelveticaNeue-Bold;\">flangeado<br \/>\n<\/span><\/b><span style=\"font-family: HelveticaNeue-LightCond;\">By-pass . <\/span><b><span style=\"font-family: HelveticaNeue-Bold;\">3 minutos<br \/>\n<\/span><\/b><span style=\"font-family: HelveticaNeue-LightCond;\">Grau de prote\u00e7\u00e3o . <\/span><b><span style=\"font-family: HelveticaNeue-Bold;\">IP55<br \/>\n<\/span><\/b><span style=\"font-family: HelveticaNeue-LightCond; font-size: xx-small;\"><span style=\"font-family: HelveticaNeue-LightCond; font-size: small;\">Peso: 4,5 kg .<br \/>\nMedidas: (A) 180 mm x (L) 290 mm x (C) 160 mm<\/span><\/span><\/p>\n<\/div>\n<div><\/div>\n","protected":false},"excerpt":{"rendered":"<p>Bomba autoaspirante de palhetas, com v\u00e1lvula by-pass e filtro interno, para \u00f3leo diesel. Vaz\u00e3o livre . 60 L\/min Alimenta\u00e7\u00e3o . 220 V Entrada e sa\u00edda . \u00f8 1\u201d BSP \/ flangeado By-pass . 3 minutos Grau de prote\u00e7\u00e3o . IP55 Peso: 4,5 kg . Medidas: (A) 180 mm x (L) 290 mm x (C) 160 [&hellip;]<\/p>\n","protected":false},"featured_media":4718,"comment_status":"open","ping_status":"closed","template":"","meta":{"_exactmetrics_skip_tracking":false,"_exactmetrics_sitenote_active":false,"_exactmetrics_sitenote_note":"","_exactmetrics_sitenote_category":0},"product_brand":[],"product_cat":[96],"product_tag":[],"class_list":{"0":"post-4715","1":"product","2":"type-product","3":"status-publish","4":"has-post-thumbnail","6":"product_cat-bomba-de-transferencia-eletrica-e-bateria","8":"first","9":"instock","10":"shipping-taxable","11":"product-type-simple"},"_links":{"self":[{"href":"https:\/\/totallubri.com.br\/index.php?rest_route=\/wp\/v2\/product\/4715","targetHints":{"allow":["GET"]}}],"collection":[{"href":"https:\/\/totallubri.com.br\/index.php?rest_route=\/wp\/v2\/product"}],"about":[{"href":"https:\/\/totallubri.com.br\/index.php?rest_route=\/wp\/v2\/types\/product"}],"replies":[{"embeddable":true,"href":"https:\/\/totallubri.com.br\/index.php?rest_route=%2Fwp%2Fv2%2Fcomments&post=4715"}],"wp:featuredmedia":[{"embeddable":true,"href":"https:\/\/totallubri.com.br\/index.php?rest_route=\/wp\/v2\/media\/4718"}],"wp:attachment":[{"href":"https:\/\/totallubri.com.br\/index.php?rest_route=%2Fwp%2Fv2%2Fmedia&parent=4715"}],"wp:term":[{"taxonomy":"product_brand","embeddable":true,"href":"https:\/\/totallubri.com.br\/index.php?rest_route=%2Fwp%2Fv2%2Fproduct_brand&post=4715"},{"taxonomy":"product_cat","embeddable":true,"href":"https:\/\/totallubri.com.br\/index.php?rest_route=%2Fwp%2Fv2%2Fproduct_cat&post=4715"},{"taxonomy":"product_tag","embeddable":true,"href":"https:\/\/totallubri.com.br\/index.php?rest_route=%2Fwp%2Fv2%2Fproduct_tag&post=4715"}],"curies":[{"name":"wp","href":"https:\/\/api.w.org\/{rel}","templated":true}]}}