{"id":4717,"date":"2017-01-10T14:07:16","date_gmt":"2017-01-10T16:07:16","guid":{"rendered":"http:\/\/totallubri.com.br\/?post_type=product&#038;p=4717"},"modified":"2024-11-25T16:07:47","modified_gmt":"2024-11-25T19:07:47","slug":"carretel-eletrico-com-mangueira-3066-m30-coxreels","status":"publish","type":"product","link":"https:\/\/totallubri.com.br\/?product=carretel-eletrico-com-mangueira-3066-m30-coxreels","title":{"rendered":"Carretel El\u00e9trico com Mangueira &#8211; 3066-M30 &#8211; Coxreels"},"content":{"rendered":"<p>Em a\u00e7o, com base simples e retra\u00e7\u00e3o autom\u00e1tica atrav\u00e9s de motor el\u00e9trico. Montado com mangueira.<\/p>\n<p>Mangueira <strong>15 m \/ 1 1\/2&#8243;<br \/>\n<\/strong>Press\u00e3o m\u00e1xima de opera\u00e7\u00e3o <strong>600 PSI<\/strong><br \/>\nAlimenta\u00e7\u00e3o <strong>12 V<\/strong><\/p>\n<p>Peso <strong>42 kg<\/strong><br \/>\nMedidas <strong>(A) 635 mm x (L) 665 mm<\/strong><\/p>\n<p><strong>OPCIONAL:<\/strong> C\u00d3DIGO 3066<br \/>\nCarretel autom\u00e1tico sem mangueira<\/p>\n","protected":false},"excerpt":{"rendered":"<p>Em a\u00e7o, com base simples e retra\u00e7\u00e3o autom\u00e1tica atrav\u00e9s de motor el\u00e9trico. Montado com mangueira. Mangueira 15 m \/ 1 1\/2&#8243; Press\u00e3o m\u00e1xima de opera\u00e7\u00e3o 600 PSI Alimenta\u00e7\u00e3o 12 V Peso 42 kg Medidas (A) 635 mm x (L) 665 mm OPCIONAL: C\u00d3DIGO 3066 Carretel autom\u00e1tico sem mangueira<\/p>\n","protected":false},"featured_media":4719,"comment_status":"open","ping_status":"closed","template":"","meta":{"_exactmetrics_skip_tracking":false,"_exactmetrics_sitenote_active":false,"_exactmetrics_sitenote_note":"","_exactmetrics_sitenote_category":0},"product_brand":[],"product_cat":[101],"product_tag":[],"class_list":{"0":"post-4717","1":"product","2":"type-product","3":"status-publish","4":"has-post-thumbnail","6":"product_cat-carreteis-samoa-e-coxreels","8":"first","9":"instock","10":"shipping-taxable","11":"product-type-simple"},"_links":{"self":[{"href":"https:\/\/totallubri.com.br\/index.php?rest_route=\/wp\/v2\/product\/4717","targetHints":{"allow":["GET"]}}],"collection":[{"href":"https:\/\/totallubri.com.br\/index.php?rest_route=\/wp\/v2\/product"}],"about":[{"href":"https:\/\/totallubri.com.br\/index.php?rest_route=\/wp\/v2\/types\/product"}],"replies":[{"embeddable":true,"href":"https:\/\/totallubri.com.br\/index.php?rest_route=%2Fwp%2Fv2%2Fcomments&post=4717"}],"wp:featuredmedia":[{"embeddable":true,"href":"https:\/\/totallubri.com.br\/index.php?rest_route=\/wp\/v2\/media\/4719"}],"wp:attachment":[{"href":"https:\/\/totallubri.com.br\/index.php?rest_route=%2Fwp%2Fv2%2Fmedia&parent=4717"}],"wp:term":[{"taxonomy":"product_brand","embeddable":true,"href":"https:\/\/totallubri.com.br\/index.php?rest_route=%2Fwp%2Fv2%2Fproduct_brand&post=4717"},{"taxonomy":"product_cat","embeddable":true,"href":"https:\/\/totallubri.com.br\/index.php?rest_route=%2Fwp%2Fv2%2Fproduct_cat&post=4717"},{"taxonomy":"product_tag","embeddable":true,"href":"https:\/\/totallubri.com.br\/index.php?rest_route=%2Fwp%2Fv2%2Fproduct_tag&post=4717"}],"curies":[{"name":"wp","href":"https:\/\/api.w.org\/{rel}","templated":true}]}}