{"id":4720,"date":"2017-01-10T14:12:01","date_gmt":"2017-01-10T16:12:01","guid":{"rendered":"http:\/\/totallubri.com.br\/?post_type=product&#038;p=4720"},"modified":"2024-11-25T15:29:00","modified_gmt":"2024-11-25T18:29:00","slug":"carretel-eletrico-3066-coxreels","status":"publish","type":"product","link":"https:\/\/totallubri.com.br\/?product=carretel-eletrico-3066-coxreels","title":{"rendered":"Carretel El\u00e9trico \u2013 3066 \u2013 Coxreels"},"content":{"rendered":"<p>Em a\u00e7o, com base simples e retra\u00e7\u00e3o autom\u00e1tica atrav\u00e9s de motor el\u00e9trico.<\/p>\n<p>Sem mangueira.<\/p>\n<p>Capacidade . \u00a015 m \/ 0 1 1\/2&#8243;<\/p>\n<p>Alimenta\u00e7\u00e3o . 12v<\/p>\n<p>Press\u00e3o m\u00e1xima de trabalho . 600 PSI<\/p>\n<p>Peso: 42 kg<\/p>\n<p>Medidas: (A) 635 mm x (L) 665 mm<\/p>\n","protected":false},"excerpt":{"rendered":"<p>Em a\u00e7o, com base simples e retra\u00e7\u00e3o autom\u00e1tica atrav\u00e9s de motor el\u00e9trico. Sem mangueira. Capacidade . \u00a015 m \/ 0 1 1\/2&#8243; Alimenta\u00e7\u00e3o . 12v Press\u00e3o m\u00e1xima de trabalho . 600 PSI Peso: 42 kg Medidas: (A) 635 mm x (L) 665 mm<\/p>\n","protected":false},"featured_media":4724,"comment_status":"open","ping_status":"closed","template":"","meta":{"_exactmetrics_skip_tracking":false,"_exactmetrics_sitenote_active":false,"_exactmetrics_sitenote_note":"","_exactmetrics_sitenote_category":0},"product_brand":[],"product_cat":[101],"product_tag":[],"class_list":{"0":"post-4720","1":"product","2":"type-product","3":"status-publish","4":"has-post-thumbnail","6":"product_cat-carreteis-samoa-e-coxreels","8":"first","9":"instock","10":"shipping-taxable","11":"product-type-simple"},"_links":{"self":[{"href":"https:\/\/totallubri.com.br\/index.php?rest_route=\/wp\/v2\/product\/4720","targetHints":{"allow":["GET"]}}],"collection":[{"href":"https:\/\/totallubri.com.br\/index.php?rest_route=\/wp\/v2\/product"}],"about":[{"href":"https:\/\/totallubri.com.br\/index.php?rest_route=\/wp\/v2\/types\/product"}],"replies":[{"embeddable":true,"href":"https:\/\/totallubri.com.br\/index.php?rest_route=%2Fwp%2Fv2%2Fcomments&post=4720"}],"wp:featuredmedia":[{"embeddable":true,"href":"https:\/\/totallubri.com.br\/index.php?rest_route=\/wp\/v2\/media\/4724"}],"wp:attachment":[{"href":"https:\/\/totallubri.com.br\/index.php?rest_route=%2Fwp%2Fv2%2Fmedia&parent=4720"}],"wp:term":[{"taxonomy":"product_brand","embeddable":true,"href":"https:\/\/totallubri.com.br\/index.php?rest_route=%2Fwp%2Fv2%2Fproduct_brand&post=4720"},{"taxonomy":"product_cat","embeddable":true,"href":"https:\/\/totallubri.com.br\/index.php?rest_route=%2Fwp%2Fv2%2Fproduct_cat&post=4720"},{"taxonomy":"product_tag","embeddable":true,"href":"https:\/\/totallubri.com.br\/index.php?rest_route=%2Fwp%2Fv2%2Fproduct_tag&post=4720"}],"curies":[{"name":"wp","href":"https:\/\/api.w.org\/{rel}","templated":true}]}}