{"id":4726,"date":"2017-01-10T14:15:32","date_gmt":"2017-01-10T16:15:32","guid":{"rendered":"http:\/\/totallubri.com.br\/?post_type=product&#038;p=4726"},"modified":"2024-11-20T21:42:34","modified_gmt":"2024-11-21T00:42:34","slug":"bomba-de-palhetas-9180-lupus","status":"publish","type":"product","link":"https:\/\/totallubri.com.br\/?product=bomba-de-palhetas-9180-lupus","title":{"rendered":"Bomba de Palhetas &#8211; 9180 &#8211; LUPUS"},"content":{"rendered":"<p align=\"left\">Em alum\u00ednio, modelo flangeado, com separador de ar e filtro de entrada e sa\u00edda, para \u00f3leo diesel, gasolina, querosene e etanol.<\/p>\n<p align=\"left\"><span style=\"font-family: HelveticaNeue-LightCond;\">Vaz\u00e3o livre . <\/span><b><span style=\"font-family: HelveticaNeue-Bold;\">90 L\/min<br \/>\n<\/span><\/b><span style=\"font-family: HelveticaNeue-LightCond;\">Press\u00e3o de opera\u00e7\u00e3o <\/span><b><span style=\"font-family: HelveticaNeue-Bold;\">29 a 36 PSI<br \/>\n<\/span><\/b><span style=\"font-family: HelveticaNeue-LightCond;\">Entrada e sa\u00edda <\/span><span style=\"font-family: HelveticaNeue-Light;\">\u00f8 <\/span><b><span style=\"font-family: HelveticaNeue-Bold;\">1\u201d <\/span><\/b><span style=\"font-family: HelveticaNeue-UltraLight;\">\/ <\/span><b><span style=\"font-family: HelveticaNeue-Bold;\">fl angeado<br \/>\n<\/span><\/b><span style=\"font-family: HelveticaNeue-LightCond; font-size: xx-small;\"><span style=\"font-size: small;\">Peso: 17 kg<br \/>\n<\/span><span style=\"font-size: small;\">Medidas: (A) 320 mm x (L) 280 mm<\/span><\/span><\/p>\n","protected":false},"excerpt":{"rendered":"<p>Em alum\u00ednio, modelo flangeado, com separador de ar e filtro de entrada e sa\u00edda, para \u00f3leo diesel, gasolina, querosene e etanol. Vaz\u00e3o livre . 90 L\/min Press\u00e3o de opera\u00e7\u00e3o 29 a 36 PSI Entrada e sa\u00edda \u00f8 1\u201d \/ fl angeado Peso: 17 kg Medidas: (A) 320 mm x (L) 280 mm<\/p>\n","protected":false},"featured_media":4729,"comment_status":"open","ping_status":"closed","template":"","meta":{"_exactmetrics_skip_tracking":false,"_exactmetrics_sitenote_active":false,"_exactmetrics_sitenote_note":"","_exactmetrics_sitenote_category":0},"product_brand":[],"product_cat":[95],"product_tag":[],"class_list":{"0":"post-4726","1":"product","2":"type-product","3":"status-publish","4":"has-post-thumbnail","6":"product_cat-bomba-diafragma-palhetas-e-engrenagens","8":"first","9":"instock","10":"shipping-taxable","11":"product-type-simple"},"_links":{"self":[{"href":"https:\/\/totallubri.com.br\/index.php?rest_route=\/wp\/v2\/product\/4726","targetHints":{"allow":["GET"]}}],"collection":[{"href":"https:\/\/totallubri.com.br\/index.php?rest_route=\/wp\/v2\/product"}],"about":[{"href":"https:\/\/totallubri.com.br\/index.php?rest_route=\/wp\/v2\/types\/product"}],"replies":[{"embeddable":true,"href":"https:\/\/totallubri.com.br\/index.php?rest_route=%2Fwp%2Fv2%2Fcomments&post=4726"}],"wp:featuredmedia":[{"embeddable":true,"href":"https:\/\/totallubri.com.br\/index.php?rest_route=\/wp\/v2\/media\/4729"}],"wp:attachment":[{"href":"https:\/\/totallubri.com.br\/index.php?rest_route=%2Fwp%2Fv2%2Fmedia&parent=4726"}],"wp:term":[{"taxonomy":"product_brand","embeddable":true,"href":"https:\/\/totallubri.com.br\/index.php?rest_route=%2Fwp%2Fv2%2Fproduct_brand&post=4726"},{"taxonomy":"product_cat","embeddable":true,"href":"https:\/\/totallubri.com.br\/index.php?rest_route=%2Fwp%2Fv2%2Fproduct_cat&post=4726"},{"taxonomy":"product_tag","embeddable":true,"href":"https:\/\/totallubri.com.br\/index.php?rest_route=%2Fwp%2Fv2%2Fproduct_tag&post=4726"}],"curies":[{"name":"wp","href":"https:\/\/api.w.org\/{rel}","templated":true}]}}