{"id":4733,"date":"2017-01-10T14:18:42","date_gmt":"2017-01-10T16:18:42","guid":{"rendered":"http:\/\/totallubri.com.br\/?post_type=product&#038;p=4733"},"modified":"2025-02-27T10:43:03","modified_gmt":"2025-02-27T13:43:03","slug":"bico-manual-2100-kag-piusi","status":"publish","type":"product","link":"https:\/\/totallubri.com.br\/?product=bico-manual-2100-kag-piusi","title":{"rendered":"Bico Manual \u2013 2100-KAG \u2013 Piusi"},"content":{"rendered":"<p>Em acetal, com veda\u00e7\u00f5es em viton, para transfer\u00eancia por gravidade, com mangueira e adaptador.<\/p>\n<p>Peso: 2 kg<br \/>\nMedidas: (C) 1000 mm x (\u00d8) 3\/4<\/p>\n<p><strong>+ DETALHES SOBRE ESTE PRODUTO:<\/strong><\/p>\n<h2>Informa\u00e7\u00e3o adicional<\/h2>\n<table class=\"woocommerce-product-attributes shop_attributes\">\n<tbody>\n<tr class=\"woocommerce-product-attributes-item woocommerce-product-attributes-item--attribute_pa_material\">\n<th class=\"woocommerce-product-attributes-item__label\">Material<\/th>\n<td class=\"woocommerce-product-attributes-item__value\">Acetal \/ veda\u00e7\u00f5es em viton<\/td>\n<\/tr>\n<tr class=\"woocommerce-product-attributes-item woocommerce-product-attributes-item--attribute_pa_vazao-livre\">\n<th class=\"woocommerce-product-attributes-item__label\">Vaz\u00e3o livre<\/th>\n<td class=\"woocommerce-product-attributes-item__value\">80 L\/min<\/td>\n<\/tr>\n<tr class=\"woocommerce-product-attributes-item woocommerce-product-attributes-item--attribute_pa_ponteira\">\n<th class=\"woocommerce-product-attributes-item__label\">Ponteira<\/th>\n<td class=\"woocommerce-product-attributes-item__value\">\u00d8 1\/2&#8243;<\/td>\n<\/tr>\n<tr class=\"woocommerce-product-attributes-item woocommerce-product-attributes-item--attribute_pa_entrada\">\n<th class=\"woocommerce-product-attributes-item__label\">Entrada<\/th>\n<td class=\"woocommerce-product-attributes-item__value\">\u00d8 3\/4&#8243; (M) \/ com espig\u00e3o \u00d8 3\/4&#8243;<\/td>\n<\/tr>\n<tr class=\"woocommerce-product-attributes-item woocommerce-product-attributes-item--attribute_pa_pressao-maxima-de-trabalho\">\n<th class=\"woocommerce-product-attributes-item__label\">Press\u00e3o m\u00e1xima de trabalho<\/th>\n<td class=\"woocommerce-product-attributes-item__value\">50 psi<\/td>\n<\/tr>\n<tr class=\"woocommerce-product-attributes-item woocommerce-product-attributes-item--attribute_pa_adaptador\">\n<th class=\"woocommerce-product-attributes-item__label\">Adaptador<\/th>\n<td class=\"woocommerce-product-attributes-item__value\">girat\u00f3ria \u00d8 2&#8243; (F)<\/td>\n<\/tr>\n<tr class=\"woocommerce-product-attributes-item woocommerce-product-attributes-item--attribute_pa_mangueira\">\n<th class=\"woocommerce-product-attributes-item__label\">Mangueira<\/th>\n<td class=\"woocommerce-product-attributes-item__value\">transparente tramada \u00d8 3\/4&#8243;, comprimento linear 1 m<\/td>\n<\/tr>\n<\/tbody>\n<\/table>\n<p>&nbsp;<\/p>\n","protected":false},"excerpt":{"rendered":"<p>Em acetal, com veda\u00e7\u00f5es em viton, para transfer\u00eancia por gravidade, com mangueira e adaptador. Peso: 2 kg Medidas: (C) 1000 mm x (\u00d8) 3\/4 + DETALHES SOBRE ESTE PRODUTO: Informa\u00e7\u00e3o adicional Material Acetal \/ veda\u00e7\u00f5es em viton Vaz\u00e3o livre 80 L\/min Ponteira \u00d8 1\/2&#8243; Entrada \u00d8 3\/4&#8243; (M) \/ com espig\u00e3o \u00d8 3\/4&#8243; Press\u00e3o m\u00e1xima [&hellip;]<\/p>\n","protected":false},"featured_media":4736,"comment_status":"open","ping_status":"closed","template":"","meta":{"_exactmetrics_skip_tracking":false,"_exactmetrics_sitenote_active":false,"_exactmetrics_sitenote_note":"","_exactmetrics_sitenote_category":0},"product_brand":[],"product_cat":[106],"product_tag":[],"class_list":{"0":"post-4733","1":"product","2":"type-product","3":"status-publish","4":"has-post-thumbnail","6":"product_cat-bico-de-abastecimento-para-combustiveis","8":"first","9":"instock","10":"shipping-taxable","11":"product-type-simple"},"_links":{"self":[{"href":"https:\/\/totallubri.com.br\/index.php?rest_route=\/wp\/v2\/product\/4733","targetHints":{"allow":["GET"]}}],"collection":[{"href":"https:\/\/totallubri.com.br\/index.php?rest_route=\/wp\/v2\/product"}],"about":[{"href":"https:\/\/totallubri.com.br\/index.php?rest_route=\/wp\/v2\/types\/product"}],"replies":[{"embeddable":true,"href":"https:\/\/totallubri.com.br\/index.php?rest_route=%2Fwp%2Fv2%2Fcomments&post=4733"}],"wp:featuredmedia":[{"embeddable":true,"href":"https:\/\/totallubri.com.br\/index.php?rest_route=\/wp\/v2\/media\/4736"}],"wp:attachment":[{"href":"https:\/\/totallubri.com.br\/index.php?rest_route=%2Fwp%2Fv2%2Fmedia&parent=4733"}],"wp:term":[{"taxonomy":"product_brand","embeddable":true,"href":"https:\/\/totallubri.com.br\/index.php?rest_route=%2Fwp%2Fv2%2Fproduct_brand&post=4733"},{"taxonomy":"product_cat","embeddable":true,"href":"https:\/\/totallubri.com.br\/index.php?rest_route=%2Fwp%2Fv2%2Fproduct_cat&post=4733"},{"taxonomy":"product_tag","embeddable":true,"href":"https:\/\/totallubri.com.br\/index.php?rest_route=%2Fwp%2Fv2%2Fproduct_tag&post=4733"}],"curies":[{"name":"wp","href":"https:\/\/api.w.org\/{rel}","templated":true}]}}