{"id":4737,"date":"2017-01-10T14:20:13","date_gmt":"2017-01-10T16:20:13","guid":{"rendered":"http:\/\/totallubri.com.br\/?post_type=product&#038;p=4737"},"modified":"2025-02-27T10:32:37","modified_gmt":"2025-02-27T13:32:37","slug":"bico-automatico-magnetico-2100-arm-piusi","status":"publish","type":"product","link":"https:\/\/totallubri.com.br\/?product=bico-automatico-magnetico-2100-arm-piusi","title":{"rendered":"Bico Autom\u00e1tico Magn\u00e9tico \u2013 2100-ARM \u2013 Piusi"},"content":{"rendered":"<p>Em acetal, com vegeta\u00e7\u00f5es em viton, com capa de prote\u00e7\u00e3o, espig\u00e3o e ponteira com sistema magn\u00e9tico para libera\u00e7\u00e3o do abastecimento.<\/p>\n<p>Peso <strong>641 g<br \/>\n<\/strong>Medidas<strong> (A) 430 mm x (L) 130 mm<\/strong><\/p>\n<p>+DETALHES SOBRE ESTE PRODUTO:<\/p>\n<h2>Informa\u00e7\u00e3o adicional<\/h2>\n<table class=\"woocommerce-product-attributes shop_attributes\">\n<tbody>\n<tr class=\"woocommerce-product-attributes-item woocommerce-product-attributes-item--attribute_pa_vazao-livre\">\n<th class=\"woocommerce-product-attributes-item__label\">Vaz\u00e3o livre<\/th>\n<td class=\"woocommerce-product-attributes-item__value\">30 L\/min<\/td>\n<\/tr>\n<tr class=\"woocommerce-product-attributes-item woocommerce-product-attributes-item--attribute_pa_ponteira\">\n<th class=\"woocommerce-product-attributes-item__label\">Ponteira<\/th>\n<td class=\"woocommerce-product-attributes-item__value\">\u00d8 1\/2&#8243;<\/td>\n<\/tr>\n<tr class=\"woocommerce-product-attributes-item woocommerce-product-attributes-item--attribute_pa_entrada\">\n<th class=\"woocommerce-product-attributes-item__label\">Entrada<\/th>\n<td class=\"woocommerce-product-attributes-item__value\">\u00d8 1&#8243; BSP (M) \/ espig\u00e3o \u00d8 3\/4&#8243;<\/td>\n<\/tr>\n<tr class=\"woocommerce-product-attributes-item woocommerce-product-attributes-item--attribute_pa_pressao-maxima-de-trabalho\">\n<th class=\"woocommerce-product-attributes-item__label\">Press\u00e3o m\u00e1xima de trabalho<\/th>\n<td class=\"woocommerce-product-attributes-item__value\">50 psi<\/td>\n<\/tr>\n<tr class=\"woocommerce-product-attributes-item woocommerce-product-attributes-item--attribute_pa_adaptavel\">\n<th class=\"woocommerce-product-attributes-item__label\">Adapt\u00e1vel<\/th>\n<td class=\"woocommerce-product-attributes-item__value\">conector 9932<\/td>\n<\/tr>\n<\/tbody>\n<\/table>\n","protected":false},"excerpt":{"rendered":"<p>Em acetal, com vegeta\u00e7\u00f5es em viton, com capa de prote\u00e7\u00e3o, espig\u00e3o e ponteira com sistema magn\u00e9tico para libera\u00e7\u00e3o do abastecimento. Peso 641 g Medidas (A) 430 mm x (L) 130 mm +DETALHES SOBRE ESTE PRODUTO: Informa\u00e7\u00e3o adicional Vaz\u00e3o livre 30 L\/min Ponteira \u00d8 1\/2&#8243; Entrada \u00d8 1&#8243; BSP (M) \/ espig\u00e3o \u00d8 3\/4&#8243; Press\u00e3o m\u00e1xima [&hellip;]<\/p>\n","protected":false},"featured_media":14945,"comment_status":"open","ping_status":"closed","template":"","meta":{"_exactmetrics_skip_tracking":false,"_exactmetrics_sitenote_active":false,"_exactmetrics_sitenote_note":"","_exactmetrics_sitenote_category":0},"product_brand":[],"product_cat":[106],"product_tag":[],"class_list":{"0":"post-4737","1":"product","2":"type-product","3":"status-publish","4":"has-post-thumbnail","6":"product_cat-bico-de-abastecimento-para-combustiveis","8":"first","9":"instock","10":"shipping-taxable","11":"product-type-simple"},"_links":{"self":[{"href":"https:\/\/totallubri.com.br\/index.php?rest_route=\/wp\/v2\/product\/4737","targetHints":{"allow":["GET"]}}],"collection":[{"href":"https:\/\/totallubri.com.br\/index.php?rest_route=\/wp\/v2\/product"}],"about":[{"href":"https:\/\/totallubri.com.br\/index.php?rest_route=\/wp\/v2\/types\/product"}],"replies":[{"embeddable":true,"href":"https:\/\/totallubri.com.br\/index.php?rest_route=%2Fwp%2Fv2%2Fcomments&post=4737"}],"wp:featuredmedia":[{"embeddable":true,"href":"https:\/\/totallubri.com.br\/index.php?rest_route=\/wp\/v2\/media\/14945"}],"wp:attachment":[{"href":"https:\/\/totallubri.com.br\/index.php?rest_route=%2Fwp%2Fv2%2Fmedia&parent=4737"}],"wp:term":[{"taxonomy":"product_brand","embeddable":true,"href":"https:\/\/totallubri.com.br\/index.php?rest_route=%2Fwp%2Fv2%2Fproduct_brand&post=4737"},{"taxonomy":"product_cat","embeddable":true,"href":"https:\/\/totallubri.com.br\/index.php?rest_route=%2Fwp%2Fv2%2Fproduct_cat&post=4737"},{"taxonomy":"product_tag","embeddable":true,"href":"https:\/\/totallubri.com.br\/index.php?rest_route=%2Fwp%2Fv2%2Fproduct_tag&post=4737"}],"curies":[{"name":"wp","href":"https:\/\/api.w.org\/{rel}","templated":true}]}}