{"id":4747,"date":"2017-01-10T14:26:08","date_gmt":"2017-01-10T16:26:08","guid":{"rendered":"http:\/\/totallubri.com.br\/?post_type=product&#038;p=4747"},"modified":"2024-12-01T12:20:30","modified_gmt":"2024-12-01T15:20:30","slug":"medidor-de-pulso-2102-p-piusi","status":"publish","type":"product","link":"https:\/\/totallubri.com.br\/?product=medidor-de-pulso-2102-p-piusi","title":{"rendered":"Medidor de Pulso &#8211; 2102-P &#8211; Piusi"},"content":{"rendered":"<p>Em acetal<\/p>\n<p>Vaz\u00e3o livre de <strong>10 a 100 L\/MIN<br \/>\n<\/strong>Press\u00e3o m\u00e1xima de opera\u00e7\u00e3o <strong>140 PSI<br \/>\n<\/strong>Entrada e sa\u00edda <strong>1&#8243; BSP<\/strong><br \/>\nPrecis\u00e3o <strong>1%<\/strong><br \/>\nSistema de medi\u00e7\u00e3o <strong>turbinas<\/strong><br \/>\nPPL <strong>88<br \/>\n<\/strong><br \/>\nPeso <strong>400 g<\/strong><br \/>\nMedidas <strong>(A) 75 mm x (L) 100 mm<\/strong><\/p>\n","protected":false},"excerpt":{"rendered":"<p>Em acetal Vaz\u00e3o livre de 10 a 100 L\/MIN Press\u00e3o m\u00e1xima de opera\u00e7\u00e3o 140 PSI Entrada e sa\u00edda 1&#8243; BSP Precis\u00e3o 1% Sistema de medi\u00e7\u00e3o turbinas PPL 88 Peso 400 g Medidas (A) 75 mm x (L) 100 mm<\/p>\n","protected":false},"featured_media":4749,"comment_status":"open","ping_status":"closed","template":"","meta":{"_exactmetrics_skip_tracking":false,"_exactmetrics_sitenote_active":false,"_exactmetrics_sitenote_note":"","_exactmetrics_sitenote_category":0},"product_brand":[],"product_cat":[109],"product_tag":[],"class_list":{"0":"post-4747","1":"product","2":"type-product","3":"status-publish","4":"has-post-thumbnail","6":"product_cat-medidor-mecanico","8":"first","9":"instock","10":"shipping-taxable","11":"product-type-simple"},"_links":{"self":[{"href":"https:\/\/totallubri.com.br\/index.php?rest_route=\/wp\/v2\/product\/4747","targetHints":{"allow":["GET"]}}],"collection":[{"href":"https:\/\/totallubri.com.br\/index.php?rest_route=\/wp\/v2\/product"}],"about":[{"href":"https:\/\/totallubri.com.br\/index.php?rest_route=\/wp\/v2\/types\/product"}],"replies":[{"embeddable":true,"href":"https:\/\/totallubri.com.br\/index.php?rest_route=%2Fwp%2Fv2%2Fcomments&post=4747"}],"wp:featuredmedia":[{"embeddable":true,"href":"https:\/\/totallubri.com.br\/index.php?rest_route=\/wp\/v2\/media\/4749"}],"wp:attachment":[{"href":"https:\/\/totallubri.com.br\/index.php?rest_route=%2Fwp%2Fv2%2Fmedia&parent=4747"}],"wp:term":[{"taxonomy":"product_brand","embeddable":true,"href":"https:\/\/totallubri.com.br\/index.php?rest_route=%2Fwp%2Fv2%2Fproduct_brand&post=4747"},{"taxonomy":"product_cat","embeddable":true,"href":"https:\/\/totallubri.com.br\/index.php?rest_route=%2Fwp%2Fv2%2Fproduct_cat&post=4747"},{"taxonomy":"product_tag","embeddable":true,"href":"https:\/\/totallubri.com.br\/index.php?rest_route=%2Fwp%2Fv2%2Fproduct_tag&post=4747"}],"curies":[{"name":"wp","href":"https:\/\/api.w.org\/{rel}","templated":true}]}}