{"id":4753,"date":"2017-01-10T14:29:06","date_gmt":"2017-01-10T16:29:06","guid":{"rendered":"http:\/\/totallubri.com.br\/?post_type=product&#038;p=4753"},"modified":"2024-11-30T18:32:04","modified_gmt":"2024-11-30T21:32:04","slug":"medidor-digital-com-bico-de-abastecimento-magnetico-2100-ark-piusi","status":"publish","type":"product","link":"https:\/\/totallubri.com.br\/?product=medidor-digital-com-bico-de-abastecimento-magnetico-2100-ark-piusi","title":{"rendered":"Medidor Digital com Bico de Abastecimento Magn\u00e9tico &#8211; 2100-ARK &#8211; Piusi"},"content":{"rendered":"<p>Em acetal, com veda\u00e7\u00f5es em viton, bico prolongado com sistema magn\u00e9tico para libera\u00e7\u00e3o do abastecimento e capa de prote\u00e7\u00e3o.<\/p>\n<p>Vaz\u00e3o livre\u00a0de <strong>30 L\/MIN<\/strong><br \/>\nBico prolongado <strong>1\/2&#8243;<br \/>\n<\/strong>Entrada <strong>1&#8243;<\/strong><br \/>\nPress\u00e3o m\u00e1xima de trabalho <strong>1000 PSI<\/strong><br \/>\nPrecis\u00e3o <strong>0,5%<\/strong><\/p>\n<p>Peso <strong>840 g<br \/>\n<\/strong>Medidas <strong>(A) 440 mm x (L) 78 mm<\/strong><\/p>\n","protected":false},"excerpt":{"rendered":"<p>Em acetal, com veda\u00e7\u00f5es em viton, bico prolongado com sistema magn\u00e9tico para libera\u00e7\u00e3o do abastecimento e capa de prote\u00e7\u00e3o. Vaz\u00e3o livre\u00a0de 30 L\/MIN Bico prolongado 1\/2&#8243; Entrada 1&#8243; Press\u00e3o m\u00e1xima de trabalho 1000 PSI Precis\u00e3o 0,5% Peso 840 g Medidas (A) 440 mm x (L) 78 mm<\/p>\n","protected":false},"featured_media":4755,"comment_status":"open","ping_status":"closed","template":"","meta":{"_exactmetrics_skip_tracking":false,"_exactmetrics_sitenote_active":false,"_exactmetrics_sitenote_note":"","_exactmetrics_sitenote_category":0},"product_brand":[],"product_cat":[108],"product_tag":[],"class_list":{"0":"post-4753","1":"product","2":"type-product","3":"status-publish","4":"has-post-thumbnail","6":"product_cat-medidor-digital","8":"first","9":"instock","10":"shipping-taxable","11":"product-type-simple"},"_links":{"self":[{"href":"https:\/\/totallubri.com.br\/index.php?rest_route=\/wp\/v2\/product\/4753","targetHints":{"allow":["GET"]}}],"collection":[{"href":"https:\/\/totallubri.com.br\/index.php?rest_route=\/wp\/v2\/product"}],"about":[{"href":"https:\/\/totallubri.com.br\/index.php?rest_route=\/wp\/v2\/types\/product"}],"replies":[{"embeddable":true,"href":"https:\/\/totallubri.com.br\/index.php?rest_route=%2Fwp%2Fv2%2Fcomments&post=4753"}],"wp:featuredmedia":[{"embeddable":true,"href":"https:\/\/totallubri.com.br\/index.php?rest_route=\/wp\/v2\/media\/4755"}],"wp:attachment":[{"href":"https:\/\/totallubri.com.br\/index.php?rest_route=%2Fwp%2Fv2%2Fmedia&parent=4753"}],"wp:term":[{"taxonomy":"product_brand","embeddable":true,"href":"https:\/\/totallubri.com.br\/index.php?rest_route=%2Fwp%2Fv2%2Fproduct_brand&post=4753"},{"taxonomy":"product_cat","embeddable":true,"href":"https:\/\/totallubri.com.br\/index.php?rest_route=%2Fwp%2Fv2%2Fproduct_cat&post=4753"},{"taxonomy":"product_tag","embeddable":true,"href":"https:\/\/totallubri.com.br\/index.php?rest_route=%2Fwp%2Fv2%2Fproduct_tag&post=4753"}],"curies":[{"name":"wp","href":"https:\/\/api.w.org\/{rel}","templated":true}]}}