{"id":4779,"date":"2017-01-10T14:56:02","date_gmt":"2017-01-10T16:56:02","guid":{"rendered":"http:\/\/totallubri.com.br\/?post_type=product&#038;p=4779"},"modified":"2025-03-18T11:42:38","modified_gmt":"2025-03-18T14:42:38","slug":"mangueira-para-abastecimento-34-2100-ar05-lupus","status":"publish","type":"product","link":"https:\/\/totallubri.com.br\/?product=mangueira-para-abastecimento-34-2100-ar05-lupus","title":{"rendered":"Mangueira para Abastecimento 3\/4\u201d \u2013 2100-AR05 \u2013 Lupus"},"content":{"rendered":"<h2>Descri\u00e7\u00e3o<\/h2>\n<p>Em EPDM, com trama de nylon, montada com terminais e abra\u00e7adeiras.<\/p>\n<h2>Informa\u00e7\u00e3o adicional<\/h2>\n<table class=\"woocommerce-product-attributes shop_attributes\">\n<tbody>\n<tr class=\"woocommerce-product-attributes-item woocommerce-product-attributes-item--attribute_pa_comprimento-linear\">\n<th class=\"woocommerce-product-attributes-item__label\">Comprimento linear<\/th>\n<td class=\"woocommerce-product-attributes-item__value\">5 m<\/td>\n<\/tr>\n<tr class=\"woocommerce-product-attributes-item woocommerce-product-attributes-item--attribute_pa_pressao-de-trabalho\">\n<th class=\"woocommerce-product-attributes-item__label\">Press\u00e3o de trabalho<\/th>\n<td class=\"woocommerce-product-attributes-item__value\">260 psi<\/td>\n<\/tr>\n<tr class=\"woocommerce-product-attributes-item woocommerce-product-attributes-item--attribute_pa_terminais\">\n<th class=\"woocommerce-product-attributes-item__label\">Terminais<\/th>\n<td class=\"woocommerce-product-attributes-item__value\">\u00d8 3\/4\u201d BSP \/ acetal (F), \u00d8 3\/4\u201d NPT \/ inox (M)<\/td>\n<\/tr>\n<\/tbody>\n<\/table>\n<p>Peso: 3,1 Kg &#8211;\u00a0Medidas:\u00a0<span class=\"fontstyle0\">\u00d8 3\/4\u201d<\/span><\/p>\n<p>+ DETALHES SOBRE ESTE PRODUTO:<\/p>\n<table width=\"938\">\n<tbody>\n<tr>\n<td width=\"96\"><\/td>\n<td width=\"249\"><\/td>\n<td width=\"120\">\u00a0COMP.<\/td>\n<td width=\"87\"><\/td>\n<td width=\"386\"><\/td>\n<\/tr>\n<tr>\n<td>CODIGO<\/td>\n<td>\u00a0DESCRI\u00c7\u00c3O<\/td>\n<td>\u00a0LINEAR<\/td>\n<td>\u00a0PRESSAO<\/td>\n<td>\u00a0TERMINAIS<\/td>\n<\/tr>\n<tr>\n<td>2100-AR05<\/td>\n<td>\u00a0MANGUEIRA P\/ABASTECIMENTO<\/td>\n<td>5<\/td>\n<td>260PSI<\/td>\n<td>\u00d8 3\/4\u201d BSP \/ acetal (F), \u00d8 3\/4\u201d NPT \/ inox (M)<\/td>\n<\/tr>\n<tr>\n<td>2100-AR10<\/td>\n<td>\u00a0MANGUEIRA P\/ABASTECIMENTO<\/td>\n<td>10<\/td>\n<td>260PSI<\/td>\n<td width=\"386\">\u00d8 3\/4\u201d BSP \/ acetal (F), \u00d8 3\/4\u201d NPT \/ inox (M)<\/td>\n<\/tr>\n<tr>\n<td>2100-AR15<\/td>\n<td>\u00a0MANGUEIRA P\/ABASTECIMENTO<\/td>\n<td width=\"120\">15<\/td>\n<td>260PSI<\/td>\n<td width=\"386\">\u00d8 3\/4\u201d BSP \/ acetal (F), \u00d8 3\/4\u201d NPT \/ inox (M)<\/td>\n<\/tr>\n<tr>\n<td>2100-AR20<\/td>\n<td>\u00a0MANGUEIRA P\/ABASTECIMENTO<\/td>\n<td width=\"120\">20<\/td>\n<td>260PSI<\/td>\n<td>\u00d8 3\/4\u201d BSP \/ acetal (F), \u00d8 3\/4\u201d NPT \/ inox (M)<\/td>\n<\/tr>\n<tr>\n<td>2100-AR25<\/td>\n<td>\u00a0MANGUEIRA P\/ABASTECIMENTO<\/td>\n<td width=\"120\">25<\/td>\n<td>260PSI<\/td>\n<td width=\"386\">\u00d8 3\/4\u201d BSP \/ acetal (F), \u00d8 3\/4\u201d NPT \/ inox (M)<\/td>\n<\/tr>\n<tr>\n<td>2100-AR30<\/td>\n<td>\u00a0MANGUEIRA P\/ABASTECIMENTO<\/td>\n<td width=\"120\">30<\/td>\n<td>260PSI<\/td>\n<td width=\"386\">\u00d8 3\/4\u201d BSP \/ acetal (F), \u00d8 3\/4\u201d NPT \/ inox (M)<\/td>\n<\/tr>\n<\/tbody>\n<\/table>\n","protected":false},"excerpt":{"rendered":"<p>Descri\u00e7\u00e3o Em EPDM, com trama de nylon, montada com terminais e abra\u00e7adeiras. Informa\u00e7\u00e3o adicional Comprimento linear 5 m Press\u00e3o de trabalho 260 psi Terminais \u00d8 3\/4\u201d BSP \/ acetal (F), \u00d8 3\/4\u201d NPT \/ inox (M) Peso: 3,1 Kg &#8211;\u00a0Medidas:\u00a0\u00d8 3\/4\u201d + DETALHES SOBRE ESTE PRODUTO: \u00a0COMP. CODIGO \u00a0DESCRI\u00c7\u00c3O \u00a0LINEAR \u00a0PRESSAO \u00a0TERMINAIS 2100-AR05 \u00a0MANGUEIRA P\/ABASTECIMENTO [&hellip;]<\/p>\n","protected":false},"featured_media":4780,"comment_status":"open","ping_status":"closed","template":"","meta":{"_exactmetrics_skip_tracking":false,"_exactmetrics_sitenote_active":false,"_exactmetrics_sitenote_note":"","_exactmetrics_sitenote_category":0},"product_brand":[],"product_cat":[97],"product_tag":[],"class_list":{"0":"post-4779","1":"product","2":"type-product","3":"status-publish","4":"has-post-thumbnail","6":"product_cat-mangueiras-terminais-e-acessorios-para-mangueiras","8":"first","9":"instock","10":"shipping-taxable","11":"product-type-simple"},"_links":{"self":[{"href":"https:\/\/totallubri.com.br\/index.php?rest_route=\/wp\/v2\/product\/4779","targetHints":{"allow":["GET"]}}],"collection":[{"href":"https:\/\/totallubri.com.br\/index.php?rest_route=\/wp\/v2\/product"}],"about":[{"href":"https:\/\/totallubri.com.br\/index.php?rest_route=\/wp\/v2\/types\/product"}],"replies":[{"embeddable":true,"href":"https:\/\/totallubri.com.br\/index.php?rest_route=%2Fwp%2Fv2%2Fcomments&post=4779"}],"wp:featuredmedia":[{"embeddable":true,"href":"https:\/\/totallubri.com.br\/index.php?rest_route=\/wp\/v2\/media\/4780"}],"wp:attachment":[{"href":"https:\/\/totallubri.com.br\/index.php?rest_route=%2Fwp%2Fv2%2Fmedia&parent=4779"}],"wp:term":[{"taxonomy":"product_brand","embeddable":true,"href":"https:\/\/totallubri.com.br\/index.php?rest_route=%2Fwp%2Fv2%2Fproduct_brand&post=4779"},{"taxonomy":"product_cat","embeddable":true,"href":"https:\/\/totallubri.com.br\/index.php?rest_route=%2Fwp%2Fv2%2Fproduct_cat&post=4779"},{"taxonomy":"product_tag","embeddable":true,"href":"https:\/\/totallubri.com.br\/index.php?rest_route=%2Fwp%2Fv2%2Fproduct_tag&post=4779"}],"curies":[{"name":"wp","href":"https:\/\/api.w.org\/{rel}","templated":true}]}}