{"id":4815,"date":"2017-01-10T15:30:57","date_gmt":"2017-01-10T17:30:57","guid":{"rendered":"http:\/\/totallubri.com.br\/?post_type=product&#038;p=4815"},"modified":"2024-12-20T16:45:37","modified_gmt":"2024-12-20T19:45:37","slug":"valvula-de-abastecimento-selado-para-mangueira-5040-lupus","status":"publish","type":"product","link":"https:\/\/totallubri.com.br\/?product=valvula-de-abastecimento-selado-para-mangueira-5040-lupus","title":{"rendered":"V\u00c1LVULA DE ABASTECIMENTO SELADO PARA MANGUEIRA \u2013 5040 \u2013 Piusi"},"content":{"rendered":"<p>Em polipropileno, com veda\u00e7\u00f5es em viton, para succionar o flu\u00eddo, com conector r\u00e1pido e espig\u00e3o para conectar mangueira 3\/4&#8242;.<\/p>\n<p>Conector r\u00e1pido <strong>2&#8242;<\/strong><\/p>\n<p>Peso <strong>95g<\/strong><\/p>\n","protected":false},"excerpt":{"rendered":"<p>Em polipropileno, com veda\u00e7\u00f5es em viton, para succionar o flu\u00eddo, com conector r\u00e1pido e espig\u00e3o para conectar mangueira 3\/4&#8242;. Conector r\u00e1pido 2&#8242; Peso 95g<\/p>\n","protected":false},"featured_media":4816,"comment_status":"open","ping_status":"closed","template":"","meta":{"_exactmetrics_skip_tracking":false,"_exactmetrics_sitenote_active":false,"_exactmetrics_sitenote_note":"","_exactmetrics_sitenote_category":0},"product_brand":[],"product_cat":[105],"product_tag":[],"class_list":{"0":"post-4815","1":"product","2":"type-product","3":"status-publish","4":"has-post-thumbnail","6":"product_cat-acessorios-para-ibc","8":"first","9":"instock","10":"shipping-taxable","11":"product-type-simple"},"_links":{"self":[{"href":"https:\/\/totallubri.com.br\/index.php?rest_route=\/wp\/v2\/product\/4815","targetHints":{"allow":["GET"]}}],"collection":[{"href":"https:\/\/totallubri.com.br\/index.php?rest_route=\/wp\/v2\/product"}],"about":[{"href":"https:\/\/totallubri.com.br\/index.php?rest_route=\/wp\/v2\/types\/product"}],"replies":[{"embeddable":true,"href":"https:\/\/totallubri.com.br\/index.php?rest_route=%2Fwp%2Fv2%2Fcomments&post=4815"}],"wp:featuredmedia":[{"embeddable":true,"href":"https:\/\/totallubri.com.br\/index.php?rest_route=\/wp\/v2\/media\/4816"}],"wp:attachment":[{"href":"https:\/\/totallubri.com.br\/index.php?rest_route=%2Fwp%2Fv2%2Fmedia&parent=4815"}],"wp:term":[{"taxonomy":"product_brand","embeddable":true,"href":"https:\/\/totallubri.com.br\/index.php?rest_route=%2Fwp%2Fv2%2Fproduct_brand&post=4815"},{"taxonomy":"product_cat","embeddable":true,"href":"https:\/\/totallubri.com.br\/index.php?rest_route=%2Fwp%2Fv2%2Fproduct_cat&post=4815"},{"taxonomy":"product_tag","embeddable":true,"href":"https:\/\/totallubri.com.br\/index.php?rest_route=%2Fwp%2Fv2%2Fproduct_tag&post=4815"}],"curies":[{"name":"wp","href":"https:\/\/api.w.org\/{rel}","templated":true}]}}