{"id":4825,"date":"2017-01-10T15:39:19","date_gmt":"2017-01-10T17:39:19","guid":{"rendered":"http:\/\/totallubri.com.br\/?post_type=product&#038;p=4825"},"modified":"2024-12-20T16:25:23","modified_gmt":"2024-12-20T19:25:23","slug":"conjunto-de-succao-para-ibc-9924-piusi","status":"publish","type":"product","link":"https:\/\/totallubri.com.br\/?product=conjunto-de-succao-para-ibc-9924-piusi","title":{"rendered":"Conjunto de Suc\u00e7\u00e3o para IBC &#8211; 9924 &#8211; Piusi"},"content":{"rendered":"<p>Em polipropileno, com adaptador, espig\u00f5es e abra\u00e7adeiras.<\/p>\n<p>Adaptador (rosca) <strong>2&#8243;<br \/>\n<\/strong>Mangueira <strong>1,5m \/ 3\/4&#8243;<br \/>\ntramada com v\u00e1lvula de reten\u00e7\u00e3o<\/strong><\/p>\n<p>Peso <strong>950g<\/strong><\/p>\n","protected":false},"excerpt":{"rendered":"<p>Em polipropileno, com adaptador, espig\u00f5es e abra\u00e7adeiras. Adaptador (rosca) 2&#8243; Mangueira 1,5m \/ 3\/4&#8243; tramada com v\u00e1lvula de reten\u00e7\u00e3o Peso 950g<\/p>\n","protected":false},"featured_media":4826,"comment_status":"open","ping_status":"closed","template":"","meta":{"_exactmetrics_skip_tracking":false,"_exactmetrics_sitenote_active":false,"_exactmetrics_sitenote_note":"","_exactmetrics_sitenote_category":0},"product_brand":[],"product_cat":[105],"product_tag":[],"class_list":{"0":"post-4825","1":"product","2":"type-product","3":"status-publish","4":"has-post-thumbnail","6":"product_cat-acessorios-para-ibc","8":"first","9":"instock","10":"shipping-taxable","11":"product-type-simple"},"_links":{"self":[{"href":"https:\/\/totallubri.com.br\/index.php?rest_route=\/wp\/v2\/product\/4825","targetHints":{"allow":["GET"]}}],"collection":[{"href":"https:\/\/totallubri.com.br\/index.php?rest_route=\/wp\/v2\/product"}],"about":[{"href":"https:\/\/totallubri.com.br\/index.php?rest_route=\/wp\/v2\/types\/product"}],"replies":[{"embeddable":true,"href":"https:\/\/totallubri.com.br\/index.php?rest_route=%2Fwp%2Fv2%2Fcomments&post=4825"}],"wp:featuredmedia":[{"embeddable":true,"href":"https:\/\/totallubri.com.br\/index.php?rest_route=\/wp\/v2\/media\/4826"}],"wp:attachment":[{"href":"https:\/\/totallubri.com.br\/index.php?rest_route=%2Fwp%2Fv2%2Fmedia&parent=4825"}],"wp:term":[{"taxonomy":"product_brand","embeddable":true,"href":"https:\/\/totallubri.com.br\/index.php?rest_route=%2Fwp%2Fv2%2Fproduct_brand&post=4825"},{"taxonomy":"product_cat","embeddable":true,"href":"https:\/\/totallubri.com.br\/index.php?rest_route=%2Fwp%2Fv2%2Fproduct_cat&post=4825"},{"taxonomy":"product_tag","embeddable":true,"href":"https:\/\/totallubri.com.br\/index.php?rest_route=%2Fwp%2Fv2%2Fproduct_tag&post=4825"}],"curies":[{"name":"wp","href":"https:\/\/api.w.org\/{rel}","templated":true}]}}