{"id":4827,"date":"2017-01-10T15:41:25","date_gmt":"2017-01-10T17:41:25","guid":{"rendered":"http:\/\/totallubri.com.br\/?post_type=product&#038;p=4827"},"modified":"2024-12-20T16:23:05","modified_gmt":"2024-12-20T19:23:05","slug":"conjunto-de-succao-para-ibc-9928-micro-matic","status":"publish","type":"product","link":"https:\/\/totallubri.com.br\/?product=conjunto-de-succao-para-ibc-9928-micro-matic","title":{"rendered":"Conjunto de Suc\u00e7\u00e3o para IBC \u2013 9928 \u2013 Micro Matic-LUPUS"},"content":{"rendered":"<p>V\u00e1lvula selada em a\u00e7o inoxid\u00e1vel, tubo em polipropileno com flex\u00edvel, adapt\u00e1vel \u00e0 v\u00e1lvula de suc\u00e7\u00e3o 9927, com veda\u00e7\u00f5es em viton e v\u00e1lvula de seguran\u00e7a.<\/p>\n<p>V\u00e1lvula de seguran\u00e7a <strong>1&#8243;<\/strong><\/p>\n<p>Peso <strong>405g<\/strong><br \/>\nMedidas <strong>(A) 560 mm x (L) 60 mm<\/strong><\/p>\n","protected":false},"excerpt":{"rendered":"<p>V\u00e1lvula selada em a\u00e7o inoxid\u00e1vel, tubo em polipropileno com flex\u00edvel, adapt\u00e1vel \u00e0 v\u00e1lvula de suc\u00e7\u00e3o 9927, com veda\u00e7\u00f5es em viton e v\u00e1lvula de seguran\u00e7a. V\u00e1lvula de seguran\u00e7a 1&#8243; Peso 405g Medidas (A) 560 mm x (L) 60 mm<\/p>\n","protected":false},"featured_media":4828,"comment_status":"open","ping_status":"closed","template":"","meta":{"_exactmetrics_skip_tracking":false,"_exactmetrics_sitenote_active":false,"_exactmetrics_sitenote_note":"","_exactmetrics_sitenote_category":0},"product_brand":[],"product_cat":[105],"product_tag":[],"class_list":{"0":"post-4827","1":"product","2":"type-product","3":"status-publish","4":"has-post-thumbnail","6":"product_cat-acessorios-para-ibc","8":"first","9":"instock","10":"shipping-taxable","11":"product-type-simple"},"_links":{"self":[{"href":"https:\/\/totallubri.com.br\/index.php?rest_route=\/wp\/v2\/product\/4827","targetHints":{"allow":["GET"]}}],"collection":[{"href":"https:\/\/totallubri.com.br\/index.php?rest_route=\/wp\/v2\/product"}],"about":[{"href":"https:\/\/totallubri.com.br\/index.php?rest_route=\/wp\/v2\/types\/product"}],"replies":[{"embeddable":true,"href":"https:\/\/totallubri.com.br\/index.php?rest_route=%2Fwp%2Fv2%2Fcomments&post=4827"}],"wp:featuredmedia":[{"embeddable":true,"href":"https:\/\/totallubri.com.br\/index.php?rest_route=\/wp\/v2\/media\/4828"}],"wp:attachment":[{"href":"https:\/\/totallubri.com.br\/index.php?rest_route=%2Fwp%2Fv2%2Fmedia&parent=4827"}],"wp:term":[{"taxonomy":"product_brand","embeddable":true,"href":"https:\/\/totallubri.com.br\/index.php?rest_route=%2Fwp%2Fv2%2Fproduct_brand&post=4827"},{"taxonomy":"product_cat","embeddable":true,"href":"https:\/\/totallubri.com.br\/index.php?rest_route=%2Fwp%2Fv2%2Fproduct_cat&post=4827"},{"taxonomy":"product_tag","embeddable":true,"href":"https:\/\/totallubri.com.br\/index.php?rest_route=%2Fwp%2Fv2%2Fproduct_tag&post=4827"}],"curies":[{"name":"wp","href":"https:\/\/api.w.org\/{rel}","templated":true}]}}