{"id":4831,"date":"2017-01-10T15:44:14","date_gmt":"2017-01-10T17:44:14","guid":{"rendered":"http:\/\/totallubri.com.br\/?post_type=product&#038;p=4831"},"modified":"2024-12-20T16:35:07","modified_gmt":"2024-12-20T19:35:07","slug":"tubo-de-succao-9920-piusi","status":"publish","type":"product","link":"https:\/\/totallubri.com.br\/?product=tubo-de-succao-9920-piusi","title":{"rendered":"TUBO DE SUC\u00c7\u00c3O \u2013 9920 \u2013 Piusi"},"content":{"rendered":"<p>Em polipropileno, adapt\u00e1vel ao registro 5040 com v\u00e1lvula selada, veda\u00e7\u00f5es em viton e conector r\u00e1pido.<\/p>\n<p>Conector r\u00e1pido <strong>2&#8242;<\/strong><\/p>\n<p>Peso <strong>700 g<\/strong><\/p>\n","protected":false},"excerpt":{"rendered":"<p>Em polipropileno, adapt\u00e1vel ao registro 5040 com v\u00e1lvula selada, veda\u00e7\u00f5es em viton e conector r\u00e1pido. Conector r\u00e1pido 2&#8242; Peso 700 g<\/p>\n","protected":false},"featured_media":4832,"comment_status":"open","ping_status":"closed","template":"","meta":{"_exactmetrics_skip_tracking":false,"_exactmetrics_sitenote_active":false,"_exactmetrics_sitenote_note":"","_exactmetrics_sitenote_category":0},"product_brand":[],"product_cat":[105],"product_tag":[],"class_list":{"0":"post-4831","1":"product","2":"type-product","3":"status-publish","4":"has-post-thumbnail","6":"product_cat-acessorios-para-ibc","8":"first","9":"instock","10":"shipping-taxable","11":"product-type-simple"},"_links":{"self":[{"href":"https:\/\/totallubri.com.br\/index.php?rest_route=\/wp\/v2\/product\/4831","targetHints":{"allow":["GET"]}}],"collection":[{"href":"https:\/\/totallubri.com.br\/index.php?rest_route=\/wp\/v2\/product"}],"about":[{"href":"https:\/\/totallubri.com.br\/index.php?rest_route=\/wp\/v2\/types\/product"}],"replies":[{"embeddable":true,"href":"https:\/\/totallubri.com.br\/index.php?rest_route=%2Fwp%2Fv2%2Fcomments&post=4831"}],"wp:featuredmedia":[{"embeddable":true,"href":"https:\/\/totallubri.com.br\/index.php?rest_route=\/wp\/v2\/media\/4832"}],"wp:attachment":[{"href":"https:\/\/totallubri.com.br\/index.php?rest_route=%2Fwp%2Fv2%2Fmedia&parent=4831"}],"wp:term":[{"taxonomy":"product_brand","embeddable":true,"href":"https:\/\/totallubri.com.br\/index.php?rest_route=%2Fwp%2Fv2%2Fproduct_brand&post=4831"},{"taxonomy":"product_cat","embeddable":true,"href":"https:\/\/totallubri.com.br\/index.php?rest_route=%2Fwp%2Fv2%2Fproduct_cat&post=4831"},{"taxonomy":"product_tag","embeddable":true,"href":"https:\/\/totallubri.com.br\/index.php?rest_route=%2Fwp%2Fv2%2Fproduct_tag&post=4831"}],"curies":[{"name":"wp","href":"https:\/\/api.w.org\/{rel}","templated":true}]}}