{"id":4837,"date":"2017-01-10T15:49:39","date_gmt":"2017-01-10T17:49:39","guid":{"rendered":"http:\/\/totallubri.com.br\/?post_type=product&#038;p=4837"},"modified":"2024-12-20T16:14:35","modified_gmt":"2024-12-20T19:14:35","slug":"valvula-de-abastecimento-selado-para-reservatorio-2021-ch-lupus","status":"publish","type":"product","link":"https:\/\/totallubri.com.br\/?product=valvula-de-abastecimento-selado-para-reservatorio-2021-ch-lupus","title":{"rendered":"V\u00e1lvula de Abastecimento Selado para Reservat\u00f3rio &#8211; 2021-CH &#8211; Lupus"},"content":{"rendered":"<p>Em a\u00e7o inox, com anel o-ring em viton, veda\u00e7\u00f5es em teflone prote\u00e7\u00e3o emborrachada, abastecimento selado, para reservat\u00f3rios.<\/p>\n<p>Press\u00e3o m\u00e1xima de opera\u00e7\u00e3o <strong>363 PSI<br \/>\n<\/strong>Rosca <strong>2&#8243; BSP \/ f\u00eamea<\/strong><br \/>\nProte\u00e7\u00e3o <strong>2&#8243; emborrachada<\/strong><\/p>\n<p>Peso<strong> 1,1 kg<\/strong><\/p>\n","protected":false},"excerpt":{"rendered":"<p>Em a\u00e7o inox, com anel o-ring em viton, veda\u00e7\u00f5es em teflone prote\u00e7\u00e3o emborrachada, abastecimento selado, para reservat\u00f3rios. Press\u00e3o m\u00e1xima de opera\u00e7\u00e3o 363 PSI Rosca 2&#8243; BSP \/ f\u00eamea Prote\u00e7\u00e3o 2&#8243; emborrachada Peso 1,1 kg<\/p>\n","protected":false},"featured_media":4838,"comment_status":"open","ping_status":"closed","template":"","meta":{"_exactmetrics_skip_tracking":false,"_exactmetrics_sitenote_active":false,"_exactmetrics_sitenote_note":"","_exactmetrics_sitenote_category":0},"product_brand":[],"product_cat":[114],"product_tag":[],"class_list":{"0":"post-4837","1":"product","2":"type-product","3":"status-publish","4":"has-post-thumbnail","6":"product_cat-solucoes-para-abastecimento","8":"first","9":"instock","10":"shipping-taxable","11":"product-type-simple"},"_links":{"self":[{"href":"https:\/\/totallubri.com.br\/index.php?rest_route=\/wp\/v2\/product\/4837","targetHints":{"allow":["GET"]}}],"collection":[{"href":"https:\/\/totallubri.com.br\/index.php?rest_route=\/wp\/v2\/product"}],"about":[{"href":"https:\/\/totallubri.com.br\/index.php?rest_route=\/wp\/v2\/types\/product"}],"replies":[{"embeddable":true,"href":"https:\/\/totallubri.com.br\/index.php?rest_route=%2Fwp%2Fv2%2Fcomments&post=4837"}],"wp:featuredmedia":[{"embeddable":true,"href":"https:\/\/totallubri.com.br\/index.php?rest_route=\/wp\/v2\/media\/4838"}],"wp:attachment":[{"href":"https:\/\/totallubri.com.br\/index.php?rest_route=%2Fwp%2Fv2%2Fmedia&parent=4837"}],"wp:term":[{"taxonomy":"product_brand","embeddable":true,"href":"https:\/\/totallubri.com.br\/index.php?rest_route=%2Fwp%2Fv2%2Fproduct_brand&post=4837"},{"taxonomy":"product_cat","embeddable":true,"href":"https:\/\/totallubri.com.br\/index.php?rest_route=%2Fwp%2Fv2%2Fproduct_cat&post=4837"},{"taxonomy":"product_tag","embeddable":true,"href":"https:\/\/totallubri.com.br\/index.php?rest_route=%2Fwp%2Fv2%2Fproduct_tag&post=4837"}],"curies":[{"name":"wp","href":"https:\/\/api.w.org\/{rel}","templated":true}]}}