{"id":4848,"date":"2017-01-10T16:04:32","date_gmt":"2017-01-10T18:04:32","guid":{"rendered":"http:\/\/totallubri.com.br\/?post_type=product&#038;p=4848"},"modified":"2024-12-19T17:53:59","modified_gmt":"2024-12-19T20:53:59","slug":"bomba-eletrica-220-volts-bt-arla32-e-220v-bozza","status":"publish","type":"product","link":"https:\/\/totallubri.com.br\/?product=bomba-eletrica-220-volts-bt-arla32-e-220v-bozza","title":{"rendered":"BOMBA ELETRICA 220 VOLTS \u2013 BT-ARLA32-E-220V \u2013 Bozza"},"content":{"rendered":"<p>Indicado para Suc\u00e7\u00e3o e transfer\u00eancia de Fluidos.<\/p>\n<p>Produtos qu\u00edmicos: Arla-32, \u00c1cido fraco, L\u00edquido Alcalino Fraco e \u00c1gua.<\/p>\n<p>&nbsp;<\/p>\n<p><strong>ESPECIFICA\u00c7\u00d5ES<\/strong><\/p>\n<div>Peso L\u00edquido 14,2 Kg<\/div>\n<div>Peso bruto 15,0 Kg<\/div>\n<div>Largura 450mm<\/div>\n<div>Altura 450mm<\/div>\n<div>Comprimento 200mm<\/div>\n<div>MaterialViton, A\u00e7o, Alum\u00ednio, etc.<\/div>\n<div>Potencia do Motor: 300W<\/div>\n<div>Voltagem: 220 Volts\/60 Hz<\/div>\n<div>Vaz\u00e3o:25 litros\/minuto.<\/div>\n<div>Reservat\u00f3rio:N\u00e3o Incluso.<\/div>\n<div>Entrada do produto3\/4&#8243;<\/div>\n<div>Sa\u00edda do produto3\/4&#8243;<\/div>\n<div><\/div>\n<div><\/div>\n<div><strong>COMPOSTA POR<\/strong><\/div>\n<div><\/div>\n<div>\n<div>\u2022 Bomba El\u00e9trica de duplo diafragma<\/div>\n<div>\u2022 Interruptor on\/off<\/div>\n<div>\u2022 Medidor digital<\/div>\n<div>\u2022 Bico de Abastecimento Autom\u00e1tico Mod. 5522-Arla32<\/div>\n<div>\u2022 Suporte de Fixa\u00e7\u00e3o em Contentor (IBC)<\/div>\n<div>\u2022 Mangueira de suc\u00e7\u00e3o de 1,5 metros em EPDM<\/div>\n<div>\u2022 Mangueira de abastecimento de 6 \u00a0metros em EPDM<\/div>\n<div><\/div>\n<\/div>\n<p><strong>OPCIONAIS<\/strong><\/p>\n<p>\u2022 Bico de Abastecimento Manual de 3\/4&#8243; Mod. 5022-Arla32<\/p>\n","protected":false},"excerpt":{"rendered":"<p>Indicado para Suc\u00e7\u00e3o e transfer\u00eancia de Fluidos. Produtos qu\u00edmicos: Arla-32, \u00c1cido fraco, L\u00edquido Alcalino Fraco e \u00c1gua. &nbsp; ESPECIFICA\u00c7\u00d5ES Peso L\u00edquido 14,2 Kg Peso bruto 15,0 Kg Largura 450mm Altura 450mm Comprimento 200mm MaterialViton, A\u00e7o, Alum\u00ednio, etc. Potencia do Motor: 300W Voltagem: 220 Volts\/60 Hz Vaz\u00e3o:25 litros\/minuto. Reservat\u00f3rio:N\u00e3o Incluso. Entrada do produto3\/4&#8243; Sa\u00edda do produto3\/4&#8243; [&hellip;]<\/p>\n","protected":false},"featured_media":4850,"comment_status":"open","ping_status":"closed","template":"","meta":{"_exactmetrics_skip_tracking":false,"_exactmetrics_sitenote_active":false,"_exactmetrics_sitenote_note":"","_exactmetrics_sitenote_category":0},"product_brand":[],"product_cat":[96],"product_tag":[],"class_list":{"0":"post-4848","1":"product","2":"type-product","3":"status-publish","4":"has-post-thumbnail","6":"product_cat-bomba-de-transferencia-eletrica-e-bateria","8":"first","9":"instock","10":"shipping-taxable","11":"product-type-simple"},"_links":{"self":[{"href":"https:\/\/totallubri.com.br\/index.php?rest_route=\/wp\/v2\/product\/4848","targetHints":{"allow":["GET"]}}],"collection":[{"href":"https:\/\/totallubri.com.br\/index.php?rest_route=\/wp\/v2\/product"}],"about":[{"href":"https:\/\/totallubri.com.br\/index.php?rest_route=\/wp\/v2\/types\/product"}],"replies":[{"embeddable":true,"href":"https:\/\/totallubri.com.br\/index.php?rest_route=%2Fwp%2Fv2%2Fcomments&post=4848"}],"wp:featuredmedia":[{"embeddable":true,"href":"https:\/\/totallubri.com.br\/index.php?rest_route=\/wp\/v2\/media\/4850"}],"wp:attachment":[{"href":"https:\/\/totallubri.com.br\/index.php?rest_route=%2Fwp%2Fv2%2Fmedia&parent=4848"}],"wp:term":[{"taxonomy":"product_brand","embeddable":true,"href":"https:\/\/totallubri.com.br\/index.php?rest_route=%2Fwp%2Fv2%2Fproduct_brand&post=4848"},{"taxonomy":"product_cat","embeddable":true,"href":"https:\/\/totallubri.com.br\/index.php?rest_route=%2Fwp%2Fv2%2Fproduct_cat&post=4848"},{"taxonomy":"product_tag","embeddable":true,"href":"https:\/\/totallubri.com.br\/index.php?rest_route=%2Fwp%2Fv2%2Fproduct_tag&post=4848"}],"curies":[{"name":"wp","href":"https:\/\/api.w.org\/{rel}","templated":true}]}}