{"id":4852,"date":"2017-01-10T16:06:14","date_gmt":"2017-01-10T18:06:14","guid":{"rendered":"http:\/\/totallubri.com.br\/?post_type=product&#038;p=4852"},"modified":"2024-12-02T09:25:13","modified_gmt":"2024-12-02T12:25:13","slug":"propulsora-pneumatica-9051-samoa","status":"publish","type":"product","link":"https:\/\/totallubri.com.br\/?product=propulsora-pneumatica-9051-samoa","title":{"rendered":"Propulsora Pneum\u00e1tica &#8211; 9051 &#8211; Samoa"},"content":{"rendered":"<p>Em alum\u00ednio e\u00a0 inox, com conjunto preparador de ar.<br \/>\nPara produtos corrosivos,\u00a0solventes, detergentes e produtos petroqu\u00edmicos.<\/p>\n<p>Vaz\u00e3o livre\u00a0<strong>18 L\/min (com \u00e1gua 7 bar na entrada)<\/strong><br \/>\nRateio <strong>1\/1<br \/>\n<\/strong>Entrada de ar <strong>1\/4&#8243; BSP<\/strong><br \/>\nPress\u00e3o de entrada de ar <strong>40 a 100 PSI<\/strong><br \/>\nConsumo de ar<strong> 5,5 pes\u00b3\/min<br \/>\n(7 bar na entrada vaz\u00e3o livre)<\/strong><br \/>\nConjunto preparador de ar <strong>2050-K<\/strong><br \/>\nSa\u00edda de flu\u00eddo <strong>3\/8&#8243; BSP<\/strong><br \/>\nPress\u00e3o de sa\u00edda de flu\u00eddo <strong>30 a\u00a0120 PSI<\/strong><br \/>\nN\u00edvel de ru\u00eddo\u00a0<strong>86 dB<\/strong><\/p>\n<p>Peso <strong>5,6 kg<\/strong><br \/>\nMedidas <strong>(A)\u00a01350 mm x (L)\u00a085 mm<\/strong><\/p>\n","protected":false},"excerpt":{"rendered":"<p>Em alum\u00ednio e\u00a0 inox, com conjunto preparador de ar. Para produtos corrosivos,\u00a0solventes, detergentes e produtos petroqu\u00edmicos. Vaz\u00e3o livre\u00a018 L\/min (com \u00e1gua 7 bar na entrada) Rateio 1\/1 Entrada de ar 1\/4&#8243; BSP Press\u00e3o de entrada de ar 40 a 100 PSI Consumo de ar 5,5 pes\u00b3\/min (7 bar na entrada vaz\u00e3o livre) Conjunto preparador de [&hellip;]<\/p>\n","protected":false},"featured_media":4853,"comment_status":"open","ping_status":"closed","template":"","meta":{"_exactmetrics_skip_tracking":false,"_exactmetrics_sitenote_active":false,"_exactmetrics_sitenote_note":"","_exactmetrics_sitenote_category":0},"product_brand":[],"product_cat":[112],"product_tag":[],"class_list":{"0":"post-4852","1":"product","2":"type-product","3":"status-publish","4":"has-post-thumbnail","6":"product_cat-propulsoras-especiais-e-alta-vazao-suportes-e-acessorios-para-propulsoras","8":"first","9":"instock","10":"shipping-taxable","11":"product-type-simple"},"_links":{"self":[{"href":"https:\/\/totallubri.com.br\/index.php?rest_route=\/wp\/v2\/product\/4852","targetHints":{"allow":["GET"]}}],"collection":[{"href":"https:\/\/totallubri.com.br\/index.php?rest_route=\/wp\/v2\/product"}],"about":[{"href":"https:\/\/totallubri.com.br\/index.php?rest_route=\/wp\/v2\/types\/product"}],"replies":[{"embeddable":true,"href":"https:\/\/totallubri.com.br\/index.php?rest_route=%2Fwp%2Fv2%2Fcomments&post=4852"}],"wp:featuredmedia":[{"embeddable":true,"href":"https:\/\/totallubri.com.br\/index.php?rest_route=\/wp\/v2\/media\/4853"}],"wp:attachment":[{"href":"https:\/\/totallubri.com.br\/index.php?rest_route=%2Fwp%2Fv2%2Fmedia&parent=4852"}],"wp:term":[{"taxonomy":"product_brand","embeddable":true,"href":"https:\/\/totallubri.com.br\/index.php?rest_route=%2Fwp%2Fv2%2Fproduct_brand&post=4852"},{"taxonomy":"product_cat","embeddable":true,"href":"https:\/\/totallubri.com.br\/index.php?rest_route=%2Fwp%2Fv2%2Fproduct_cat&post=4852"},{"taxonomy":"product_tag","embeddable":true,"href":"https:\/\/totallubri.com.br\/index.php?rest_route=%2Fwp%2Fv2%2Fproduct_tag&post=4852"}],"curies":[{"name":"wp","href":"https:\/\/api.w.org\/{rel}","templated":true}]}}