{"id":4858,"date":"2017-01-10T16:10:33","date_gmt":"2017-01-10T18:10:33","guid":{"rendered":"http:\/\/totallubri.com.br\/?post_type=product&#038;p=4858"},"modified":"2024-12-02T09:43:30","modified_gmt":"2024-12-02T12:43:30","slug":"propulsora-pneumatica-gigante-9052-p-samoa","status":"publish","type":"product","link":"https:\/\/totallubri.com.br\/?product=propulsora-pneumatica-gigante-9052-p-samoa","title":{"rendered":"Propulsora Pneum\u00e1tica Gigante &#8211; 9052-P &#8211; Samoa"},"content":{"rendered":"<p>Em a\u00e7o inoxid\u00e1vel, com veda\u00e7\u00f5es viton e teflon, adapt\u00e1vel a parede, com conjunto preparador de ar.<br \/>\nPara\u00a0solventes de tintas, flu\u00eddos de limpeza, de arrefecimento, anticorrosivos, limpador de para-brisa, detergentes e tintas leves.<\/p>\n<p>Vaz\u00e3o livre\u00a0<strong>45 L\/min (com \u00e1gua 7 bar na entrada)<\/strong><br \/>\nRateio <strong>3\/1<br \/>\n<\/strong>Entrada de ar <strong>3\/8&#8243; BSP<\/strong><br \/>\nPress\u00e3o de entrada de ar <strong>40 a 100 PSI<\/strong><br \/>\nConsumo de ar<strong>\u00a025 pes\u00b3\/min<br \/>\n(7 bar na entrada vaz\u00e3o livre)<\/strong><br \/>\nConjunto preparador de ar <strong>2050-K2<\/strong><br \/>\nSa\u00edda de flu\u00eddo <strong>3\/4&#8243; NPT<\/strong><br \/>\nPress\u00e3o de sa\u00edda de flu\u00eddo <strong>420 PSI<\/strong><br \/>\nN\u00edvel de ru\u00eddo\u00a0<strong>93 dB<\/strong><\/p>\n<p>Peso <strong>5,6 kg<\/strong><\/p>\n","protected":false},"excerpt":{"rendered":"<p>Em a\u00e7o inoxid\u00e1vel, com veda\u00e7\u00f5es viton e teflon, adapt\u00e1vel a parede, com conjunto preparador de ar. Para\u00a0solventes de tintas, flu\u00eddos de limpeza, de arrefecimento, anticorrosivos, limpador de para-brisa, detergentes e tintas leves. Vaz\u00e3o livre\u00a045 L\/min (com \u00e1gua 7 bar na entrada) Rateio 3\/1 Entrada de ar 3\/8&#8243; BSP Press\u00e3o de entrada de ar 40 a [&hellip;]<\/p>\n","protected":false},"featured_media":4861,"comment_status":"open","ping_status":"closed","template":"","meta":{"_exactmetrics_skip_tracking":false,"_exactmetrics_sitenote_active":false,"_exactmetrics_sitenote_note":"","_exactmetrics_sitenote_category":0},"product_brand":[],"product_cat":[112],"product_tag":[],"class_list":{"0":"post-4858","1":"product","2":"type-product","3":"status-publish","4":"has-post-thumbnail","6":"product_cat-propulsoras-especiais-e-alta-vazao-suportes-e-acessorios-para-propulsoras","8":"first","9":"instock","10":"shipping-taxable","11":"product-type-simple"},"_links":{"self":[{"href":"https:\/\/totallubri.com.br\/index.php?rest_route=\/wp\/v2\/product\/4858","targetHints":{"allow":["GET"]}}],"collection":[{"href":"https:\/\/totallubri.com.br\/index.php?rest_route=\/wp\/v2\/product"}],"about":[{"href":"https:\/\/totallubri.com.br\/index.php?rest_route=\/wp\/v2\/types\/product"}],"replies":[{"embeddable":true,"href":"https:\/\/totallubri.com.br\/index.php?rest_route=%2Fwp%2Fv2%2Fcomments&post=4858"}],"wp:featuredmedia":[{"embeddable":true,"href":"https:\/\/totallubri.com.br\/index.php?rest_route=\/wp\/v2\/media\/4861"}],"wp:attachment":[{"href":"https:\/\/totallubri.com.br\/index.php?rest_route=%2Fwp%2Fv2%2Fmedia&parent=4858"}],"wp:term":[{"taxonomy":"product_brand","embeddable":true,"href":"https:\/\/totallubri.com.br\/index.php?rest_route=%2Fwp%2Fv2%2Fproduct_brand&post=4858"},{"taxonomy":"product_cat","embeddable":true,"href":"https:\/\/totallubri.com.br\/index.php?rest_route=%2Fwp%2Fv2%2Fproduct_cat&post=4858"},{"taxonomy":"product_tag","embeddable":true,"href":"https:\/\/totallubri.com.br\/index.php?rest_route=%2Fwp%2Fv2%2Fproduct_tag&post=4858"}],"curies":[{"name":"wp","href":"https:\/\/api.w.org\/{rel}","templated":true}]}}