{"id":4870,"date":"2017-01-10T16:15:57","date_gmt":"2017-01-10T18:15:57","guid":{"rendered":"http:\/\/totallubri.com.br\/?post_type=product&#038;p=4870"},"modified":"2024-12-02T09:56:56","modified_gmt":"2024-12-02T12:56:56","slug":"strike-system-com-balde-24-kg-acessorios-11020-g3-bozza","status":"publish","type":"product","link":"https:\/\/totallubri.com.br\/?product=strike-system-com-balde-24-kg-acessorios-11020-g3-bozza","title":{"rendered":"Propulsora Pneum\u00e1tica para Graxa 11020-R20-G4-BOZZA"},"content":{"rendered":"<p>Propulsora Pneum\u00e1tica para Graxa com reservat\u00f3rio de 20 kg. Vaz\u00e3o de 1580 g\/min. Press\u00e3o de trabalho de 80 &#8211; 100 PSI. Com o novo sistema <strong>Strike System<\/strong>.<\/p>\n<p>Indicada para lubrifica\u00e7\u00e3o com graxa em m\u00e1quinas e equipamentos fixos que n\u00e3o podem ser removidos do seu local de trabalho. Ideal para empresas que utilizam maior volume de graxa.<\/p>\n<div><\/div>\n<div><strong>Caracter\u00edsticas<\/strong><\/div>\n<div><\/div>\n<div>| Propulsora pneum\u00e1tica para graxa m\u00f3vel com 2 rodas<\/div>\n<div>| Carrinho tubular com peso reduzido<\/div>\n<div>| Filtro regulador de ar (mod. FL2000)<\/div>\n<div>| Bloco do motor em alum\u00ednio anodizado<\/div>\n<div>| Mangueira de 3m \/ 118,11\u201d (mod. 5680-3)<\/div>\n<div>| Conex\u00e3o girat\u00f3ria em Z (mod. 7302)<\/div>\n<div>| Tampa com man\u00edpulo de f\u00e1cil abertura e fechamento<\/div>\n<div>| Strike System: Conjunto com mola e compactador de graxa met\u00e1lico com raspador de borracha<\/div>\n<div>| V\u00e1lvula de controle de graxa (mod. 5040)<\/div>\n<div>| Condutor de ar met\u00e1lico e conjunto silenciador<\/div>\n<div>| Filtro interno no sistema de suc\u00e7\u00e3o<\/div>\n<div>| Total de caixas: 1<\/div>\n<div>| C=360mm x L=360mm x A=960mm<\/div>\n<div><\/div>\n<div><strong>Dados T\u00e9cnicos:<\/strong><\/div>\n<div><\/div>\n<div>| Recipiente de Aplica\u00e7\u00e3o 20 Kg \/ 52,91 lb<\/div>\n<div>| Vaz\u00e3o livre 1580 gramas\/min<\/div>\n<div>| Rateio 60 : 1<\/div>\n<div>| Entrada de ar \u00bc\u201d Rosca NPT<\/div>\n<div>| Sa\u00edda de Produto 1\/2\u201d Rosca NPT<\/div>\n<div>| Press\u00e3o de Trabalho 80-100 PSI (5,5-6,9 BAR)<\/div>\n<div>| Press\u00e3o de Sa\u00edda 4800-6000 PSI (331-413 BAR)<\/div>\n<div>| Consumo de ar 10,0 p\u00e9s\u00b3\/min.<\/div>\n<div>| Volume 0,12 m3 (120 litros)<\/div>\n<div><\/div>\n<div><strong>Itens Opcionais<\/strong><\/div>\n<div><\/div>\n<div>| Medidor digital (mod. BZ-2000)<\/div>\n<div>| Mangueira de 6 metros (mod. 5680-6)<\/div>\n<div>| Mangueira de 10 metros (mod. 5680-10)<\/div>\n<div>| Mangueira de 15 metros (mod. 5680-15)<\/div>\n<div>| Mangueira de 20 metros (mod. 5680-20)<\/div>\n<p><em>Obs.: Os resultados apresentados foram obtidos de bombas com vaz\u00e3o livre. Lubrificantes utilizados: Graxa de consist\u00eancia grau 2 NLGI. Temperatura ambiente. Outra consist\u00eancia de graxa, sob consulta.<\/em><\/p>\n","protected":false},"excerpt":{"rendered":"<p>Propulsora Pneum\u00e1tica para Graxa com reservat\u00f3rio de 20 kg. Vaz\u00e3o de 1580 g\/min. Press\u00e3o de trabalho de 80 &#8211; 100 PSI. Com o novo sistema Strike System. Indicada para lubrifica\u00e7\u00e3o com graxa em m\u00e1quinas e equipamentos fixos que n\u00e3o podem ser removidos do seu local de trabalho. Ideal para empresas que utilizam maior volume de [&hellip;]<\/p>\n","protected":false},"featured_media":6728,"comment_status":"open","ping_status":"closed","template":"","meta":{"_exactmetrics_skip_tracking":false,"_exactmetrics_sitenote_active":false,"_exactmetrics_sitenote_note":"","_exactmetrics_sitenote_category":0},"product_brand":[],"product_cat":[111],"product_tag":[],"class_list":{"0":"post-4870","1":"product","2":"type-product","3":"status-publish","4":"has-post-thumbnail","6":"product_cat-propulsora-pneumatica-para-graxa","8":"first","9":"instock","10":"shipping-taxable","11":"product-type-simple"},"_links":{"self":[{"href":"https:\/\/totallubri.com.br\/index.php?rest_route=\/wp\/v2\/product\/4870","targetHints":{"allow":["GET"]}}],"collection":[{"href":"https:\/\/totallubri.com.br\/index.php?rest_route=\/wp\/v2\/product"}],"about":[{"href":"https:\/\/totallubri.com.br\/index.php?rest_route=\/wp\/v2\/types\/product"}],"replies":[{"embeddable":true,"href":"https:\/\/totallubri.com.br\/index.php?rest_route=%2Fwp%2Fv2%2Fcomments&post=4870"}],"wp:featuredmedia":[{"embeddable":true,"href":"https:\/\/totallubri.com.br\/index.php?rest_route=\/wp\/v2\/media\/6728"}],"wp:attachment":[{"href":"https:\/\/totallubri.com.br\/index.php?rest_route=%2Fwp%2Fv2%2Fmedia&parent=4870"}],"wp:term":[{"taxonomy":"product_brand","embeddable":true,"href":"https:\/\/totallubri.com.br\/index.php?rest_route=%2Fwp%2Fv2%2Fproduct_brand&post=4870"},{"taxonomy":"product_cat","embeddable":true,"href":"https:\/\/totallubri.com.br\/index.php?rest_route=%2Fwp%2Fv2%2Fproduct_cat&post=4870"},{"taxonomy":"product_tag","embeddable":true,"href":"https:\/\/totallubri.com.br\/index.php?rest_route=%2Fwp%2Fv2%2Fproduct_tag&post=4870"}],"curies":[{"name":"wp","href":"https:\/\/api.w.org\/{rel}","templated":true}]}}