{"id":4893,"date":"2017-01-10T16:26:59","date_gmt":"2017-01-10T18:26:59","guid":{"rendered":"http:\/\/totallubri.com.br\/?post_type=product&#038;p=4893"},"modified":"2024-12-01T11:26:55","modified_gmt":"2024-12-01T14:26:55","slug":"sistema-de-monitoramento-de-nivel-2100-mol-piusi","status":"publish","type":"product","link":"https:\/\/totallubri.com.br\/?product=sistema-de-monitoramento-de-nivel-2100-mol-piusi","title":{"rendered":"Sistema de Monitoramento de N\u00edvel &#8211; 2100-MOL &#8211; Piusi"},"content":{"rendered":"<p>Sistemas de gest\u00e3o cont\u00ednua do n\u00edvel de l\u00edquidos em tanque, usado para lubrificantes,\u00a0com tubo\u00a0com sonda de press\u00e3o est\u00e1tica.<\/p>\n<p>Capacidade de administra\u00e7\u00e3o <strong>01 tanque<br \/>\n<\/strong>Dist\u00e2ncia de monitoramento <strong>50 m<br \/>\n<\/strong>Indica\u00e7\u00e3o de n\u00edvel <strong>L\/ mm\/ %<\/strong><br \/>\nAlimenta\u00e7\u00e3o <strong>220 V<\/strong><br \/>\nPrecis\u00e3o <strong>1%<\/strong><\/p>\n<p>Peso<strong> 2,5 kg<\/strong><br \/>\nMedidas <strong>(A) 130 mm\u00a0 x (L) 180 mm<br \/>\n<\/strong><br \/>\nOBS: Entrega T\u00e9cnica sob consulta do Dep. Comercial Lupus<\/p>\n","protected":false},"excerpt":{"rendered":"<p>Sistemas de gest\u00e3o cont\u00ednua do n\u00edvel de l\u00edquidos em tanque, usado para lubrificantes,\u00a0com tubo\u00a0com sonda de press\u00e3o est\u00e1tica. Capacidade de administra\u00e7\u00e3o 01 tanque Dist\u00e2ncia de monitoramento 50 m Indica\u00e7\u00e3o de n\u00edvel L\/ mm\/ % Alimenta\u00e7\u00e3o 220 V Precis\u00e3o 1% Peso 2,5 kg Medidas (A) 130 mm\u00a0 x (L) 180 mm OBS: Entrega T\u00e9cnica sob consulta [&hellip;]<\/p>\n","protected":false},"featured_media":4894,"comment_status":"open","ping_status":"closed","template":"","meta":{"_exactmetrics_skip_tracking":false,"_exactmetrics_sitenote_active":false,"_exactmetrics_sitenote_note":"","_exactmetrics_sitenote_category":0},"product_brand":[],"product_cat":[60],"product_tag":[],"class_list":{"0":"post-4893","1":"product","2":"type-product","3":"status-publish","4":"has-post-thumbnail","6":"product_cat-equiptos-ppostos-de-abastecimento","8":"first","9":"instock","10":"shipping-taxable","11":"product-type-simple"},"_links":{"self":[{"href":"https:\/\/totallubri.com.br\/index.php?rest_route=\/wp\/v2\/product\/4893","targetHints":{"allow":["GET"]}}],"collection":[{"href":"https:\/\/totallubri.com.br\/index.php?rest_route=\/wp\/v2\/product"}],"about":[{"href":"https:\/\/totallubri.com.br\/index.php?rest_route=\/wp\/v2\/types\/product"}],"replies":[{"embeddable":true,"href":"https:\/\/totallubri.com.br\/index.php?rest_route=%2Fwp%2Fv2%2Fcomments&post=4893"}],"wp:featuredmedia":[{"embeddable":true,"href":"https:\/\/totallubri.com.br\/index.php?rest_route=\/wp\/v2\/media\/4894"}],"wp:attachment":[{"href":"https:\/\/totallubri.com.br\/index.php?rest_route=%2Fwp%2Fv2%2Fmedia&parent=4893"}],"wp:term":[{"taxonomy":"product_brand","embeddable":true,"href":"https:\/\/totallubri.com.br\/index.php?rest_route=%2Fwp%2Fv2%2Fproduct_brand&post=4893"},{"taxonomy":"product_cat","embeddable":true,"href":"https:\/\/totallubri.com.br\/index.php?rest_route=%2Fwp%2Fv2%2Fproduct_cat&post=4893"},{"taxonomy":"product_tag","embeddable":true,"href":"https:\/\/totallubri.com.br\/index.php?rest_route=%2Fwp%2Fv2%2Fproduct_tag&post=4893"}],"curies":[{"name":"wp","href":"https:\/\/api.w.org\/{rel}","templated":true}]}}