{"id":4902,"date":"2017-01-10T16:32:52","date_gmt":"2017-01-10T18:32:52","guid":{"rendered":"http:\/\/totallubri.com.br\/?post_type=product&#038;p=4902"},"modified":"2024-12-19T15:10:07","modified_gmt":"2024-12-19T18:10:07","slug":"interface-software-2100-iom-piusi","status":"publish","type":"product","link":"https:\/\/totallubri.com.br\/?product=interface-software-2100-iom-piusi","title":{"rendered":"Interface + Software &#8211; 2100-IOM &#8211; Piusi"},"content":{"rendered":"<p>Interface para coliga\u00e7\u00e3o de at\u00e9\u00a012 indicadores de n\u00edvel OCIO e transmiss\u00e3o de dados via cabo ao PC at\u00e9 1000 m de dist\u00e2ncia.<br \/>\nSoftware com diagrama para visualiza\u00e7\u00e3o de dados hist\u00f3ricos do n\u00edvel no dep\u00f3sito, armazenados a cada intervalo de tempo, a cada varia\u00e7\u00e3o de n\u00edvel e a varia\u00e7\u00e3o de volume. Configura\u00e7\u00e3o de cada tipo de dep\u00f3sito assim como os alarmes.<\/p>\n<p>Capacidade de administra\u00e7\u00e3o <strong>12 indicadores de n\u00edvel OCIO<\/strong><br \/>\nDist\u00e2ncia de monitoramento <strong>1000 m<\/strong><br \/>\nPeso <strong>1,1 kg<\/strong><br \/>\nMedidas <strong>(A) 40 mm x (L) 120 mm (C) 200 mm<\/strong><\/p>\n","protected":false},"excerpt":{"rendered":"<p>Interface para coliga\u00e7\u00e3o de at\u00e9\u00a012 indicadores de n\u00edvel OCIO e transmiss\u00e3o de dados via cabo ao PC at\u00e9 1000 m de dist\u00e2ncia. Software com diagrama para visualiza\u00e7\u00e3o de dados hist\u00f3ricos do n\u00edvel no dep\u00f3sito, armazenados a cada intervalo de tempo, a cada varia\u00e7\u00e3o de n\u00edvel e a varia\u00e7\u00e3o de volume. Configura\u00e7\u00e3o de cada tipo de [&hellip;]<\/p>\n","protected":false},"featured_media":4905,"comment_status":"open","ping_status":"closed","template":"","meta":{"_exactmetrics_skip_tracking":false,"_exactmetrics_sitenote_active":false,"_exactmetrics_sitenote_note":"","_exactmetrics_sitenote_category":0},"product_brand":[],"product_cat":[114],"product_tag":[],"class_list":{"0":"post-4902","1":"product","2":"type-product","3":"status-publish","4":"has-post-thumbnail","6":"product_cat-solucoes-para-abastecimento","8":"first","9":"instock","10":"shipping-taxable","11":"product-type-simple"},"_links":{"self":[{"href":"https:\/\/totallubri.com.br\/index.php?rest_route=\/wp\/v2\/product\/4902","targetHints":{"allow":["GET"]}}],"collection":[{"href":"https:\/\/totallubri.com.br\/index.php?rest_route=\/wp\/v2\/product"}],"about":[{"href":"https:\/\/totallubri.com.br\/index.php?rest_route=\/wp\/v2\/types\/product"}],"replies":[{"embeddable":true,"href":"https:\/\/totallubri.com.br\/index.php?rest_route=%2Fwp%2Fv2%2Fcomments&post=4902"}],"wp:featuredmedia":[{"embeddable":true,"href":"https:\/\/totallubri.com.br\/index.php?rest_route=\/wp\/v2\/media\/4905"}],"wp:attachment":[{"href":"https:\/\/totallubri.com.br\/index.php?rest_route=%2Fwp%2Fv2%2Fmedia&parent=4902"}],"wp:term":[{"taxonomy":"product_brand","embeddable":true,"href":"https:\/\/totallubri.com.br\/index.php?rest_route=%2Fwp%2Fv2%2Fproduct_brand&post=4902"},{"taxonomy":"product_cat","embeddable":true,"href":"https:\/\/totallubri.com.br\/index.php?rest_route=%2Fwp%2Fv2%2Fproduct_cat&post=4902"},{"taxonomy":"product_tag","embeddable":true,"href":"https:\/\/totallubri.com.br\/index.php?rest_route=%2Fwp%2Fv2%2Fproduct_tag&post=4902"}],"curies":[{"name":"wp","href":"https:\/\/api.w.org\/{rel}","templated":true}]}}