{"id":4916,"date":"2017-01-10T16:39:26","date_gmt":"2017-01-10T18:39:26","guid":{"rendered":"http:\/\/totallubri.com.br\/?post_type=product&#038;p=4916"},"modified":"2024-12-02T12:27:40","modified_gmt":"2024-12-02T15:27:40","slug":"tampa-p-tambor-de-graxa-de-200-kg-4050-bozza","status":"publish","type":"product","link":"https:\/\/totallubri.com.br\/?product=tampa-p-tambor-de-graxa-de-200-kg-4050-bozza","title":{"rendered":"Tampa p\/ Tambor de Graxa de 200 kg &#8211; 4050 &#8211; Bozza"},"content":{"rendered":"<p>&#8211; Di\u00e2metro: 612 mm<br \/>\n&#8211; Altura: 100 mm<br \/>\n&#8211; Peso l\u00edquido: 5,164 kg<br \/>\n&#8211; Peso bruto: 6,176 kg<\/p>\n<p>&#8211; Di\u00e2metro Interno \u2013 53 mm<\/p>\n","protected":false},"excerpt":{"rendered":"<p>&#8211; Di\u00e2metro: 612 mm &#8211; Altura: 100 mm &#8211; Peso l\u00edquido: 5,164 kg &#8211; Peso bruto: 6,176 kg &#8211; Di\u00e2metro Interno \u2013 53 mm<\/p>\n","protected":false},"featured_media":4918,"comment_status":"open","ping_status":"closed","template":"","meta":{"_exactmetrics_skip_tracking":false,"_exactmetrics_sitenote_active":false,"_exactmetrics_sitenote_note":"","_exactmetrics_sitenote_category":0},"product_brand":[],"product_cat":[112],"product_tag":[],"class_list":{"0":"post-4916","1":"product","2":"type-product","3":"status-publish","4":"has-post-thumbnail","6":"product_cat-propulsoras-especiais-e-alta-vazao-suportes-e-acessorios-para-propulsoras","8":"first","9":"instock","10":"shipping-taxable","11":"product-type-simple"},"_links":{"self":[{"href":"https:\/\/totallubri.com.br\/index.php?rest_route=\/wp\/v2\/product\/4916","targetHints":{"allow":["GET"]}}],"collection":[{"href":"https:\/\/totallubri.com.br\/index.php?rest_route=\/wp\/v2\/product"}],"about":[{"href":"https:\/\/totallubri.com.br\/index.php?rest_route=\/wp\/v2\/types\/product"}],"replies":[{"embeddable":true,"href":"https:\/\/totallubri.com.br\/index.php?rest_route=%2Fwp%2Fv2%2Fcomments&post=4916"}],"wp:featuredmedia":[{"embeddable":true,"href":"https:\/\/totallubri.com.br\/index.php?rest_route=\/wp\/v2\/media\/4918"}],"wp:attachment":[{"href":"https:\/\/totallubri.com.br\/index.php?rest_route=%2Fwp%2Fv2%2Fmedia&parent=4916"}],"wp:term":[{"taxonomy":"product_brand","embeddable":true,"href":"https:\/\/totallubri.com.br\/index.php?rest_route=%2Fwp%2Fv2%2Fproduct_brand&post=4916"},{"taxonomy":"product_cat","embeddable":true,"href":"https:\/\/totallubri.com.br\/index.php?rest_route=%2Fwp%2Fv2%2Fproduct_cat&post=4916"},{"taxonomy":"product_tag","embeddable":true,"href":"https:\/\/totallubri.com.br\/index.php?rest_route=%2Fwp%2Fv2%2Fproduct_tag&post=4916"}],"curies":[{"name":"wp","href":"https:\/\/api.w.org\/{rel}","templated":true}]}}