{"id":4921,"date":"2017-01-10T16:42:14","date_gmt":"2017-01-10T18:42:14","guid":{"rendered":"http:\/\/totallubri.com.br\/?post_type=product&#038;p=4921"},"modified":"2024-12-19T15:02:36","modified_gmt":"2024-12-19T18:02:36","slug":"suporte-pedestal-2100-mos-piusi","status":"publish","type":"product","link":"https:\/\/totallubri.com.br\/?product=suporte-pedestal-2100-mos-piusi","title":{"rendered":"Suporte Pedestal &#8211; 2100-MOS &#8211; Piusi"},"content":{"rendered":"<div class=\"cont_produto\">\n<p>Em a\u00e7o, para instala\u00e7\u00f5es externas.<\/p>\n<p>Peso <strong>14 kg<\/strong><br \/>\nMedidas <strong>(A) 1040 mm x (L) 200 mm (C) 150 mm<br \/>\n<\/strong><\/p>\n<\/div>\n<div><\/div>\n","protected":false},"excerpt":{"rendered":"<p>Em a\u00e7o, para instala\u00e7\u00f5es externas. Peso 14 kg Medidas (A) 1040 mm x (L) 200 mm (C) 150 mm<\/p>\n","protected":false},"featured_media":4922,"comment_status":"open","ping_status":"closed","template":"","meta":{"_exactmetrics_skip_tracking":false,"_exactmetrics_sitenote_active":false,"_exactmetrics_sitenote_note":"","_exactmetrics_sitenote_category":0},"product_brand":[],"product_cat":[112],"product_tag":[],"class_list":{"0":"post-4921","1":"product","2":"type-product","3":"status-publish","4":"has-post-thumbnail","6":"product_cat-propulsoras-especiais-e-alta-vazao-suportes-e-acessorios-para-propulsoras","8":"first","9":"instock","10":"shipping-taxable","11":"product-type-simple"},"_links":{"self":[{"href":"https:\/\/totallubri.com.br\/index.php?rest_route=\/wp\/v2\/product\/4921","targetHints":{"allow":["GET"]}}],"collection":[{"href":"https:\/\/totallubri.com.br\/index.php?rest_route=\/wp\/v2\/product"}],"about":[{"href":"https:\/\/totallubri.com.br\/index.php?rest_route=\/wp\/v2\/types\/product"}],"replies":[{"embeddable":true,"href":"https:\/\/totallubri.com.br\/index.php?rest_route=%2Fwp%2Fv2%2Fcomments&post=4921"}],"wp:featuredmedia":[{"embeddable":true,"href":"https:\/\/totallubri.com.br\/index.php?rest_route=\/wp\/v2\/media\/4922"}],"wp:attachment":[{"href":"https:\/\/totallubri.com.br\/index.php?rest_route=%2Fwp%2Fv2%2Fmedia&parent=4921"}],"wp:term":[{"taxonomy":"product_brand","embeddable":true,"href":"https:\/\/totallubri.com.br\/index.php?rest_route=%2Fwp%2Fv2%2Fproduct_brand&post=4921"},{"taxonomy":"product_cat","embeddable":true,"href":"https:\/\/totallubri.com.br\/index.php?rest_route=%2Fwp%2Fv2%2Fproduct_cat&post=4921"},{"taxonomy":"product_tag","embeddable":true,"href":"https:\/\/totallubri.com.br\/index.php?rest_route=%2Fwp%2Fv2%2Fproduct_tag&post=4921"}],"curies":[{"name":"wp","href":"https:\/\/api.w.org\/{rel}","templated":true}]}}