{"id":4936,"date":"2017-01-11T08:40:51","date_gmt":"2017-01-11T10:40:51","guid":{"rendered":"http:\/\/totallubri.com.br\/?post_type=product&#038;p=4936"},"modified":"2024-11-30T18:05:19","modified_gmt":"2024-11-30T21:05:19","slug":"medidor-digital-2100p-da-piusi","status":"publish","type":"product","link":"https:\/\/totallubri.com.br\/?product=medidor-digital-2100p-da-piusi","title":{"rendered":"Medidor Digital &#8211; 2100P-DA &#8211; Piusi"},"content":{"rendered":"<p>Em polipropileno, para flu\u00eddos de limpa para-brisas.<\/p>\n<p>Vaz\u00e3o livre\u00a0<strong>30 \u00a0L\/min<\/strong><br \/>\nPress\u00e3o m\u00e1xima de opera\u00e7\u00e3o <strong>350 PSI<\/strong><br \/>\nEntrada e sa\u00edda <strong>1\/2&#8243; <\/strong><br \/>\nPrecis\u00e3o <strong>0,5%<\/strong><\/p>\n<p>Peso <strong>950g<br \/>\n<\/strong>Medidas <strong>(A) 390 mm<\/strong><\/p>\n","protected":false},"excerpt":{"rendered":"<p>Em polipropileno, para flu\u00eddos de limpa para-brisas. Vaz\u00e3o livre\u00a030 \u00a0L\/min Press\u00e3o m\u00e1xima de opera\u00e7\u00e3o 350 PSI Entrada e sa\u00edda 1\/2&#8243; Precis\u00e3o 0,5% Peso 950g Medidas (A) 390 mm<\/p>\n","protected":false},"featured_media":4937,"comment_status":"open","ping_status":"closed","template":"","meta":{"_exactmetrics_skip_tracking":false,"_exactmetrics_sitenote_active":false,"_exactmetrics_sitenote_note":"","_exactmetrics_sitenote_category":0},"product_brand":[],"product_cat":[108],"product_tag":[],"class_list":{"0":"post-4936","1":"product","2":"type-product","3":"status-publish","4":"has-post-thumbnail","6":"product_cat-medidor-digital","8":"first","9":"instock","10":"shipping-taxable","11":"product-type-simple"},"_links":{"self":[{"href":"https:\/\/totallubri.com.br\/index.php?rest_route=\/wp\/v2\/product\/4936","targetHints":{"allow":["GET"]}}],"collection":[{"href":"https:\/\/totallubri.com.br\/index.php?rest_route=\/wp\/v2\/product"}],"about":[{"href":"https:\/\/totallubri.com.br\/index.php?rest_route=\/wp\/v2\/types\/product"}],"replies":[{"embeddable":true,"href":"https:\/\/totallubri.com.br\/index.php?rest_route=%2Fwp%2Fv2%2Fcomments&post=4936"}],"wp:featuredmedia":[{"embeddable":true,"href":"https:\/\/totallubri.com.br\/index.php?rest_route=\/wp\/v2\/media\/4937"}],"wp:attachment":[{"href":"https:\/\/totallubri.com.br\/index.php?rest_route=%2Fwp%2Fv2%2Fmedia&parent=4936"}],"wp:term":[{"taxonomy":"product_brand","embeddable":true,"href":"https:\/\/totallubri.com.br\/index.php?rest_route=%2Fwp%2Fv2%2Fproduct_brand&post=4936"},{"taxonomy":"product_cat","embeddable":true,"href":"https:\/\/totallubri.com.br\/index.php?rest_route=%2Fwp%2Fv2%2Fproduct_cat&post=4936"},{"taxonomy":"product_tag","embeddable":true,"href":"https:\/\/totallubri.com.br\/index.php?rest_route=%2Fwp%2Fv2%2Fproduct_tag&post=4936"}],"curies":[{"name":"wp","href":"https:\/\/api.w.org\/{rel}","templated":true}]}}