{"id":4943,"date":"2017-01-11T08:51:31","date_gmt":"2017-01-11T10:51:31","guid":{"rendered":"http:\/\/totallubri.com.br\/?post_type=product&#038;p=4943"},"modified":"2024-11-29T12:47:10","modified_gmt":"2024-11-29T15:47:10","slug":"conjunto-de-succao-para-sangria-de-freio-2800-lupus","status":"publish","type":"product","link":"https:\/\/totallubri.com.br\/?product=conjunto-de-succao-para-sangria-de-freio-2800-lupus","title":{"rendered":"Conjunto de Suc\u00e7\u00e3o para Sangria de Freio &#8211; 2800 &#8211; Lupus"},"content":{"rendered":"<p>Em termo pl\u00e1stico de alta resist\u00eancia, para sangr\u00eda individual do circuito de freio, para flu\u00eddo de freio.<\/p>\n<p>Capacidade de tanque <strong>750 ml<\/strong><br \/>\nEntrada <strong>1\/4&#8243; BSP<\/strong><\/p>\n","protected":false},"excerpt":{"rendered":"<p>Em termo pl\u00e1stico de alta resist\u00eancia, para sangr\u00eda individual do circuito de freio, para flu\u00eddo de freio. Capacidade de tanque 750 ml Entrada 1\/4&#8243; BSP<\/p>\n","protected":false},"featured_media":4944,"comment_status":"open","ping_status":"closed","template":"","meta":{"_exactmetrics_skip_tracking":false,"_exactmetrics_sitenote_active":false,"_exactmetrics_sitenote_note":"","_exactmetrics_sitenote_category":0},"product_brand":[],"product_cat":[107],"product_tag":[],"class_list":{"0":"post-4943","1":"product","2":"type-product","3":"status-publish","4":"has-post-thumbnail","6":"product_cat-equipamentos-para-troca-de-oleo","8":"first","9":"instock","10":"shipping-taxable","11":"product-type-simple"},"_links":{"self":[{"href":"https:\/\/totallubri.com.br\/index.php?rest_route=\/wp\/v2\/product\/4943","targetHints":{"allow":["GET"]}}],"collection":[{"href":"https:\/\/totallubri.com.br\/index.php?rest_route=\/wp\/v2\/product"}],"about":[{"href":"https:\/\/totallubri.com.br\/index.php?rest_route=\/wp\/v2\/types\/product"}],"replies":[{"embeddable":true,"href":"https:\/\/totallubri.com.br\/index.php?rest_route=%2Fwp%2Fv2%2Fcomments&post=4943"}],"wp:featuredmedia":[{"embeddable":true,"href":"https:\/\/totallubri.com.br\/index.php?rest_route=\/wp\/v2\/media\/4944"}],"wp:attachment":[{"href":"https:\/\/totallubri.com.br\/index.php?rest_route=%2Fwp%2Fv2%2Fmedia&parent=4943"}],"wp:term":[{"taxonomy":"product_brand","embeddable":true,"href":"https:\/\/totallubri.com.br\/index.php?rest_route=%2Fwp%2Fv2%2Fproduct_brand&post=4943"},{"taxonomy":"product_cat","embeddable":true,"href":"https:\/\/totallubri.com.br\/index.php?rest_route=%2Fwp%2Fv2%2Fproduct_cat&post=4943"},{"taxonomy":"product_tag","embeddable":true,"href":"https:\/\/totallubri.com.br\/index.php?rest_route=%2Fwp%2Fv2%2Fproduct_tag&post=4943"}],"curies":[{"name":"wp","href":"https:\/\/api.w.org\/{rel}","templated":true}]}}