{"id":4946,"date":"2017-01-11T08:54:11","date_gmt":"2017-01-11T10:54:11","guid":{"rendered":"http:\/\/totallubri.com.br\/?post_type=product&#038;p=4946"},"modified":"2024-11-29T12:50:41","modified_gmt":"2024-11-29T15:50:41","slug":"unidade-de-descarte-pneumatica-para-fluidos-9190-pf-samoa","status":"publish","type":"product","link":"https:\/\/totallubri.com.br\/?product=unidade-de-descarte-pneumatica-para-fluidos-9190-pf-samoa","title":{"rendered":"Unidade de Descarte Pneum\u00e1tica para Fluidos &#8211; 9190-PF &#8211; Samoa"},"content":{"rendered":"<p>Bomba pneum\u00e1tica de duplo diafragma em alum\u00ednio revestido de n\u00edquel, com v\u00e1lvula de 2 vias, mangueira de suc\u00e7\u00e3o, mangueira de descarte, reservat\u00f3rio para flu\u00eddo de freio e para flu\u00eddo de arrefecimento.<\/p>\n<p>Vaz\u00e3o livre <strong>50 L\/min<br \/>\n<\/strong>Entrada e sa\u00edda <strong>1\/2&#8243;<\/strong><br \/>\nEntrada de ar <strong>3\/8&#8243;<\/strong><br \/>\nReservat\u00f3rio para flu\u00eddo de freio<strong> 300 L<\/strong><br \/>\nReservat\u00f3rio para flu\u00eddo de arrefecimento <strong>1.000 L<\/strong><br \/>\nMangueira de suc\u00e7\u00e3o <strong>1,5 m<br \/>\nconector de engate r\u00e1pido<\/strong><br \/>\nMangueira de descarte <strong>1 m<\/strong><\/p>\n","protected":false},"excerpt":{"rendered":"<p>Bomba pneum\u00e1tica de duplo diafragma em alum\u00ednio revestido de n\u00edquel, com v\u00e1lvula de 2 vias, mangueira de suc\u00e7\u00e3o, mangueira de descarte, reservat\u00f3rio para flu\u00eddo de freio e para flu\u00eddo de arrefecimento. Vaz\u00e3o livre 50 L\/min Entrada e sa\u00edda 1\/2&#8243; Entrada de ar 3\/8&#8243; Reservat\u00f3rio para flu\u00eddo de freio 300 L Reservat\u00f3rio para flu\u00eddo de arrefecimento [&hellip;]<\/p>\n","protected":false},"featured_media":4947,"comment_status":"open","ping_status":"closed","template":"","meta":{"_exactmetrics_skip_tracking":false,"_exactmetrics_sitenote_active":false,"_exactmetrics_sitenote_note":"","_exactmetrics_sitenote_category":0},"product_brand":[],"product_cat":[107],"product_tag":[],"class_list":{"0":"post-4946","1":"product","2":"type-product","3":"status-publish","4":"has-post-thumbnail","6":"product_cat-equipamentos-para-troca-de-oleo","8":"first","9":"instock","10":"shipping-taxable","11":"product-type-simple"},"_links":{"self":[{"href":"https:\/\/totallubri.com.br\/index.php?rest_route=\/wp\/v2\/product\/4946","targetHints":{"allow":["GET"]}}],"collection":[{"href":"https:\/\/totallubri.com.br\/index.php?rest_route=\/wp\/v2\/product"}],"about":[{"href":"https:\/\/totallubri.com.br\/index.php?rest_route=\/wp\/v2\/types\/product"}],"replies":[{"embeddable":true,"href":"https:\/\/totallubri.com.br\/index.php?rest_route=%2Fwp%2Fv2%2Fcomments&post=4946"}],"wp:featuredmedia":[{"embeddable":true,"href":"https:\/\/totallubri.com.br\/index.php?rest_route=\/wp\/v2\/media\/4947"}],"wp:attachment":[{"href":"https:\/\/totallubri.com.br\/index.php?rest_route=%2Fwp%2Fv2%2Fmedia&parent=4946"}],"wp:term":[{"taxonomy":"product_brand","embeddable":true,"href":"https:\/\/totallubri.com.br\/index.php?rest_route=%2Fwp%2Fv2%2Fproduct_brand&post=4946"},{"taxonomy":"product_cat","embeddable":true,"href":"https:\/\/totallubri.com.br\/index.php?rest_route=%2Fwp%2Fv2%2Fproduct_cat&post=4946"},{"taxonomy":"product_tag","embeddable":true,"href":"https:\/\/totallubri.com.br\/index.php?rest_route=%2Fwp%2Fv2%2Fproduct_tag&post=4946"}],"curies":[{"name":"wp","href":"https:\/\/api.w.org\/{rel}","templated":true}]}}