{"id":4948,"date":"2017-01-11T08:57:46","date_gmt":"2017-01-11T10:57:46","guid":{"rendered":"http:\/\/totallubri.com.br\/?post_type=product&#038;p=4948"},"modified":"2024-11-29T11:10:03","modified_gmt":"2024-11-29T14:10:03","slug":"coletor-pressurizado-para-fluido-de-freio-9301-ff-samoa","status":"publish","type":"product","link":"https:\/\/totallubri.com.br\/?product=coletor-pressurizado-para-fluido-de-freio-9301-ff-samoa","title":{"rendered":"COLETOR PRESSURIZADO PARA FLUIDO DE FREIO &#8211; 9301-FF &#8211; Samoa"},"content":{"rendered":"<p>Em chapa de a\u00e7o, para flu\u00eddo de freio,\u00a0com visor de n\u00edvel lateral, pressuriza\u00e7\u00e3o por v\u00e1lvula de encher pneus at\u00e9 0,5 bar\u00a0e v\u00e1lvula de seguran\u00e7a.<\/p>\n<p>Capacidade <strong>70 L<\/strong><br \/>\nMangueira de descarga <strong>1,5 m \/ 3\/8&#8243;\/ com v\u00e1lvula e conector para engate r\u00e1pido 3\/4&#8243;<\/strong><\/p>\n<p>Peso <strong>28 kg<\/strong><br \/>\nMedidas <strong>(A) 1370 mm\u00a0 x (L) 580 mm<\/strong><\/p>\n","protected":false},"excerpt":{"rendered":"<p>Em chapa de a\u00e7o, para flu\u00eddo de freio,\u00a0com visor de n\u00edvel lateral, pressuriza\u00e7\u00e3o por v\u00e1lvula de encher pneus at\u00e9 0,5 bar\u00a0e v\u00e1lvula de seguran\u00e7a. Capacidade 70 L Mangueira de descarga 1,5 m \/ 3\/8&#8243;\/ com v\u00e1lvula e conector para engate r\u00e1pido 3\/4&#8243; Peso 28 kg Medidas (A) 1370 mm\u00a0 x (L) 580 mm<\/p>\n","protected":false},"featured_media":4949,"comment_status":"open","ping_status":"closed","template":"","meta":{"_exactmetrics_skip_tracking":false,"_exactmetrics_sitenote_active":false,"_exactmetrics_sitenote_note":"","_exactmetrics_sitenote_category":0},"product_brand":[],"product_cat":[107],"product_tag":[],"class_list":{"0":"post-4948","1":"product","2":"type-product","3":"status-publish","4":"has-post-thumbnail","6":"product_cat-equipamentos-para-troca-de-oleo","8":"first","9":"instock","10":"shipping-taxable","11":"product-type-simple"},"_links":{"self":[{"href":"https:\/\/totallubri.com.br\/index.php?rest_route=\/wp\/v2\/product\/4948","targetHints":{"allow":["GET"]}}],"collection":[{"href":"https:\/\/totallubri.com.br\/index.php?rest_route=\/wp\/v2\/product"}],"about":[{"href":"https:\/\/totallubri.com.br\/index.php?rest_route=\/wp\/v2\/types\/product"}],"replies":[{"embeddable":true,"href":"https:\/\/totallubri.com.br\/index.php?rest_route=%2Fwp%2Fv2%2Fcomments&post=4948"}],"wp:featuredmedia":[{"embeddable":true,"href":"https:\/\/totallubri.com.br\/index.php?rest_route=\/wp\/v2\/media\/4949"}],"wp:attachment":[{"href":"https:\/\/totallubri.com.br\/index.php?rest_route=%2Fwp%2Fv2%2Fmedia&parent=4948"}],"wp:term":[{"taxonomy":"product_brand","embeddable":true,"href":"https:\/\/totallubri.com.br\/index.php?rest_route=%2Fwp%2Fv2%2Fproduct_brand&post=4948"},{"taxonomy":"product_cat","embeddable":true,"href":"https:\/\/totallubri.com.br\/index.php?rest_route=%2Fwp%2Fv2%2Fproduct_cat&post=4948"},{"taxonomy":"product_tag","embeddable":true,"href":"https:\/\/totallubri.com.br\/index.php?rest_route=%2Fwp%2Fv2%2Fproduct_tag&post=4948"}],"curies":[{"name":"wp","href":"https:\/\/api.w.org\/{rel}","templated":true}]}}