{"id":4952,"date":"2017-01-11T09:01:27","date_gmt":"2017-01-11T11:01:27","guid":{"rendered":"http:\/\/totallubri.com.br\/?post_type=product&#038;p=4952"},"modified":"2024-11-29T11:12:09","modified_gmt":"2024-11-29T14:12:09","slug":"coletor-rotomoldado-para-fluido-de-arrefecimento-9302-a-lupus","status":"publish","type":"product","link":"https:\/\/totallubri.com.br\/?product=coletor-rotomoldado-para-fluido-de-arrefecimento-9302-a-lupus","title":{"rendered":"Coletor Rotomoldado para Fluido de Arrefecimento &#8211; 9302-A &#8211; Lupus"},"content":{"rendered":"<p>Em polietileno de m\u00e9dia densidade, com design inovador, para flu\u00eddo de arrefecimento, com visor de n\u00edvel embutido, captador com filtro, v\u00e1lvula de dreno 1\/2&#8243; embutida e painel para identifica\u00e7\u00e3o visual nas duas laterais.<\/p>\n<p>Capacidade <strong>120 L<\/strong><br \/>\nAltura do tubo coletor <strong>998 mm<br \/>\n<\/strong>Altura m\u00e1xima<strong> 1.980 mm<br \/>\n<\/strong><br \/>\nPeso <strong>24 kg<\/strong><br \/>\nMedidas (captador)<br \/>\n<strong>(A) 550 mm x (L) 620 mm (C) 235 mm<\/strong><br \/>\nMedidas (total)<br \/>\n<strong>(A) 530 x (L) 580 mm x (C) 903 mm<\/strong><\/p>\n","protected":false},"excerpt":{"rendered":"<p>Em polietileno de m\u00e9dia densidade, com design inovador, para flu\u00eddo de arrefecimento, com visor de n\u00edvel embutido, captador com filtro, v\u00e1lvula de dreno 1\/2&#8243; embutida e painel para identifica\u00e7\u00e3o visual nas duas laterais. Capacidade 120 L Altura do tubo coletor 998 mm Altura m\u00e1xima 1.980 mm Peso 24 kg Medidas (captador) (A) 550 mm x [&hellip;]<\/p>\n","protected":false},"featured_media":4953,"comment_status":"open","ping_status":"closed","template":"","meta":{"_exactmetrics_skip_tracking":false,"_exactmetrics_sitenote_active":false,"_exactmetrics_sitenote_note":"","_exactmetrics_sitenote_category":0},"product_brand":[],"product_cat":[107],"product_tag":[],"class_list":{"0":"post-4952","1":"product","2":"type-product","3":"status-publish","4":"has-post-thumbnail","6":"product_cat-equipamentos-para-troca-de-oleo","8":"first","9":"instock","10":"shipping-taxable","11":"product-type-simple"},"_links":{"self":[{"href":"https:\/\/totallubri.com.br\/index.php?rest_route=\/wp\/v2\/product\/4952","targetHints":{"allow":["GET"]}}],"collection":[{"href":"https:\/\/totallubri.com.br\/index.php?rest_route=\/wp\/v2\/product"}],"about":[{"href":"https:\/\/totallubri.com.br\/index.php?rest_route=\/wp\/v2\/types\/product"}],"replies":[{"embeddable":true,"href":"https:\/\/totallubri.com.br\/index.php?rest_route=%2Fwp%2Fv2%2Fcomments&post=4952"}],"wp:featuredmedia":[{"embeddable":true,"href":"https:\/\/totallubri.com.br\/index.php?rest_route=\/wp\/v2\/media\/4953"}],"wp:attachment":[{"href":"https:\/\/totallubri.com.br\/index.php?rest_route=%2Fwp%2Fv2%2Fmedia&parent=4952"}],"wp:term":[{"taxonomy":"product_brand","embeddable":true,"href":"https:\/\/totallubri.com.br\/index.php?rest_route=%2Fwp%2Fv2%2Fproduct_brand&post=4952"},{"taxonomy":"product_cat","embeddable":true,"href":"https:\/\/totallubri.com.br\/index.php?rest_route=%2Fwp%2Fv2%2Fproduct_cat&post=4952"},{"taxonomy":"product_tag","embeddable":true,"href":"https:\/\/totallubri.com.br\/index.php?rest_route=%2Fwp%2Fv2%2Fproduct_tag&post=4952"}],"curies":[{"name":"wp","href":"https:\/\/api.w.org\/{rel}","templated":true}]}}