{"id":4954,"date":"2017-01-11T09:02:47","date_gmt":"2017-01-11T11:02:47","guid":{"rendered":"http:\/\/totallubri.com.br\/?post_type=product&#038;p=4954"},"modified":"2024-11-29T11:15:28","modified_gmt":"2024-11-29T14:15:28","slug":"coletor-rotomoldado-para-fluidos-quimicos-9302-fq-lupus","status":"publish","type":"product","link":"https:\/\/totallubri.com.br\/?product=coletor-rotomoldado-para-fluidos-quimicos-9302-fq-lupus","title":{"rendered":"Coletor Rotomoldado para Fluidos Qu\u00edmicos &#8211; 9302-FQ &#8211; Lupus"},"content":{"rendered":"<p align=\"LEFT\"><span style=\"font-size: small;\">Em polietileno de m\u00e9dia densidade, com design inovador, para fluidos qu\u00edmicos, com visor de n\u00edvel embutido, captador com filtro, v\u00e1lvula de dreno <span style=\"font-family: HelveticaNeue-Thin;\">\u00f8 <\/span><span style=\"font-family: HelveticaNeue-LightCond;\">1\/2\u201d embutida e painel para identifica\u00e7\u00e3o visual nas duas laterais.<\/span><\/span><\/p>\n<p align=\"LEFT\"><span style=\"font-size: small;\"><span style=\"font-family: HelveticaNeue-LightCond;\">Capacidade . <\/span><b><span style=\"font-family: HelveticaNeue-Bold;\">120 L<\/span><\/b><b><\/b><\/span><\/p>\n<p align=\"LEFT\"><span style=\"font-size: small;\"><span style=\"font-family: HelveticaNeue-LightCond;\">Altura do tubo coletor . <\/span><b><span style=\"font-family: HelveticaNeue-Bold;\">998 mm<\/span><\/b><\/span><\/p>\n<p align=\"LEFT\"><span style=\"font-size: small;\"><span style=\"font-family: HelveticaNeue-LightCond;\">Altura m\u00e1xima . <\/span><b><span style=\"font-family: HelveticaNeue-Bold;\">1.980 mm<\/span><\/b><\/span><\/p>\n<p align=\"LEFT\"><span style=\"font-size: small;\">Peso: 24 kg<\/span><\/p>\n<p align=\"LEFT\"><span style=\"font-size: small;\">Medidas (captador):<\/span><\/p>\n<p align=\"LEFT\"><span style=\"font-size: small;\">(A) 550 mm x (L) 620 mm x (C) 235 mm<\/span><\/p>\n<p align=\"LEFT\"><span style=\"font-size: small;\">Medidas (total):<\/span><\/p>\n<p><span style=\"font-size: small;\">(A) 530 mm x (L) 580 mm x (C) 903 mm<\/span><\/p>\n<p>&nbsp;<\/p>\n","protected":false},"excerpt":{"rendered":"<p>Em polietileno de m\u00e9dia densidade, com design inovador, para fluidos qu\u00edmicos, com visor de n\u00edvel embutido, captador com filtro, v\u00e1lvula de dreno \u00f8 1\/2\u201d embutida e painel para identifica\u00e7\u00e3o visual nas duas laterais. Capacidade . 120 L Altura do tubo coletor . 998 mm Altura m\u00e1xima . 1.980 mm Peso: 24 kg Medidas (captador): (A) [&hellip;]<\/p>\n","protected":false},"featured_media":4955,"comment_status":"open","ping_status":"closed","template":"","meta":{"_exactmetrics_skip_tracking":false,"_exactmetrics_sitenote_active":false,"_exactmetrics_sitenote_note":"","_exactmetrics_sitenote_category":0},"product_brand":[],"product_cat":[107],"product_tag":[],"class_list":{"0":"post-4954","1":"product","2":"type-product","3":"status-publish","4":"has-post-thumbnail","6":"product_cat-equipamentos-para-troca-de-oleo","8":"first","9":"instock","10":"shipping-taxable","11":"product-type-simple"},"_links":{"self":[{"href":"https:\/\/totallubri.com.br\/index.php?rest_route=\/wp\/v2\/product\/4954","targetHints":{"allow":["GET"]}}],"collection":[{"href":"https:\/\/totallubri.com.br\/index.php?rest_route=\/wp\/v2\/product"}],"about":[{"href":"https:\/\/totallubri.com.br\/index.php?rest_route=\/wp\/v2\/types\/product"}],"replies":[{"embeddable":true,"href":"https:\/\/totallubri.com.br\/index.php?rest_route=%2Fwp%2Fv2%2Fcomments&post=4954"}],"wp:featuredmedia":[{"embeddable":true,"href":"https:\/\/totallubri.com.br\/index.php?rest_route=\/wp\/v2\/media\/4955"}],"wp:attachment":[{"href":"https:\/\/totallubri.com.br\/index.php?rest_route=%2Fwp%2Fv2%2Fmedia&parent=4954"}],"wp:term":[{"taxonomy":"product_brand","embeddable":true,"href":"https:\/\/totallubri.com.br\/index.php?rest_route=%2Fwp%2Fv2%2Fproduct_brand&post=4954"},{"taxonomy":"product_cat","embeddable":true,"href":"https:\/\/totallubri.com.br\/index.php?rest_route=%2Fwp%2Fv2%2Fproduct_cat&post=4954"},{"taxonomy":"product_tag","embeddable":true,"href":"https:\/\/totallubri.com.br\/index.php?rest_route=%2Fwp%2Fv2%2Fproduct_tag&post=4954"}],"curies":[{"name":"wp","href":"https:\/\/api.w.org\/{rel}","templated":true}]}}