{"id":4959,"date":"2017-01-11T09:07:01","date_gmt":"2017-01-11T11:07:01","guid":{"rendered":"http:\/\/totallubri.com.br\/?post_type=product&#038;p=4959"},"modified":"2024-12-03T16:09:10","modified_gmt":"2024-12-03T19:09:10","slug":"lavadora-de-pecas-super-a1025-lupus","status":"publish","type":"product","link":"https:\/\/totallubri.com.br\/?product=lavadora-de-pecas-super-a1025-lupus","title":{"rendered":"Lavadora de Pe\u00e7as Super \u2013 A1025 \u2013 Lupus"},"content":{"rendered":"<p>Em chapa de a\u00e7o, com pintura ep\u00f3xi, cuba em a\u00e7o galvanizado, com motor e eletrobomba.<\/p>\n<p>Capacidade\u00a0<strong>151,4 L<br \/>\n<\/strong>Alimenta\u00e7\u00e3o <strong>220 V<br \/>\n<\/strong>Motor <strong>115 V\/ 60 Hz\/ 0,5 A<\/strong><\/p>\n<p>Peso\u00a0<strong>42 kg<\/strong><br \/>\nMedidas (tanque) <strong>(A)\u00a0320 mm x (L)\u00a01135 mm x (C)\u00a0545 mm<\/strong><br \/>\nMedidas (total) <strong>(A)\u00a0900 mm x (L)\u00a01150 mm x (C)\u00a0560 mm<\/strong><\/p>\n","protected":false},"excerpt":{"rendered":"<p>Em chapa de a\u00e7o, com pintura ep\u00f3xi, cuba em a\u00e7o galvanizado, com motor e eletrobomba. Capacidade\u00a0151,4 L Alimenta\u00e7\u00e3o 220 V Motor 115 V\/ 60 Hz\/ 0,5 A Peso\u00a042 kg Medidas (tanque) (A)\u00a0320 mm x (L)\u00a01135 mm x (C)\u00a0545 mm Medidas (total) (A)\u00a0900 mm x (L)\u00a01150 mm x (C)\u00a0560 mm<\/p>\n","protected":false},"featured_media":4960,"comment_status":"open","ping_status":"closed","template":"","meta":{"_exactmetrics_skip_tracking":false,"_exactmetrics_sitenote_active":false,"_exactmetrics_sitenote_note":"","_exactmetrics_sitenote_category":0},"product_brand":[],"product_cat":[58,63],"product_tag":[],"class_list":{"0":"post-4959","1":"product","2":"type-product","3":"status-publish","4":"has-post-thumbnail","6":"product_cat-linha-industrial","7":"product_cat-meio-ambiente","9":"first","10":"instock","11":"shipping-taxable","12":"product-type-simple"},"_links":{"self":[{"href":"https:\/\/totallubri.com.br\/index.php?rest_route=\/wp\/v2\/product\/4959","targetHints":{"allow":["GET"]}}],"collection":[{"href":"https:\/\/totallubri.com.br\/index.php?rest_route=\/wp\/v2\/product"}],"about":[{"href":"https:\/\/totallubri.com.br\/index.php?rest_route=\/wp\/v2\/types\/product"}],"replies":[{"embeddable":true,"href":"https:\/\/totallubri.com.br\/index.php?rest_route=%2Fwp%2Fv2%2Fcomments&post=4959"}],"wp:featuredmedia":[{"embeddable":true,"href":"https:\/\/totallubri.com.br\/index.php?rest_route=\/wp\/v2\/media\/4960"}],"wp:attachment":[{"href":"https:\/\/totallubri.com.br\/index.php?rest_route=%2Fwp%2Fv2%2Fmedia&parent=4959"}],"wp:term":[{"taxonomy":"product_brand","embeddable":true,"href":"https:\/\/totallubri.com.br\/index.php?rest_route=%2Fwp%2Fv2%2Fproduct_brand&post=4959"},{"taxonomy":"product_cat","embeddable":true,"href":"https:\/\/totallubri.com.br\/index.php?rest_route=%2Fwp%2Fv2%2Fproduct_cat&post=4959"},{"taxonomy":"product_tag","embeddable":true,"href":"https:\/\/totallubri.com.br\/index.php?rest_route=%2Fwp%2Fv2%2Fproduct_tag&post=4959"}],"curies":[{"name":"wp","href":"https:\/\/api.w.org\/{rel}","templated":true}]}}