{"id":5027,"date":"2017-01-11T10:24:49","date_gmt":"2017-01-11T12:24:49","guid":{"rendered":"http:\/\/totallubri.com.br\/?post_type=product&#038;p=5027"},"modified":"2025-05-09T15:51:29","modified_gmt":"2025-05-09T18:51:29","slug":"conjunto-preparador-de-ar-12-9000-fe-lupus","status":"publish","type":"product","link":"https:\/\/totallubri.com.br\/?product=conjunto-preparador-de-ar-12-9000-fe-lupus","title":{"rendered":"Conjunto Preparador de Ar 1\/2\u2033 \u2013 9000-FE \u2013 Lupus"},"content":{"rendered":"<p>Em alum\u00ednio, v\u00e1lvula reguladora de ar, com separador de \u00e1gua, Lubrifil e suporte para parede.<\/p>\n<p>Vaz\u00e3o m\u00e1xima\u00a0<strong>3.000 L\/min<\/strong><br \/>\nEntrada e sa\u00edda <strong>1\/2&#8243; NPT<br \/>\n<\/strong>Indicador <strong>0 a 150 PSI<br \/>\n<\/strong><br \/>\nPeso 0,65<strong>\u00a0kg<br \/>\n<\/strong>Medidas<strong> (A)\u00a0270 mm x (L)\u00a0154 mm<\/strong><\/p>\n","protected":false},"excerpt":{"rendered":"<p>Em alum\u00ednio, v\u00e1lvula reguladora de ar, com separador de \u00e1gua, Lubrifil e suporte para parede. Vaz\u00e3o m\u00e1xima\u00a03.000 L\/min Entrada e sa\u00edda 1\/2&#8243; NPT Indicador 0 a 150 PSI Peso 0,65\u00a0kg Medidas (A)\u00a0270 mm x (L)\u00a0154 mm<\/p>\n","protected":false},"featured_media":5028,"comment_status":"open","ping_status":"closed","template":"","meta":{"_exactmetrics_skip_tracking":false,"_exactmetrics_sitenote_active":false,"_exactmetrics_sitenote_note":"","_exactmetrics_sitenote_category":0},"product_brand":[],"product_cat":[131],"product_tag":[],"class_list":{"0":"post-5027","1":"product","2":"type-product","3":"status-publish","4":"has-post-thumbnail","6":"product_cat-equipamentos-e-acessorios-para-pneumaticos","8":"first","9":"instock","10":"shipping-taxable","11":"product-type-simple"},"_links":{"self":[{"href":"https:\/\/totallubri.com.br\/index.php?rest_route=\/wp\/v2\/product\/5027","targetHints":{"allow":["GET"]}}],"collection":[{"href":"https:\/\/totallubri.com.br\/index.php?rest_route=\/wp\/v2\/product"}],"about":[{"href":"https:\/\/totallubri.com.br\/index.php?rest_route=\/wp\/v2\/types\/product"}],"replies":[{"embeddable":true,"href":"https:\/\/totallubri.com.br\/index.php?rest_route=%2Fwp%2Fv2%2Fcomments&post=5027"}],"wp:featuredmedia":[{"embeddable":true,"href":"https:\/\/totallubri.com.br\/index.php?rest_route=\/wp\/v2\/media\/5028"}],"wp:attachment":[{"href":"https:\/\/totallubri.com.br\/index.php?rest_route=%2Fwp%2Fv2%2Fmedia&parent=5027"}],"wp:term":[{"taxonomy":"product_brand","embeddable":true,"href":"https:\/\/totallubri.com.br\/index.php?rest_route=%2Fwp%2Fv2%2Fproduct_brand&post=5027"},{"taxonomy":"product_cat","embeddable":true,"href":"https:\/\/totallubri.com.br\/index.php?rest_route=%2Fwp%2Fv2%2Fproduct_cat&post=5027"},{"taxonomy":"product_tag","embeddable":true,"href":"https:\/\/totallubri.com.br\/index.php?rest_route=%2Fwp%2Fv2%2Fproduct_tag&post=5027"}],"curies":[{"name":"wp","href":"https:\/\/api.w.org\/{rel}","templated":true}]}}