{"id":5031,"date":"2017-01-11T10:49:45","date_gmt":"2017-01-11T12:49:45","guid":{"rendered":"http:\/\/totallubri.com.br\/?post_type=product&#038;p=5031"},"modified":"2025-01-26T18:59:27","modified_gmt":"2025-01-26T21:59:27","slug":"unidade-de-abastecimento-bateria-9120p-piusi","status":"publish","type":"product","link":"https:\/\/totallubri.com.br\/?product=unidade-de-abastecimento-bateria-9120p-piusi","title":{"rendered":"Unidade de Abastecimento Bateria \u2013 9120P \u2013 Piusi"},"content":{"rendered":"<p align=\"left\">Com bomba autoaspirante de palhetas com<br \/>\nv\u00e1lvula by-pass, cabo, pin\u00e7as, interruptor<br \/>\non\/off e mangueira de suc\u00e7\u00e3o de 1,5 m.<\/p>\n<p align=\"left\"><span style=\"font-family: HelveticaNeue-LightCond;\">Vaz\u00e3o livre . <\/span><b><span style=\"font-family: HelveticaNeue-Bold;\">40 L\/min<br \/>\n<\/span><\/b><span style=\"font-family: HelveticaNeue-LightCond;\">Alimenta\u00e7\u00e3o . <\/span><b><span style=\"font-family: HelveticaNeue-Bold;\">12 V<br \/>\n<\/span><\/b><span style=\"font-family: HelveticaNeue-LightCond;\">Mangueira . <\/span><b><span style=\"font-family: HelveticaNeue-Bold;\">4 m <\/span><\/b><span style=\"font-family: HelveticaNeue-UltraLight;\">\/ <\/span><span style=\"font-family: HelveticaNeue-Light;\">\u00f8 <\/span><b><span style=\"font-family: HelveticaNeue-Bold;\">3\/4\u201d<br \/>\n<\/span><\/b><span style=\"font-family: HelveticaNeue-LightCond;\">Entrada e sa\u00edda . <\/span><span style=\"font-family: HelveticaNeue-Light;\">\u00f8 <\/span><b><span style=\"font-family: HelveticaNeue-Bold;\">3\/4\u201d <\/span><\/b><span style=\"font-family: HelveticaNeue-UltraLight;\">\/ <\/span><b><span style=\"font-family: HelveticaNeue-Bold;\">flangeado<br \/>\n<\/span><\/b><span style=\"font-family: HelveticaNeue-LightCond;\">Gatilho . M<\/span><b><span style=\"font-family: HelveticaNeue-Bold;\">anual <\/span><\/b><span style=\"font-family: HelveticaNeue-UltraLight;\">\/ A<\/span><b><span style=\"font-family: HelveticaNeue-Bold;\">lum\u00ednio<br \/>\n<\/span><\/b><span style=\"font-family: HelveticaNeue-LightCond; font-size: xx-small;\"><span style=\"font-family: HelveticaNeue-LightCond; font-size: small;\">Peso: 7,5 kg<\/span><\/span><\/p>\n","protected":false},"excerpt":{"rendered":"<p>Com bomba autoaspirante de palhetas com v\u00e1lvula by-pass, cabo, pin\u00e7as, interruptor on\/off e mangueira de suc\u00e7\u00e3o de 1,5 m. Vaz\u00e3o livre . 40 L\/min Alimenta\u00e7\u00e3o . 12 V Mangueira . 4 m \/ \u00f8 3\/4\u201d Entrada e sa\u00edda . \u00f8 3\/4\u201d \/ flangeado Gatilho . Manual \/ Alum\u00ednio Peso: 7,5 kg<\/p>\n","protected":false},"featured_media":5032,"comment_status":"open","ping_status":"closed","template":"","meta":{"_exactmetrics_skip_tracking":false,"_exactmetrics_sitenote_active":false,"_exactmetrics_sitenote_note":"","_exactmetrics_sitenote_category":0},"product_brand":[],"product_cat":[119],"product_tag":[],"class_list":{"0":"post-5031","1":"product","2":"type-product","3":"status-publish","4":"has-post-thumbnail","6":"product_cat-unidade-de-abastecimento-pneumatica","8":"first","9":"instock","10":"shipping-taxable","11":"product-type-simple"},"_links":{"self":[{"href":"https:\/\/totallubri.com.br\/index.php?rest_route=\/wp\/v2\/product\/5031","targetHints":{"allow":["GET"]}}],"collection":[{"href":"https:\/\/totallubri.com.br\/index.php?rest_route=\/wp\/v2\/product"}],"about":[{"href":"https:\/\/totallubri.com.br\/index.php?rest_route=\/wp\/v2\/types\/product"}],"replies":[{"embeddable":true,"href":"https:\/\/totallubri.com.br\/index.php?rest_route=%2Fwp%2Fv2%2Fcomments&post=5031"}],"wp:featuredmedia":[{"embeddable":true,"href":"https:\/\/totallubri.com.br\/index.php?rest_route=\/wp\/v2\/media\/5032"}],"wp:attachment":[{"href":"https:\/\/totallubri.com.br\/index.php?rest_route=%2Fwp%2Fv2%2Fmedia&parent=5031"}],"wp:term":[{"taxonomy":"product_brand","embeddable":true,"href":"https:\/\/totallubri.com.br\/index.php?rest_route=%2Fwp%2Fv2%2Fproduct_brand&post=5031"},{"taxonomy":"product_cat","embeddable":true,"href":"https:\/\/totallubri.com.br\/index.php?rest_route=%2Fwp%2Fv2%2Fproduct_cat&post=5031"},{"taxonomy":"product_tag","embeddable":true,"href":"https:\/\/totallubri.com.br\/index.php?rest_route=%2Fwp%2Fv2%2Fproduct_tag&post=5031"}],"curies":[{"name":"wp","href":"https:\/\/api.w.org\/{rel}","templated":true}]}}