{"id":5059,"date":"2017-01-11T11:17:45","date_gmt":"2017-01-11T13:17:45","guid":{"rendered":"http:\/\/totallubri.com.br\/?post_type=product&#038;p=5059"},"modified":"2024-12-05T21:43:32","modified_gmt":"2024-12-06T00:43:32","slug":"pedestal-para-estacoes-de-abastecimento-9125-p-piusi","status":"publish","type":"product","link":"https:\/\/totallubri.com.br\/?product=pedestal-para-estacoes-de-abastecimento-9125-p-piusi","title":{"rendered":"Pedestal para esta\u00e7\u00f5es de Abastecimento &#8211; 9125-P &#8211; Piusi"},"content":{"rendered":"<p align=\"left\">Em chapa de a\u00e7o, adapt\u00e1vel \u00e0s esta\u00e7\u00f5es de abastecimento.<\/p>\n<p align=\"left\"><span style=\"font-family: HelveticaNeue-LightCond;\">Esta\u00e7\u00f5es <\/span><b><span style=\"font-family: HelveticaNeue-Bold;\">9125P60 <\/span><\/b><span style=\"font-family: HelveticaNeue-UltraLight;\">\/ <\/span><b><span style=\"font-family: HelveticaNeue-Bold;\">9125P80 <\/span><\/b><span style=\"font-family: HelveticaNeue-UltraLight;\">\/ <\/span><b><span style=\"font-family: HelveticaNeue-Bold;\">9130P<\/span><\/b><\/p>\n<p align=\"left\"><span style=\"font-size: small;\">Peso: 18 kg .<br \/>\nMedidas: <\/span><span style=\"font-size: small;\">(A) 1030 mm x (L) 336 mm x (C) 281 mm<\/span><\/p>\n<p>&nbsp;<\/p>\n","protected":false},"excerpt":{"rendered":"<p>Em chapa de a\u00e7o, adapt\u00e1vel \u00e0s esta\u00e7\u00f5es de abastecimento. Esta\u00e7\u00f5es 9125P60 \/ 9125P80 \/ 9130P Peso: 18 kg . Medidas: (A) 1030 mm x (L) 336 mm x (C) 281 mm &nbsp;<\/p>\n","protected":false},"featured_media":5060,"comment_status":"open","ping_status":"closed","template":"","meta":{"_exactmetrics_skip_tracking":false,"_exactmetrics_sitenote_active":false,"_exactmetrics_sitenote_note":"","_exactmetrics_sitenote_category":0},"product_brand":[],"product_cat":[114],"product_tag":[],"class_list":{"0":"post-5059","1":"product","2":"type-product","3":"status-publish","4":"has-post-thumbnail","6":"product_cat-solucoes-para-abastecimento","8":"first","9":"instock","10":"shipping-taxable","11":"product-type-simple"},"_links":{"self":[{"href":"https:\/\/totallubri.com.br\/index.php?rest_route=\/wp\/v2\/product\/5059","targetHints":{"allow":["GET"]}}],"collection":[{"href":"https:\/\/totallubri.com.br\/index.php?rest_route=\/wp\/v2\/product"}],"about":[{"href":"https:\/\/totallubri.com.br\/index.php?rest_route=\/wp\/v2\/types\/product"}],"replies":[{"embeddable":true,"href":"https:\/\/totallubri.com.br\/index.php?rest_route=%2Fwp%2Fv2%2Fcomments&post=5059"}],"wp:featuredmedia":[{"embeddable":true,"href":"https:\/\/totallubri.com.br\/index.php?rest_route=\/wp\/v2\/media\/5060"}],"wp:attachment":[{"href":"https:\/\/totallubri.com.br\/index.php?rest_route=%2Fwp%2Fv2%2Fmedia&parent=5059"}],"wp:term":[{"taxonomy":"product_brand","embeddable":true,"href":"https:\/\/totallubri.com.br\/index.php?rest_route=%2Fwp%2Fv2%2Fproduct_brand&post=5059"},{"taxonomy":"product_cat","embeddable":true,"href":"https:\/\/totallubri.com.br\/index.php?rest_route=%2Fwp%2Fv2%2Fproduct_cat&post=5059"},{"taxonomy":"product_tag","embeddable":true,"href":"https:\/\/totallubri.com.br\/index.php?rest_route=%2Fwp%2Fv2%2Fproduct_tag&post=5059"}],"curies":[{"name":"wp","href":"https:\/\/api.w.org\/{rel}","templated":true}]}}