{"id":5065,"date":"2017-01-11T11:22:13","date_gmt":"2017-01-11T13:22:13","guid":{"rendered":"http:\/\/totallubri.com.br\/?post_type=product&#038;p=5065"},"modified":"2024-12-03T08:41:36","modified_gmt":"2024-12-03T11:41:36","slug":"estacao-de-transferencia-blindada-9134p-piusi","status":"publish","type":"product","link":"https:\/\/totallubri.com.br\/?product=estacao-de-transferencia-blindada-9134p-piusi","title":{"rendered":"Esta\u00e7\u00e3o de Transfer\u00eancia Blindada &#8211; 9134P &#8211; Piusi"},"content":{"rendered":"<p align=\"left\"><span style=\"font-size: small;\">Com bomba autoaspirante de palhetas com v\u00e1lvula by-pass, filtro interno, filtro by-pass de emerg\u00eancia, interruptor on\/off, painel com 02 displays, teclado e leitor i-button. Com registro da placa, Km, data e hora, possibilidade de interface com PC via software dedicado, impressora de ticket de abastecimento e indicador de n\u00edvel do tanque.<\/span><\/p>\n<p align=\"left\"><span style=\"font-family: HelveticaNeue-LightCond;\"><span style=\"font-family: HelveticaNeue-LightCond; font-size: small;\">Vaz\u00e3o livre . <\/span><\/span><span style=\"font-size: small;\"><b><span style=\"font-family: HelveticaNeue-Bold;\">90 L\/min<br \/>\n<\/span><\/b><span style=\"font-family: HelveticaNeue-LightCond;\">Alimenta\u00e7\u00e3o . <\/span><\/span><span style=\"font-size: small;\"><b><span style=\"font-family: HelveticaNeue-Bold;\">220 V<br \/>\n<\/span><\/b><span style=\"font-family: HelveticaNeue-LightCond;\">Mangueira . <\/span><b><span style=\"font-family: HelveticaNeue-Bold;\">4 m <\/span><\/b><span style=\"font-family: HelveticaNeue-UltraLight;\">\/ <\/span><span style=\"font-family: HelveticaNeue-Light;\">\u00f8 <\/span><\/span><span style=\"font-size: small;\"><b><span style=\"font-family: HelveticaNeue-Bold;\">1 1\/2\u201d<br \/>\n<\/span><\/b><span style=\"font-family: HelveticaNeue-LightCond;\">Entrada . <\/span><span style=\"font-family: HelveticaNeue-Light;\">\u00f8 <\/span><\/span><span style=\"font-size: small;\"><b><span style=\"font-family: HelveticaNeue-Bold;\">1 1\/2\u201d BSP<br \/>\n<\/span><\/b><span style=\"font-family: HelveticaNeue-LightCond;\">Bico de abastecimento <\/span><\/span><span style=\"font-size: small;\"><b><span style=\"font-family: HelveticaNeue-Bold;\">autom\u00e1tico<br \/>\n<\/span><\/b><span style=\"font-family: HelveticaNeue-LightCond;\">Medidor . <\/span><\/span><span style=\"font-size: small;\"><b><span style=\"font-family: HelveticaNeue-Bold;\">digital<br \/>\n<\/span><\/b><span style=\"font-family: HelveticaNeue-LightCond;\">Usu\u00e1rios codificados . <\/span><\/span><span style=\"font-size: small;\"><b><span style=\"font-family: HelveticaNeue-Bold;\">120<br \/>\n<\/span><\/b><span style=\"font-family: HelveticaNeue-LightCond;\">Filtro . <\/span><\/span><span style=\"font-size: small;\"><b><span style=\"font-family: HelveticaNeue-Bold;\">30 micra<br \/>\n<\/span><\/b><span style=\"font-family: HelveticaNeue-LightCond;\">Precis\u00e3o . <\/span><\/span><span style=\"font-size: small;\"><b><span style=\"font-family: HelveticaNeue-Bold;\">1%<br \/>\n<\/span><\/b><span style=\"font-family: HelveticaNeue-LightCond;\">Grau de prote\u00e7\u00e3o . <\/span><b><span style=\"font-family: HelveticaNeue-Bold;\">IP55<\/span><\/b><\/span><\/p>\n<p align=\"left\"><span style=\"font-size: small;\">Peso: 75 kg .<br \/>\nMedidas: (A) 1387 mm x (L) 457 mm x (C) 360 mm<\/span><\/p>\n<p align=\"left\"><span style=\"font-size: small;\">OBS: Entrega T\u00e9cnica sob consulta do Dep. Comercial Lupu<\/span><\/p>\n<p>&nbsp;<\/p>\n","protected":false},"excerpt":{"rendered":"<p>Com bomba autoaspirante de palhetas com v\u00e1lvula by-pass, filtro interno, filtro by-pass de emerg\u00eancia, interruptor on\/off, painel com 02 displays, teclado e leitor i-button. Com registro da placa, Km, data e hora, possibilidade de interface com PC via software dedicado, impressora de ticket de abastecimento e indicador de n\u00edvel do tanque. Vaz\u00e3o livre . 90 [&hellip;]<\/p>\n","protected":false},"featured_media":5066,"comment_status":"open","ping_status":"closed","template":"","meta":{"_exactmetrics_skip_tracking":false,"_exactmetrics_sitenote_active":false,"_exactmetrics_sitenote_note":"","_exactmetrics_sitenote_category":0},"product_brand":[],"product_cat":[115],"product_tag":[],"class_list":{"0":"post-5065","1":"product","2":"type-product","3":"status-publish","4":"has-post-thumbnail","6":"product_cat-estacao-de-abastecimento","8":"first","9":"instock","10":"shipping-taxable","11":"product-type-simple"},"_links":{"self":[{"href":"https:\/\/totallubri.com.br\/index.php?rest_route=\/wp\/v2\/product\/5065","targetHints":{"allow":["GET"]}}],"collection":[{"href":"https:\/\/totallubri.com.br\/index.php?rest_route=\/wp\/v2\/product"}],"about":[{"href":"https:\/\/totallubri.com.br\/index.php?rest_route=\/wp\/v2\/types\/product"}],"replies":[{"embeddable":true,"href":"https:\/\/totallubri.com.br\/index.php?rest_route=%2Fwp%2Fv2%2Fcomments&post=5065"}],"wp:featuredmedia":[{"embeddable":true,"href":"https:\/\/totallubri.com.br\/index.php?rest_route=\/wp\/v2\/media\/5066"}],"wp:attachment":[{"href":"https:\/\/totallubri.com.br\/index.php?rest_route=%2Fwp%2Fv2%2Fmedia&parent=5065"}],"wp:term":[{"taxonomy":"product_brand","embeddable":true,"href":"https:\/\/totallubri.com.br\/index.php?rest_route=%2Fwp%2Fv2%2Fproduct_brand&post=5065"},{"taxonomy":"product_cat","embeddable":true,"href":"https:\/\/totallubri.com.br\/index.php?rest_route=%2Fwp%2Fv2%2Fproduct_cat&post=5065"},{"taxonomy":"product_tag","embeddable":true,"href":"https:\/\/totallubri.com.br\/index.php?rest_route=%2Fwp%2Fv2%2Fproduct_tag&post=5065"}],"curies":[{"name":"wp","href":"https:\/\/api.w.org\/{rel}","templated":true}]}}