{"id":5068,"date":"2017-01-11T11:26:09","date_gmt":"2017-01-11T13:26:09","guid":{"rendered":"http:\/\/totallubri.com.br\/?post_type=product&#038;p=5068"},"modified":"2024-12-03T08:26:33","modified_gmt":"2024-12-03T11:26:33","slug":"estacao-de-abastecimento-a-prova-de-explosao-9501-12-piusi","status":"publish","type":"product","link":"https:\/\/totallubri.com.br\/?product=estacao-de-abastecimento-a-prova-de-explosao-9501-12-piusi","title":{"rendered":"Esta\u00e7\u00e3o de Abastecimento \u00e0 Prova de Explos\u00e3o &#8211; 9501-12 &#8211; Piusi"},"content":{"rendered":"<p align=\"left\"><span style=\"font-size: small;\">Em ferro fundido, com prote\u00e7\u00e3o t\u00e9rmica e bomba com v\u00e1lvula by-pass.<\/span><\/p>\n<p align=\"left\"><span style=\"font-family: HelveticaNeue-LightCond;\"><span style=\"font-family: HelveticaNeue-LightCond; font-size: small;\">Vaz\u00e3o livre . <\/span><\/span><span style=\"font-size: small;\"><b><span style=\"font-family: HelveticaNeue-Bold;\">50 L\/min<br \/>\n<\/span><\/b><span style=\"font-family: HelveticaNeue-LightCond;\">Alimenta\u00e7\u00e3o . <\/span><\/span><span style=\"font-size: small;\"><b><span style=\"font-family: HelveticaNeue-Bold;\">12 V<br \/>\n<\/span><\/b><span style=\"font-family: HelveticaNeue-LightCond;\">Entrada . <\/span><span style=\"font-family: HelveticaNeue-Light;\">\u00f8 <\/span><\/span><span style=\"font-size: small;\"><b><span style=\"font-family: HelveticaNeue-Bold;\">1\u201d BSP<br \/>\n<\/span><\/b><span style=\"font-family: HelveticaNeue-LightCond;\">Fator de trabalho . <\/span><\/span><span style=\"font-size: small;\"><b><span style=\"font-family: HelveticaNeue-Bold;\">30 minutos<br \/>\n<\/span><\/b><span style=\"font-family: HelveticaNeue-LightCond;\">Mangueira . <\/span><b><span style=\"font-family: HelveticaNeue-Bold;\">5 m <\/span><\/b><span style=\"font-family: HelveticaNeue-UltraLight;\">\/ <\/span><span style=\"font-family: HelveticaNeue-Light;\">\u00f8 <\/span><\/span><span style=\"font-size: small;\"><b><span style=\"font-family: HelveticaNeue-Bold;\">1\u201d<br \/>\n<\/span><\/b><span style=\"font-family: HelveticaNeue-LightCond;\">Conector para tambor . <\/span><span style=\"font-family: HelveticaNeue-Light;\">\u00f8 <\/span><\/span><span style=\"font-size: small;\"><b><span style=\"font-family: HelveticaNeue-Bold;\">2\u201d BSP<br \/>\n<\/span><\/b><span style=\"font-family: HelveticaNeue-LightCond;\">Bico de abastecimento . <\/span><\/span><span style=\"font-size: small;\"><b><span style=\"font-family: HelveticaNeue-Bold;\">manual<br \/>\n<\/span><\/b><span style=\"font-family: HelveticaNeue-LightCond;\">Grau de prote\u00e7\u00e3o . <\/span><\/span><span style=\"font-size: small;\"><b><span style=\"font-family: HelveticaNeue-Bold;\">IP55<br \/>\n<\/span><\/b><span style=\"font-family: HelveticaNeue-LightCond;\">Certifica\u00e7\u00e3o bomba . <\/span><\/span><span style=\"font-size: small;\"><b><span style=\"font-family: HelveticaNeue-Bold;\">IECEx\/INMETRO<br \/>\n<\/span><\/b><span style=\"font-family: HelveticaNeue-LightCond;\">Peso: 10 kg<\/span><\/span><\/p>\n<p align=\"left\"><span style=\"font-size: small;\">OBS: Cabos e pin\u00e7as de alimenta\u00e7\u00e3o n\u00e3o acompanham o produto<\/span><\/p>\n<p>&nbsp;<\/p>\n","protected":false},"excerpt":{"rendered":"<p>Em ferro fundido, com prote\u00e7\u00e3o t\u00e9rmica e bomba com v\u00e1lvula by-pass. Vaz\u00e3o livre . 50 L\/min Alimenta\u00e7\u00e3o . 12 V Entrada . \u00f8 1\u201d BSP Fator de trabalho . 30 minutos Mangueira . 5 m \/ \u00f8 1\u201d Conector para tambor . \u00f8 2\u201d BSP Bico de abastecimento . manual Grau de prote\u00e7\u00e3o . IP55 [&hellip;]<\/p>\n","protected":false},"featured_media":5069,"comment_status":"open","ping_status":"closed","template":"","meta":{"_exactmetrics_skip_tracking":false,"_exactmetrics_sitenote_active":false,"_exactmetrics_sitenote_note":"","_exactmetrics_sitenote_category":0},"product_brand":[],"product_cat":[115],"product_tag":[],"class_list":{"0":"post-5068","1":"product","2":"type-product","3":"status-publish","4":"has-post-thumbnail","6":"product_cat-estacao-de-abastecimento","8":"first","9":"instock","10":"shipping-taxable","11":"product-type-simple"},"_links":{"self":[{"href":"https:\/\/totallubri.com.br\/index.php?rest_route=\/wp\/v2\/product\/5068","targetHints":{"allow":["GET"]}}],"collection":[{"href":"https:\/\/totallubri.com.br\/index.php?rest_route=\/wp\/v2\/product"}],"about":[{"href":"https:\/\/totallubri.com.br\/index.php?rest_route=\/wp\/v2\/types\/product"}],"replies":[{"embeddable":true,"href":"https:\/\/totallubri.com.br\/index.php?rest_route=%2Fwp%2Fv2%2Fcomments&post=5068"}],"wp:featuredmedia":[{"embeddable":true,"href":"https:\/\/totallubri.com.br\/index.php?rest_route=\/wp\/v2\/media\/5069"}],"wp:attachment":[{"href":"https:\/\/totallubri.com.br\/index.php?rest_route=%2Fwp%2Fv2%2Fmedia&parent=5068"}],"wp:term":[{"taxonomy":"product_brand","embeddable":true,"href":"https:\/\/totallubri.com.br\/index.php?rest_route=%2Fwp%2Fv2%2Fproduct_brand&post=5068"},{"taxonomy":"product_cat","embeddable":true,"href":"https:\/\/totallubri.com.br\/index.php?rest_route=%2Fwp%2Fv2%2Fproduct_cat&post=5068"},{"taxonomy":"product_tag","embeddable":true,"href":"https:\/\/totallubri.com.br\/index.php?rest_route=%2Fwp%2Fv2%2Fproduct_tag&post=5068"}],"curies":[{"name":"wp","href":"https:\/\/api.w.org\/{rel}","templated":true}]}}