{"id":5080,"date":"2017-01-11T11:36:43","date_gmt":"2017-01-11T13:36:43","guid":{"rendered":"http:\/\/totallubri.com.br\/?post_type=product&#038;p=5080"},"modified":"2024-12-03T08:32:29","modified_gmt":"2024-12-03T11:32:29","slug":"estacao-de-abastecimento-a-prova-de-explosao-9504-12-piusi","status":"publish","type":"product","link":"https:\/\/totallubri.com.br\/?product=estacao-de-abastecimento-a-prova-de-explosao-9504-12-piusi","title":{"rendered":"Esta\u00e7\u00e3o de Abastecimento \u00e0 Prova de Explos\u00e3o &#8211; 9504-12 &#8211; Piusi"},"content":{"rendered":"<p align=\"left\">Em a\u00e7o carbono, estrutura robusta e compacta, bomba com v\u00e1lvula by-pass, v\u00e1lvula de reten\u00e7\u00e3o, v\u00e1lvula de al\u00edvio e press\u00e3o, protetor t\u00e9rmico e filtro antirru\u00eddo.<br \/>\nAdapt\u00e1vel a tambores de 200 L, com sistema plug on\/off na qual a bomba \u00e9 ligada ao retirar o bico de abastecimento do suporte e desligada quando o bico \u00e9 recolocado.<\/p>\n<p align=\"left\"><span style=\"font-family: HelveticaNeue-LightCond;\">Vaz\u00e3o livre . <\/span><b><span style=\"font-family: HelveticaNeue-Bold;\">50 L\/min<br \/>\n<\/span><\/b><span style=\"font-family: HelveticaNeue-LightCond;\">Alimenta\u00e7\u00e3o . <\/span><b><span style=\"font-family: HelveticaNeue-Bold;\">12 V<br \/>\n<\/span><\/b><span style=\"font-family: HelveticaNeue-LightCond;\">Entrada e sa\u00edda . <\/span><span style=\"font-family: HelveticaNeue-Light;\">\u00f8 <\/span><b><span style=\"font-family: HelveticaNeue-Bold;\">1\u201d <\/span><\/b><span style=\"font-family: HelveticaNeue-UltraLight;\">\/ <\/span><b><span style=\"font-family: HelveticaNeue-Bold;\">fl angeado<br \/>\n<\/span><\/b><span style=\"font-family: HelveticaNeue-LightCond;\">Fator de trabalho . <\/span><b><span style=\"font-family: HelveticaNeue-Bold;\">30 minutos<br \/>\n<\/span><\/b><span style=\"font-family: HelveticaNeue-LightCond;\">Pot\u00eancia <\/span><b><span style=\"font-family: HelveticaNeue-Bold;\">250 W <\/span><\/b><span style=\"font-family: HelveticaNeue-UltraLight;\">\/ <\/span><b><span style=\"font-family: HelveticaNeue-Bold;\">21 amp\u00e8res <\/span><\/b><span style=\"font-family: HelveticaNeue-UltraLight;\">\/ <\/span><b><span style=\"font-family: HelveticaNeue-Bold;\">2.700 RPM<br \/>\n<\/span><\/b><span style=\"font-family: HelveticaNeue-LightCond;\">Mangueira . <\/span><b><span style=\"font-family: HelveticaNeue-Bold;\">5 m <\/span><\/b><span style=\"font-family: HelveticaNeue-UltraLight;\">\/ <\/span><span style=\"font-family: HelveticaNeue-Light;\">\u00f8 <\/span><b><span style=\"font-family: HelveticaNeue-Bold;\">3\/4\u201d<br \/>\nhomologada pelo Inmetro<br \/>\n<\/span><\/b><span style=\"font-family: HelveticaNeue-LightCond;\">Conector para tambor . <\/span><span style=\"font-family: HelveticaNeue-Light;\">\u00f8 <\/span><b><span style=\"font-family: HelveticaNeue-Bold;\">2\u201d <\/span><\/b><span style=\"font-family: HelveticaNeue-UltraLight;\">\/ <\/span><b><span style=\"font-family: HelveticaNeue-Bold;\">flangeado<br \/>\ntela de filtragem de part\u00edculas<br \/>\n<\/span><\/b><span style=\"font-family: HelveticaNeue-LightCond;\">Bico de abastecimento . <\/span><b><span style=\"font-family: HelveticaNeue-Bold;\">autom\u00e1tico<br \/>\n<\/span><\/b><span style=\"font-family: HelveticaNeue-LightCond;\">Filtro . <\/span><b><span style=\"font-family: HelveticaNeue-Bold;\">140 micra <\/span><\/b><span style=\"font-family: HelveticaNeue-UltraLight;\">\/ <\/span><b><span style=\"font-family: HelveticaNeue-Bold;\">part\u00edculas <\/span><\/b><span style=\"font-family: HelveticaNeue-UltraLight;\">\/ <\/span><b><span style=\"font-family: HelveticaNeue-Bold;\">lav\u00e1vel<br \/>\n<\/span><\/b><span style=\"font-family: HelveticaNeue-LightCond;\">Medidor . <\/span><b><span style=\"font-family: HelveticaNeue-Bold;\">digital<br \/>\n<\/span><\/b><span style=\"font-family: HelveticaNeue-LightCond;\">Certifica\u00e7\u00e3o medidor . <\/span><b><span style=\"font-family: HelveticaNeue-Bold;\">UL<br \/>\n<\/span><\/b><span style=\"font-family: HelveticaNeue-LightCond;\">Grau de prote\u00e7\u00e3o . <\/span><b><span style=\"font-family: HelveticaNeue-Bold;\">IP55<br \/>\n<\/span><\/b><span style=\"font-family: HelveticaNeue-LightCond;\">Certifica\u00e7\u00e3o bomba . <\/span><b><span style=\"font-family: HelveticaNeue-Bold;\">ATEX<br \/>\n<\/span><\/b><span style=\"font-family: HelveticaNeue-LightCond;\">Suc\u00e7\u00e3o m\u00e1xima com v\u00e1lvula de retorno . <\/span><b><span style=\"font-family: HelveticaNeue-Bold;\">2 m<br \/>\n<\/span><\/b><span style=\"font-family: HelveticaNeue-LightCond;\">Suc\u00e7\u00e3o m\u00e1xima sem v\u00e1lvula de retorno . <\/span><b><span style=\"font-family: HelveticaNeue-Bold;\">4 m<br \/>\n<\/span><\/b><span style=\"font-family: HelveticaNeue-LightCond;\">Peso: 7,9 kg<\/span><\/p>\n<p align=\"left\"><span style=\"color: #4d4d4d; font-family: HelveticaNeue-Condensed; font-size: xx-small;\"><span style=\"font-size: small;\">OBS: Cabos e pin\u00e7as de alimenta\u00e7\u00e3o n\u00e3o acompanham <\/span><span style=\"font-size: small;\">o produto<\/span><\/span><\/p>\n","protected":false},"excerpt":{"rendered":"<p>Em a\u00e7o carbono, estrutura robusta e compacta, bomba com v\u00e1lvula by-pass, v\u00e1lvula de reten\u00e7\u00e3o, v\u00e1lvula de al\u00edvio e press\u00e3o, protetor t\u00e9rmico e filtro antirru\u00eddo. Adapt\u00e1vel a tambores de 200 L, com sistema plug on\/off na qual a bomba \u00e9 ligada ao retirar o bico de abastecimento do suporte e desligada quando o bico \u00e9 recolocado. [&hellip;]<\/p>\n","protected":false},"featured_media":5081,"comment_status":"open","ping_status":"closed","template":"","meta":{"_exactmetrics_skip_tracking":false,"_exactmetrics_sitenote_active":false,"_exactmetrics_sitenote_note":"","_exactmetrics_sitenote_category":0},"product_brand":[],"product_cat":[115],"product_tag":[],"class_list":{"0":"post-5080","1":"product","2":"type-product","3":"status-publish","4":"has-post-thumbnail","6":"product_cat-estacao-de-abastecimento","8":"first","9":"instock","10":"shipping-taxable","11":"product-type-simple"},"_links":{"self":[{"href":"https:\/\/totallubri.com.br\/index.php?rest_route=\/wp\/v2\/product\/5080","targetHints":{"allow":["GET"]}}],"collection":[{"href":"https:\/\/totallubri.com.br\/index.php?rest_route=\/wp\/v2\/product"}],"about":[{"href":"https:\/\/totallubri.com.br\/index.php?rest_route=\/wp\/v2\/types\/product"}],"replies":[{"embeddable":true,"href":"https:\/\/totallubri.com.br\/index.php?rest_route=%2Fwp%2Fv2%2Fcomments&post=5080"}],"wp:featuredmedia":[{"embeddable":true,"href":"https:\/\/totallubri.com.br\/index.php?rest_route=\/wp\/v2\/media\/5081"}],"wp:attachment":[{"href":"https:\/\/totallubri.com.br\/index.php?rest_route=%2Fwp%2Fv2%2Fmedia&parent=5080"}],"wp:term":[{"taxonomy":"product_brand","embeddable":true,"href":"https:\/\/totallubri.com.br\/index.php?rest_route=%2Fwp%2Fv2%2Fproduct_brand&post=5080"},{"taxonomy":"product_cat","embeddable":true,"href":"https:\/\/totallubri.com.br\/index.php?rest_route=%2Fwp%2Fv2%2Fproduct_cat&post=5080"},{"taxonomy":"product_tag","embeddable":true,"href":"https:\/\/totallubri.com.br\/index.php?rest_route=%2Fwp%2Fv2%2Fproduct_tag&post=5080"}],"curies":[{"name":"wp","href":"https:\/\/api.w.org\/{rel}","templated":true}]}}