{"id":5091,"date":"2017-01-11T11:48:01","date_gmt":"2017-01-11T13:48:01","guid":{"rendered":"http:\/\/totallubri.com.br\/?post_type=product&#038;p=5091"},"modified":"2024-12-03T08:44:29","modified_gmt":"2024-12-03T11:44:29","slug":"estacao-transferencia-movel-eletrica-9121p-200-piusi","status":"publish","type":"product","link":"https:\/\/totallubri.com.br\/?product=estacao-transferencia-movel-eletrica-9121p-200-piusi","title":{"rendered":"Esta\u00e7\u00e3o Transfer\u00eancia M\u00f3vel El\u00e9trica &#8211; 9121P-200 &#8211; Piusi"},"content":{"rendered":"<p align=\"left\">Em a\u00e7o, carrinho desmont\u00e1vel para instala\u00e7\u00e3o da bomba de parede, com bomba autoaspirante de palhetas com v\u00e1lvula by-pass, filtro interno, interruptor on\/off e cabo de alimenta\u00e7\u00e3o.<\/p>\n<p align=\"left\"><span style=\"font-family: HelveticaNeue-LightCond; font-size: xx-small;\"><span style=\"font-size: small;\">Vaz\u00e3o livre . <\/span><\/span><b><span style=\"font-family: HelveticaNeue-Bold;\">200 L\/min<br \/>\n<\/span><\/b><span style=\"font-family: HelveticaNeue-LightCond;\"><span style=\"font-family: HelveticaNeue-LightCond; font-size: small;\">Alimenta\u00e7\u00e3o . <\/span><\/span><span style=\"font-size: small;\"><b><span style=\"font-family: HelveticaNeue-Bold;\">220 V<br \/>\n<\/span><\/b><span style=\"font-family: HelveticaNeue-LightCond;\">Entrada e sa\u00edda . <\/span><span style=\"font-family: HelveticaNeue-Light;\">\u00f8 <\/span><\/span><span style=\"font-size: small;\"><b><span style=\"font-family: HelveticaNeue-Bold;\">1 1\/2\u201d BSP<br \/>\n<\/span><\/b><span style=\"font-family: HelveticaNeue-LightCond;\">Medidor . <\/span><\/span><span style=\"font-size: small;\"><b><span style=\"font-family: HelveticaNeue-Bold;\">n\u00e3o acompanha<br \/>\n<\/span><\/b><span style=\"font-family: HelveticaNeue-LightCond;\">Peso: 46 kg . Medidas: (A) 450 mm x (L) 550 mm<\/span><\/span><\/p>\n","protected":false},"excerpt":{"rendered":"<p>Em a\u00e7o, carrinho desmont\u00e1vel para instala\u00e7\u00e3o da bomba de parede, com bomba autoaspirante de palhetas com v\u00e1lvula by-pass, filtro interno, interruptor on\/off e cabo de alimenta\u00e7\u00e3o. Vaz\u00e3o livre . 200 L\/min Alimenta\u00e7\u00e3o . 220 V Entrada e sa\u00edda . \u00f8 1 1\/2\u201d BSP Medidor . n\u00e3o acompanha Peso: 46 kg . Medidas: (A) 450 mm [&hellip;]<\/p>\n","protected":false},"featured_media":5092,"comment_status":"open","ping_status":"closed","template":"","meta":{"_exactmetrics_skip_tracking":false,"_exactmetrics_sitenote_active":false,"_exactmetrics_sitenote_note":"","_exactmetrics_sitenote_category":0},"product_brand":[],"product_cat":[115],"product_tag":[],"class_list":{"0":"post-5091","1":"product","2":"type-product","3":"status-publish","4":"has-post-thumbnail","6":"product_cat-estacao-de-abastecimento","8":"first","9":"instock","10":"shipping-taxable","11":"product-type-simple"},"_links":{"self":[{"href":"https:\/\/totallubri.com.br\/index.php?rest_route=\/wp\/v2\/product\/5091","targetHints":{"allow":["GET"]}}],"collection":[{"href":"https:\/\/totallubri.com.br\/index.php?rest_route=\/wp\/v2\/product"}],"about":[{"href":"https:\/\/totallubri.com.br\/index.php?rest_route=\/wp\/v2\/types\/product"}],"replies":[{"embeddable":true,"href":"https:\/\/totallubri.com.br\/index.php?rest_route=%2Fwp%2Fv2%2Fcomments&post=5091"}],"wp:featuredmedia":[{"embeddable":true,"href":"https:\/\/totallubri.com.br\/index.php?rest_route=\/wp\/v2\/media\/5092"}],"wp:attachment":[{"href":"https:\/\/totallubri.com.br\/index.php?rest_route=%2Fwp%2Fv2%2Fmedia&parent=5091"}],"wp:term":[{"taxonomy":"product_brand","embeddable":true,"href":"https:\/\/totallubri.com.br\/index.php?rest_route=%2Fwp%2Fv2%2Fproduct_brand&post=5091"},{"taxonomy":"product_cat","embeddable":true,"href":"https:\/\/totallubri.com.br\/index.php?rest_route=%2Fwp%2Fv2%2Fproduct_cat&post=5091"},{"taxonomy":"product_tag","embeddable":true,"href":"https:\/\/totallubri.com.br\/index.php?rest_route=%2Fwp%2Fv2%2Fproduct_tag&post=5091"}],"curies":[{"name":"wp","href":"https:\/\/api.w.org\/{rel}","templated":true}]}}