{"id":5121,"date":"2017-01-11T13:25:03","date_gmt":"2017-01-11T15:25:03","guid":{"rendered":"http:\/\/totallubri.com.br\/?post_type=product&#038;p=5121"},"modified":"2025-01-26T18:58:08","modified_gmt":"2025-01-26T21:58:08","slug":"unidade-de-abastecimento-eletrica-9300-c-piusi","status":"publish","type":"product","link":"https:\/\/totallubri.com.br\/?product=unidade-de-abastecimento-eletrica-9300-c-piusi","title":{"rendered":"Unidade de Abastecimento El\u00e9trica \u2013 9300-C -Piusi"},"content":{"rendered":"<p align=\"LEFT\">Reservat\u00f3rio em polietileno e porta-palete em a\u00e7o (IBC), com bomba de palhetas com v\u00e1lvula by-pass, e mangueira de suc\u00e7\u00e3o. IBC certifi cado pelo Inmetro e ATT para transporte de produtos perigosos.<\/p>\n<p align=\"LEFT\"><span style=\"font-size: small;\"><span style=\"font-family: HelveticaNeue-LightCond;\">Vaz\u00e3o livre . <\/span><b><span style=\"font-family: HelveticaNeue-Bold;\">60 L\/min<\/span><\/b><\/span><\/p>\n<p align=\"LEFT\"><span style=\"font-size: small;\"><span style=\"font-family: HelveticaNeue-LightCond;\">Capacidade . <\/span><b><span style=\"font-family: HelveticaNeue-Bold;\">1.000 L<\/span><\/b><\/span><\/p>\n<p align=\"LEFT\"><span style=\"font-size: small;\"><span style=\"font-family: HelveticaNeue-LightCond;\">Alimenta\u00e7\u00e3o . <\/span><b><span style=\"font-family: HelveticaNeue-Bold;\">220 V<\/span><\/b><\/span><\/p>\n<p align=\"LEFT\"><span style=\"font-size: small;\"><span style=\"font-family: HelveticaNeue-LightCond;\">Medidor . <\/span><b><span style=\"font-family: HelveticaNeue-Bold;\">mec\u00e2nico <\/span><\/b><span style=\"font-family: HelveticaNeue-UltraLight;\">\/ <\/span><b><span style=\"font-family: HelveticaNeue-Bold;\">3 d\u00edgitos<\/span><\/b><\/span><\/p>\n<p align=\"LEFT\"><span style=\"font-size: small;\"><span style=\"font-family: HelveticaNeue-LightCond;\">Bico de abastecimento . <\/span><b><span style=\"font-family: HelveticaNeue-Bold;\">manual <\/span><\/b><span style=\"font-family: HelveticaNeue-UltraLight;\">\/ <\/span><b><span style=\"font-family: HelveticaNeue-Bold;\">alum\u00ednio<\/span><\/b><\/span><\/p>\n<p align=\"LEFT\"><span style=\"font-size: small;\"><span style=\"font-family: HelveticaNeue-LightCond;\">Carretel . <\/span><b><span style=\"font-family: HelveticaNeue-Bold;\">autom\u00e1tico<\/span><\/b><\/span><\/p>\n<p align=\"LEFT\"><span style=\"font-size: small;\"><span style=\"font-family: HelveticaNeue-LightCond;\">Mangueira . <\/span><b><span style=\"font-family: HelveticaNeue-Bold;\">10 m <\/span><\/b><span style=\"font-family: HelveticaNeue-UltraLight;\">\/ <\/span><span style=\"font-family: HelveticaNeue-Light;\">\u00f8 <\/span><b><span style=\"font-family: HelveticaNeue-Bold;\">3\/4\u201d<\/span><\/b><\/span><\/p>\n<p align=\"LEFT\"><span style=\"font-size: small;\">Peso: 115 kg<\/span><\/p>\n<p><span style=\"font-size: small;\">Medidas: (A) 1165 mm x (L) 1000 mm x (C) 1210 mm<\/span><\/p>\n<p>&nbsp;<\/p>\n","protected":false},"excerpt":{"rendered":"<p>Reservat\u00f3rio em polietileno e porta-palete em a\u00e7o (IBC), com bomba de palhetas com v\u00e1lvula by-pass, e mangueira de suc\u00e7\u00e3o. IBC certifi cado pelo Inmetro e ATT para transporte de produtos perigosos. Vaz\u00e3o livre . 60 L\/min Capacidade . 1.000 L Alimenta\u00e7\u00e3o . 220 V Medidor . mec\u00e2nico \/ 3 d\u00edgitos Bico de abastecimento . manual [&hellip;]<\/p>\n","protected":false},"featured_media":5122,"comment_status":"open","ping_status":"closed","template":"","meta":{"_exactmetrics_skip_tracking":false,"_exactmetrics_sitenote_active":false,"_exactmetrics_sitenote_note":"","_exactmetrics_sitenote_category":0},"product_brand":[],"product_cat":[119],"product_tag":[],"class_list":{"0":"post-5121","1":"product","2":"type-product","3":"status-publish","4":"has-post-thumbnail","6":"product_cat-unidade-de-abastecimento-pneumatica","8":"first","9":"instock","10":"shipping-taxable","11":"product-type-simple"},"_links":{"self":[{"href":"https:\/\/totallubri.com.br\/index.php?rest_route=\/wp\/v2\/product\/5121","targetHints":{"allow":["GET"]}}],"collection":[{"href":"https:\/\/totallubri.com.br\/index.php?rest_route=\/wp\/v2\/product"}],"about":[{"href":"https:\/\/totallubri.com.br\/index.php?rest_route=\/wp\/v2\/types\/product"}],"replies":[{"embeddable":true,"href":"https:\/\/totallubri.com.br\/index.php?rest_route=%2Fwp%2Fv2%2Fcomments&post=5121"}],"wp:featuredmedia":[{"embeddable":true,"href":"https:\/\/totallubri.com.br\/index.php?rest_route=\/wp\/v2\/media\/5122"}],"wp:attachment":[{"href":"https:\/\/totallubri.com.br\/index.php?rest_route=%2Fwp%2Fv2%2Fmedia&parent=5121"}],"wp:term":[{"taxonomy":"product_brand","embeddable":true,"href":"https:\/\/totallubri.com.br\/index.php?rest_route=%2Fwp%2Fv2%2Fproduct_brand&post=5121"},{"taxonomy":"product_cat","embeddable":true,"href":"https:\/\/totallubri.com.br\/index.php?rest_route=%2Fwp%2Fv2%2Fproduct_cat&post=5121"},{"taxonomy":"product_tag","embeddable":true,"href":"https:\/\/totallubri.com.br\/index.php?rest_route=%2Fwp%2Fv2%2Fproduct_tag&post=5121"}],"curies":[{"name":"wp","href":"https:\/\/api.w.org\/{rel}","templated":true}]}}