{"id":5134,"date":"2017-01-11T13:36:17","date_gmt":"2017-01-11T15:36:17","guid":{"rendered":"http:\/\/totallubri.com.br\/?post_type=product&#038;p=5134"},"modified":"2025-01-26T18:49:19","modified_gmt":"2025-01-26T21:49:19","slug":"unidade-de-abastecimento-a-prova-de-explosao-9503-u12-piuse","status":"publish","type":"product","link":"https:\/\/totallubri.com.br\/?product=unidade-de-abastecimento-a-prova-de-explosao-9503-u12-piuse","title":{"rendered":"Unidade de Abastecimento \u00e0 Prova de Explos\u00e3o \u2013 9503-U12 \u2013 Piuse"},"content":{"rendered":"<p align=\"left\">Reservat\u00f3rio em polietileno e porta-palete<br \/>\nem a\u00e7o (IBC), com prote\u00e7\u00e3o t\u00e9rmica, bomba<br \/>\ncom v\u00e1lvula by-pass, fi ltro para absor\u00e7\u00e3o<br \/>\nde part\u00edculas e mangueira de suc\u00e7\u00e3o.<br \/>\nBomba certifi cada pelo IECEx\/Inmetro.<\/p>\n<p align=\"left\"><span style=\"font-family: HelveticaNeue-LightCond;\">Vaz\u00e3o livre . <\/span><b><span style=\"font-family: HelveticaNeue-Bold;\">50 L\/min<br \/>\n<\/span><\/b><span style=\"font-family: HelveticaNeue-LightCond;\">Capacidade . <\/span><b><span style=\"font-family: HelveticaNeue-Bold;\">1.000 L<br \/>\n<\/span><\/b><span style=\"font-family: HelveticaNeue-LightCond;\">Alimenta\u00e7\u00e3o . <\/span><b><span style=\"font-family: HelveticaNeue-Bold;\">12 V<br \/>\n<\/span><\/b><span style=\"font-family: HelveticaNeue-LightCond;\">Entrada . <\/span><span style=\"font-family: HelveticaNeue-Light;\">\u00f8 <\/span><b><span style=\"font-family: HelveticaNeue-Bold;\">1\u201d BSP<br \/>\n<\/span><\/b><span style=\"font-family: HelveticaNeue-LightCond;\">Medidor <\/span><b><span style=\"font-family: HelveticaNeue-Bold;\">mec\u00e2nico a prova de explos\u00e3o 3 d\u00edgitos <\/span><\/b><span style=\"font-family: HelveticaNeue-UltraLight;\">\/ <\/span><b><span style=\"font-family: HelveticaNeue-Bold;\">certifi cado ATEX<br \/>\n<\/span><\/b><span style=\"font-family: HelveticaNeue-LightCond;\">Bico de abastecimento . <\/span><b><span style=\"font-family: HelveticaNeue-Bold;\">autom\u00e1tico <\/span><\/b><span style=\"font-family: HelveticaNeue-UltraLight;\">\/ <\/span><span style=\"font-family: HelveticaNeue-Light;\">\u00f8 <\/span><b><span style=\"font-family: HelveticaNeue-Bold;\">3\/4\u201d<br \/>\n<\/span><\/b><span style=\"font-family: HelveticaNeue-LightCond;\">Mangueira . <\/span><b><span style=\"font-family: HelveticaNeue-Bold;\">5 m <\/span><\/b><span style=\"font-family: HelveticaNeue-UltraLight;\">\/ <\/span><span style=\"font-family: HelveticaNeue-Light;\">\u00f8 <\/span><b><span style=\"font-family: HelveticaNeue-Bold;\">3\/4\u201d<br \/>\n<\/span><\/b><span style=\"font-family: HelveticaNeue-LightCond;\">Conector . <\/span><span style=\"font-family: HelveticaNeue-Light;\">\u00f8 <\/span><b><span style=\"font-family: HelveticaNeue-Bold;\">2\u201d BSP<br \/>\n<\/span><\/b><span style=\"font-family: HelveticaNeue-LightCond;\">Filtro . <\/span><b><span style=\"font-family: HelveticaNeue-Bold;\">70 micra<br \/>\n<\/span><\/b><span style=\"font-family: HelveticaNeue-LightCond;\">Fator de trabalho . <\/span><b><span style=\"font-family: HelveticaNeue-Bold;\">30 minutos<br \/>\n<\/span><\/b><span style=\"font-family: HelveticaNeue-LightCond; font-size: xx-small;\"><span style=\"font-size: small;\">Peso: 50 kg<br \/>\n<\/span><span style=\"font-size: small;\">Medidas: (A) 1165 mm x (L) 1000 mm x (C) 1210 mm<\/span><\/span><\/p>\n","protected":false},"excerpt":{"rendered":"<p>Reservat\u00f3rio em polietileno e porta-palete em a\u00e7o (IBC), com prote\u00e7\u00e3o t\u00e9rmica, bomba com v\u00e1lvula by-pass, fi ltro para absor\u00e7\u00e3o de part\u00edculas e mangueira de suc\u00e7\u00e3o. Bomba certifi cada pelo IECEx\/Inmetro. Vaz\u00e3o livre . 50 L\/min Capacidade . 1.000 L Alimenta\u00e7\u00e3o . 12 V Entrada . \u00f8 1\u201d BSP Medidor mec\u00e2nico a prova de explos\u00e3o 3 [&hellip;]<\/p>\n","protected":false},"featured_media":5136,"comment_status":"open","ping_status":"closed","template":"","meta":{"_exactmetrics_skip_tracking":false,"_exactmetrics_sitenote_active":false,"_exactmetrics_sitenote_note":"","_exactmetrics_sitenote_category":0},"product_brand":[],"product_cat":[119],"product_tag":[],"class_list":{"0":"post-5134","1":"product","2":"type-product","3":"status-publish","4":"has-post-thumbnail","6":"product_cat-unidade-de-abastecimento-pneumatica","8":"first","9":"instock","10":"shipping-taxable","11":"product-type-simple"},"_links":{"self":[{"href":"https:\/\/totallubri.com.br\/index.php?rest_route=\/wp\/v2\/product\/5134","targetHints":{"allow":["GET"]}}],"collection":[{"href":"https:\/\/totallubri.com.br\/index.php?rest_route=\/wp\/v2\/product"}],"about":[{"href":"https:\/\/totallubri.com.br\/index.php?rest_route=\/wp\/v2\/types\/product"}],"replies":[{"embeddable":true,"href":"https:\/\/totallubri.com.br\/index.php?rest_route=%2Fwp%2Fv2%2Fcomments&post=5134"}],"wp:featuredmedia":[{"embeddable":true,"href":"https:\/\/totallubri.com.br\/index.php?rest_route=\/wp\/v2\/media\/5136"}],"wp:attachment":[{"href":"https:\/\/totallubri.com.br\/index.php?rest_route=%2Fwp%2Fv2%2Fmedia&parent=5134"}],"wp:term":[{"taxonomy":"product_brand","embeddable":true,"href":"https:\/\/totallubri.com.br\/index.php?rest_route=%2Fwp%2Fv2%2Fproduct_brand&post=5134"},{"taxonomy":"product_cat","embeddable":true,"href":"https:\/\/totallubri.com.br\/index.php?rest_route=%2Fwp%2Fv2%2Fproduct_cat&post=5134"},{"taxonomy":"product_tag","embeddable":true,"href":"https:\/\/totallubri.com.br\/index.php?rest_route=%2Fwp%2Fv2%2Fproduct_tag&post=5134"}],"curies":[{"name":"wp","href":"https:\/\/api.w.org\/{rel}","templated":true}]}}