{"id":5145,"date":"2017-01-11T13:45:31","date_gmt":"2017-01-11T15:45:31","guid":{"rendered":"http:\/\/totallubri.com.br\/?post_type=product&#038;p=5145"},"modified":"2025-01-21T12:33:40","modified_gmt":"2025-01-21T15:33:40","slug":"ponteira-2062-p-lupus","status":"publish","type":"product","link":"https:\/\/totallubri.com.br\/?product=ponteira-2062-p-lupus","title":{"rendered":"Ponteira \u2013 2062-P \u2013 Lupus"},"content":{"rendered":"<p>Em chapa de a\u00e7o, com bico de borracha<br \/>\nflex\u00edvel, veda\u00e7\u00e3o antivazamento, adapt\u00e1vel<br \/>\na reservat\u00f3rios 2062, 2063 e 2064.<\/p>\n<p>Peso: 320 g . Medidas: (A) 295 mm x (L) 105 mm<\/p>\n","protected":false},"excerpt":{"rendered":"<p>Em chapa de a\u00e7o, com bico de borracha flex\u00edvel, veda\u00e7\u00e3o antivazamento, adapt\u00e1vel a reservat\u00f3rios 2062, 2063 e 2064. Peso: 320 g . Medidas: (A) 295 mm x (L) 105 mm<\/p>\n","protected":false},"featured_media":5146,"comment_status":"open","ping_status":"closed","template":"","meta":{"_exactmetrics_skip_tracking":false,"_exactmetrics_sitenote_active":false,"_exactmetrics_sitenote_note":"","_exactmetrics_sitenote_category":0},"product_brand":[],"product_cat":[113],"product_tag":[],"class_list":{"0":"post-5145","1":"product","2":"type-product","3":"status-publish","4":"has-post-thumbnail","6":"product_cat-reservatorio-ibc-e-sistema-de-armazenamento","8":"first","9":"instock","10":"shipping-taxable","11":"product-type-simple"},"_links":{"self":[{"href":"https:\/\/totallubri.com.br\/index.php?rest_route=\/wp\/v2\/product\/5145","targetHints":{"allow":["GET"]}}],"collection":[{"href":"https:\/\/totallubri.com.br\/index.php?rest_route=\/wp\/v2\/product"}],"about":[{"href":"https:\/\/totallubri.com.br\/index.php?rest_route=\/wp\/v2\/types\/product"}],"replies":[{"embeddable":true,"href":"https:\/\/totallubri.com.br\/index.php?rest_route=%2Fwp%2Fv2%2Fcomments&post=5145"}],"wp:featuredmedia":[{"embeddable":true,"href":"https:\/\/totallubri.com.br\/index.php?rest_route=\/wp\/v2\/media\/5146"}],"wp:attachment":[{"href":"https:\/\/totallubri.com.br\/index.php?rest_route=%2Fwp%2Fv2%2Fmedia&parent=5145"}],"wp:term":[{"taxonomy":"product_brand","embeddable":true,"href":"https:\/\/totallubri.com.br\/index.php?rest_route=%2Fwp%2Fv2%2Fproduct_brand&post=5145"},{"taxonomy":"product_cat","embeddable":true,"href":"https:\/\/totallubri.com.br\/index.php?rest_route=%2Fwp%2Fv2%2Fproduct_cat&post=5145"},{"taxonomy":"product_tag","embeddable":true,"href":"https:\/\/totallubri.com.br\/index.php?rest_route=%2Fwp%2Fv2%2Fproduct_tag&post=5145"}],"curies":[{"name":"wp","href":"https:\/\/api.w.org\/{rel}","templated":true}]}}