{"id":5151,"date":"2017-01-11T13:51:14","date_gmt":"2017-01-11T15:51:14","guid":{"rendered":"http:\/\/totallubri.com.br\/?post_type=product&#038;p=5151"},"modified":"2024-12-06T12:39:38","modified_gmt":"2024-12-06T15:39:38","slug":"unidade-de-abastecimento-para-transferencia-de-gasolina-2067-lupus","status":"publish","type":"product","link":"https:\/\/totallubri.com.br\/?product=unidade-de-abastecimento-para-transferencia-de-gasolina-2067-lupus","title":{"rendered":"Unidade de Abastecimento para Transfer\u00eancia de Gasolina &#8211; 2067 &#8211; Lupus"},"content":{"rendered":"<p align=\"left\">Reservat\u00f3rio em polipropileno, com indicador<br \/>\nde n\u00edvel, certificado conforme resolu\u00e7\u00e3o ANP<br \/>\n41\/2013, norma ABNT NBR 15594\/2008<br \/>\ne resolu\u00e7\u00f5es ANTT 420\/2004 e 3763\/2012<br \/>\npara transporte terrestre de produtos perigosos.<\/p>\n<p align=\"left\"><span style=\"font-family: HelveticaNeue-LightCond;\">Capacidade . <\/span><b><span style=\"font-family: HelveticaNeue-Bold;\">20 L <\/span><\/b><span style=\"font-family: HelveticaNeue-LightCond;\">. Vaz\u00e3o livre . <\/span><b><span style=\"font-family: HelveticaNeue-Bold;\">11 L\/min<br \/>\n<\/span><\/b><span style=\"font-family: HelveticaNeue-LightCond;\">Acionamento . <\/span><b><span style=\"font-family: HelveticaNeue-Bold;\">pushbutton<br \/>\n<\/span><\/b><span style=\"font-family: HelveticaNeue-LightCond;\">Gatilho . <\/span><b><span style=\"font-family: HelveticaNeue-Bold;\">autom\u00e1tico<br \/>\n<\/span><\/b><span style=\"font-family: HelveticaNeue-LightCond;\">Man\u00edpulos . <\/span><b><span style=\"font-family: HelveticaNeue-Bold;\">03 <\/span><\/b><span style=\"font-family: HelveticaNeue-UltraLight;\">\/ <\/span><b><span style=\"font-family: HelveticaNeue-Bold;\">superior <\/span><\/b><span style=\"font-family: HelveticaNeue-UltraLight;\">\/ <\/span><b><span style=\"font-family: HelveticaNeue-Bold;\">gatilho <\/span><\/b><span style=\"font-family: HelveticaNeue-UltraLight;\">\/ <\/span><b><span style=\"font-family: HelveticaNeue-Bold;\">traseiro<br \/>\n<\/span><\/b><span style=\"font-family: HelveticaNeue-LightCond;\">Peso: 1,3 kg<br \/>\nMedidas: (A) 381 mm x (L) 254 mm x (C) 381 mm<\/span><\/p>\n","protected":false},"excerpt":{"rendered":"<p>Reservat\u00f3rio em polipropileno, com indicador de n\u00edvel, certificado conforme resolu\u00e7\u00e3o ANP 41\/2013, norma ABNT NBR 15594\/2008 e resolu\u00e7\u00f5es ANTT 420\/2004 e 3763\/2012 para transporte terrestre de produtos perigosos. Capacidade . 20 L . Vaz\u00e3o livre . 11 L\/min Acionamento . pushbutton Gatilho . autom\u00e1tico Man\u00edpulos . 03 \/ superior \/ gatilho \/ traseiro Peso: 1,3 [&hellip;]<\/p>\n","protected":false},"featured_media":5152,"comment_status":"open","ping_status":"closed","template":"","meta":{"_exactmetrics_skip_tracking":false,"_exactmetrics_sitenote_active":false,"_exactmetrics_sitenote_note":"","_exactmetrics_sitenote_category":0},"product_brand":[],"product_cat":[118],"product_tag":[],"class_list":{"0":"post-5151","1":"product","2":"type-product","3":"status-publish","4":"has-post-thumbnail","6":"product_cat-unidade-de-abastecimento-manual","8":"first","9":"instock","10":"shipping-taxable","11":"product-type-simple"},"_links":{"self":[{"href":"https:\/\/totallubri.com.br\/index.php?rest_route=\/wp\/v2\/product\/5151","targetHints":{"allow":["GET"]}}],"collection":[{"href":"https:\/\/totallubri.com.br\/index.php?rest_route=\/wp\/v2\/product"}],"about":[{"href":"https:\/\/totallubri.com.br\/index.php?rest_route=\/wp\/v2\/types\/product"}],"replies":[{"embeddable":true,"href":"https:\/\/totallubri.com.br\/index.php?rest_route=%2Fwp%2Fv2%2Fcomments&post=5151"}],"wp:featuredmedia":[{"embeddable":true,"href":"https:\/\/totallubri.com.br\/index.php?rest_route=\/wp\/v2\/media\/5152"}],"wp:attachment":[{"href":"https:\/\/totallubri.com.br\/index.php?rest_route=%2Fwp%2Fv2%2Fmedia&parent=5151"}],"wp:term":[{"taxonomy":"product_brand","embeddable":true,"href":"https:\/\/totallubri.com.br\/index.php?rest_route=%2Fwp%2Fv2%2Fproduct_brand&post=5151"},{"taxonomy":"product_cat","embeddable":true,"href":"https:\/\/totallubri.com.br\/index.php?rest_route=%2Fwp%2Fv2%2Fproduct_cat&post=5151"},{"taxonomy":"product_tag","embeddable":true,"href":"https:\/\/totallubri.com.br\/index.php?rest_route=%2Fwp%2Fv2%2Fproduct_tag&post=5151"}],"curies":[{"name":"wp","href":"https:\/\/api.w.org\/{rel}","templated":true}]}}