{"id":5158,"date":"2017-01-11T14:00:14","date_gmt":"2017-01-11T16:00:14","guid":{"rendered":"http:\/\/totallubri.com.br\/?post_type=product&#038;p=5158"},"modified":"2025-01-26T17:25:25","modified_gmt":"2025-01-26T20:25:25","slug":"unidade-de-abastecimento-eds900b-eds","status":"publish","type":"product","link":"https:\/\/totallubri.com.br\/?product=unidade-de-abastecimento-eds900b-eds","title":{"rendered":"Unidade de Abastecimento \u2013 EDS900B-EDS-LUPUS"},"content":{"rendered":"<p align=\"left\">Reservat\u00f3rio em polietileno.<br \/>\nCom sistema plug and play, 04 ganchos para<br \/>\ni\u00e7amento seguro, luz interior, permitindo a<br \/>\nsua utiliza\u00e7\u00e3o no escuro, indicador de n\u00edvel de<br \/>\ncombust\u00edvel, respiro com desenho para evitar<br \/>\nderramamento de combust\u00edvel durante o<br \/>\ntransporte, mangueira de suc\u00e7\u00e3o com v\u00e1lvula de reten\u00e7\u00e3o e fi ltro peneira.<\/p>\n<p align=\"left\"><span style=\"font-family: HelveticaNeue-LightCond;\">Capacidade . <\/span><b><span style=\"font-family: HelveticaNeue-Bold;\">900 L<br \/>\n<\/span><\/b><span style=\"font-family: HelveticaNeue-LightCond;\">Bomba . <\/span><b><span style=\"font-family: HelveticaNeue-Bold;\">de palhetas<br \/>\nv\u00e1lvula bypass<br \/>\n<\/span><\/b><span style=\"font-family: HelveticaNeue-LightCond;\">Certifica\u00e7\u00e3o bomba<br \/>\n<\/span><b><span style=\"font-family: HelveticaNeue-Bold;\">IECEx\/INMETRO<br \/>\n<\/span><\/b><span style=\"font-family: HelveticaNeue-LightCond;\">Vaz\u00e3o livre . <\/span><b><span style=\"font-family: HelveticaNeue-Bold;\">50 L\/min<br \/>\n<\/span><\/b><span style=\"font-family: HelveticaNeue-LightCond;\">Alimenta\u00e7\u00e3o . <\/span><b><span style=\"font-family: HelveticaNeue-Bold;\">12<br \/>\n<\/span><\/b><span style=\"font-family: HelveticaNeue-LightCond;\">Cabo de alimenta\u00e7\u00e3o . <\/span><b><span style=\"font-family: HelveticaNeue-Bold;\">6 m<br \/>\n<\/span><\/b><span style=\"font-family: HelveticaNeue-LightCond;\">Mangueira . <\/span><b><span style=\"font-family: HelveticaNeue-Bold;\">5 m<br \/>\n<\/span><\/b><span style=\"font-family: HelveticaNeue-LightCond;\">Bico de abastecimento . <\/span><b><span style=\"font-family: HelveticaNeue-Bold;\">autom\u00e1tico<br \/>\n<\/span><\/b><span style=\"font-family: HelveticaNeue-LightCond;\">Medidor . <\/span><b><span style=\"font-family: HelveticaNeue-Bold;\">digital<br \/>\n<\/span><\/b><span style=\"font-family: HelveticaNeue-LightCond; font-size: xx-small;\"><span style=\"font-size: small;\">Peso: 98 kg<br \/>\n<\/span><span style=\"font-size: small;\">Medidas: (A) 1400 mm x (L) 1050 mm x (C) 1210 mm<\/span><\/span><\/p>\n","protected":false},"excerpt":{"rendered":"<p>Reservat\u00f3rio em polietileno. Com sistema plug and play, 04 ganchos para i\u00e7amento seguro, luz interior, permitindo a sua utiliza\u00e7\u00e3o no escuro, indicador de n\u00edvel de combust\u00edvel, respiro com desenho para evitar derramamento de combust\u00edvel durante o transporte, mangueira de suc\u00e7\u00e3o com v\u00e1lvula de reten\u00e7\u00e3o e fi ltro peneira. Capacidade . 900 L Bomba . de [&hellip;]<\/p>\n","protected":false},"featured_media":5159,"comment_status":"open","ping_status":"closed","template":"","meta":{"_exactmetrics_skip_tracking":false,"_exactmetrics_sitenote_active":false,"_exactmetrics_sitenote_note":"","_exactmetrics_sitenote_category":0},"product_brand":[],"product_cat":[118],"product_tag":[],"class_list":{"0":"post-5158","1":"product","2":"type-product","3":"status-publish","4":"has-post-thumbnail","6":"product_cat-unidade-de-abastecimento-manual","8":"first","9":"instock","10":"shipping-taxable","11":"product-type-simple"},"_links":{"self":[{"href":"https:\/\/totallubri.com.br\/index.php?rest_route=\/wp\/v2\/product\/5158","targetHints":{"allow":["GET"]}}],"collection":[{"href":"https:\/\/totallubri.com.br\/index.php?rest_route=\/wp\/v2\/product"}],"about":[{"href":"https:\/\/totallubri.com.br\/index.php?rest_route=\/wp\/v2\/types\/product"}],"replies":[{"embeddable":true,"href":"https:\/\/totallubri.com.br\/index.php?rest_route=%2Fwp%2Fv2%2Fcomments&post=5158"}],"wp:featuredmedia":[{"embeddable":true,"href":"https:\/\/totallubri.com.br\/index.php?rest_route=\/wp\/v2\/media\/5159"}],"wp:attachment":[{"href":"https:\/\/totallubri.com.br\/index.php?rest_route=%2Fwp%2Fv2%2Fmedia&parent=5158"}],"wp:term":[{"taxonomy":"product_brand","embeddable":true,"href":"https:\/\/totallubri.com.br\/index.php?rest_route=%2Fwp%2Fv2%2Fproduct_brand&post=5158"},{"taxonomy":"product_cat","embeddable":true,"href":"https:\/\/totallubri.com.br\/index.php?rest_route=%2Fwp%2Fv2%2Fproduct_cat&post=5158"},{"taxonomy":"product_tag","embeddable":true,"href":"https:\/\/totallubri.com.br\/index.php?rest_route=%2Fwp%2Fv2%2Fproduct_tag&post=5158"}],"curies":[{"name":"wp","href":"https:\/\/api.w.org\/{rel}","templated":true}]}}