{"id":5163,"date":"2017-01-11T14:02:46","date_gmt":"2017-01-11T16:02:46","guid":{"rendered":"http:\/\/totallubri.com.br\/?post_type=product&#038;p=5163"},"modified":"2024-12-02T13:18:09","modified_gmt":"2024-12-02T16:18:09","slug":"sistema-para-abastecimento-autonomo-eds5000b-eds","status":"publish","type":"product","link":"https:\/\/totallubri.com.br\/?product=sistema-para-abastecimento-autonomo-eds5000b-eds","title":{"rendered":"Sistema para Abastecimento Aut\u00f4nomo-EDS5000B-EDS-LUPUS"},"content":{"rendered":"<p><span style=\"font-family: HelveticaNeue-LightCond;\"><span style=\"font-family: HelveticaNeue-LightCond; font-size: small;\">Reservat\u00f3rio em polietileno, fabricado conforme norma ABNT NBR 15931, parede dupla para prote\u00e7\u00e3o t\u00e9rmica e fun\u00e7\u00e3o de dique de conten\u00e7\u00e3o com sistema plug and play, detector de vazamento integrado, indicador de n\u00edvel de combust\u00edvel (Watchman Plus) remoto, dist\u00e2ncia de monitoramento at\u00e9 200 m,\u00a0 detector de n\u00edvel m\u00e1ximo no sistema de entrada de combust\u00edvel, respiro no tanque interno, tampa herm\u00e9tica no tanque interno, compartimento t\u00e9cnico com chave e suporte para mangueira.<br \/>\n<\/span><\/span><span style=\"font-family: HelveticaNeue-LightCond;\"><br \/>\n<span style=\"font-size: small;\">Capacidade . <\/span><\/span><span style=\"font-size: small;\"><b><span style=\"font-family: HelveticaNeue-Bold;\">5.000 L<br \/>\n<\/span><\/b><span style=\"font-family: HelveticaNeue-LightCond;\">Bomba . <\/span><\/span><b><span style=\"font-family: HelveticaNeue-Bold;\"><span style=\"font-family: HelveticaNeue-Bold; font-size: small;\">de palhetasv\u00e1lvula bypass<br \/>\n<\/span><\/span><\/b><span style=\"font-family: HelveticaNeue-LightCond;\"><span style=\"font-family: HelveticaNeue-LightCond; font-size: small;\">Certifica\u00e7\u00e3o bomba<br \/>\n<\/span><\/span><span style=\"font-size: small;\"><b><span style=\"font-family: HelveticaNeue-Bold;\">IECEx\/INMETRO<br \/>\n<\/span><\/b><span style=\"font-family: HelveticaNeue-LightCond;\">Vaz\u00e3o livre . <\/span><\/span><span style=\"font-size: small;\"><b><span style=\"font-family: HelveticaNeue-Bold;\">80 L\/min<br \/>\n<\/span><\/b><span style=\"font-family: HelveticaNeue-LightCond;\">Alimenta\u00e7\u00e3o . <\/span><\/span><span style=\"font-size: small;\"><b><span style=\"font-family: HelveticaNeue-Bold;\">220 V<br \/>\n<\/span><\/b><span style=\"font-family: HelveticaNeue-LightCond;\">Conex\u00e3o de entrada . <\/span><span style=\"font-family: HelveticaNeue-Light;\">\u00f8 <\/span><\/span><span style=\"font-size: small;\"><b><span style=\"font-family: HelveticaNeue-Bold;\">2\u201d<br \/>\n<\/span><\/b><span style=\"font-family: HelveticaNeue-LightCond;\">Mangueira . <\/span><\/span><span style=\"font-size: small;\"><b><span style=\"font-family: HelveticaNeue-Bold;\">5 m<br \/>\n<\/span><\/b><span style=\"font-family: HelveticaNeue-LightCond;\">Bico de abastecimento . <\/span><\/span><span style=\"font-size: small;\"><b><span style=\"font-family: HelveticaNeue-Bold;\">autom\u00e1tico<br \/>\n<\/span><\/b><span style=\"font-family: HelveticaNeue-LightCond;\">Medidor . <\/span><b><span style=\"font-family: HelveticaNeue-Bold;\">mec\u00e2nico <\/span><\/b><span style=\"font-family: HelveticaNeue-UltraLight;\">\/ <\/span><\/span><b><span style=\"font-family: HelveticaNeue-Bold;\"><span style=\"font-family: HelveticaNeue-Bold; font-size: small;\">03 d\u00edgitos<br \/>\n<\/span><\/span><\/b><span style=\"font-family: HelveticaNeue-LightCond;\"><span style=\"font-family: HelveticaNeue-LightCond; font-size: small;\">Peso: 310 kg<br \/>\nMedidas: (A) 2845 mm x (L) 2230 mm x (C) 2340 mm<\/span><\/span><\/p>\n","protected":false},"excerpt":{"rendered":"<p>Reservat\u00f3rio em polietileno, fabricado conforme norma ABNT NBR 15931, parede dupla para prote\u00e7\u00e3o t\u00e9rmica e fun\u00e7\u00e3o de dique de conten\u00e7\u00e3o com sistema plug and play, detector de vazamento integrado, indicador de n\u00edvel de combust\u00edvel (Watchman Plus) remoto, dist\u00e2ncia de monitoramento at\u00e9 200 m,\u00a0 detector de n\u00edvel m\u00e1ximo no sistema de entrada de combust\u00edvel, respiro no [&hellip;]<\/p>\n","protected":false},"featured_media":5167,"comment_status":"open","ping_status":"closed","template":"","meta":{"_exactmetrics_skip_tracking":false,"_exactmetrics_sitenote_active":false,"_exactmetrics_sitenote_note":"","_exactmetrics_sitenote_category":0},"product_brand":[],"product_cat":[113],"product_tag":[],"class_list":{"0":"post-5163","1":"product","2":"type-product","3":"status-publish","4":"has-post-thumbnail","6":"product_cat-reservatorio-ibc-e-sistema-de-armazenamento","8":"first","9":"instock","10":"shipping-taxable","11":"product-type-simple"},"_links":{"self":[{"href":"https:\/\/totallubri.com.br\/index.php?rest_route=\/wp\/v2\/product\/5163","targetHints":{"allow":["GET"]}}],"collection":[{"href":"https:\/\/totallubri.com.br\/index.php?rest_route=\/wp\/v2\/product"}],"about":[{"href":"https:\/\/totallubri.com.br\/index.php?rest_route=\/wp\/v2\/types\/product"}],"replies":[{"embeddable":true,"href":"https:\/\/totallubri.com.br\/index.php?rest_route=%2Fwp%2Fv2%2Fcomments&post=5163"}],"wp:featuredmedia":[{"embeddable":true,"href":"https:\/\/totallubri.com.br\/index.php?rest_route=\/wp\/v2\/media\/5167"}],"wp:attachment":[{"href":"https:\/\/totallubri.com.br\/index.php?rest_route=%2Fwp%2Fv2%2Fmedia&parent=5163"}],"wp:term":[{"taxonomy":"product_brand","embeddable":true,"href":"https:\/\/totallubri.com.br\/index.php?rest_route=%2Fwp%2Fv2%2Fproduct_brand&post=5163"},{"taxonomy":"product_cat","embeddable":true,"href":"https:\/\/totallubri.com.br\/index.php?rest_route=%2Fwp%2Fv2%2Fproduct_cat&post=5163"},{"taxonomy":"product_tag","embeddable":true,"href":"https:\/\/totallubri.com.br\/index.php?rest_route=%2Fwp%2Fv2%2Fproduct_tag&post=5163"}],"curies":[{"name":"wp","href":"https:\/\/api.w.org\/{rel}","templated":true}]}}