{"id":5169,"date":"2017-01-11T14:13:18","date_gmt":"2017-01-11T16:13:18","guid":{"rendered":"http:\/\/totallubri.com.br\/?post_type=product&#038;p=5169"},"modified":"2025-01-26T17:36:57","modified_gmt":"2025-01-26T20:36:57","slug":"unidade-de-abastecimento-eds2500b-12-eds","status":"publish","type":"product","link":"https:\/\/totallubri.com.br\/?product=unidade-de-abastecimento-eds2500b-12-eds","title":{"rendered":"Unidade de Abastecimento- EDS2500B-12-EDS-LUPUS"},"content":{"rendered":"<p><span style=\"font-size: small;\"><span style=\"font-family: HelveticaNeue-LightCond;\">Reservat\u00f3rio em polietileno, fabricado conforme norma ABNT NBR 15931, parede dupla para prote\u00e7\u00e3o t\u00e9rmica e fun\u00e7\u00e3o de dique de conten\u00e7\u00e3o. Com sistema plug and play, detector de vazamento integrado, indicador de n\u00edvel de combust\u00edvel (Watchman Plus) remoto, dist\u00e2ncia de monitoramento at\u00e9 200 m, detector de n\u00edvel m\u00e1ximo no sistema de entrada de combust\u00edvel, respiro no tanque interno, tampa herm\u00e9tica no tanque interno, compartimento t\u00e9cnico com chave e suporte para mangueira.<\/span><\/span><\/p>\n<p><span style=\"font-family: HelveticaNeue-LightCond;\">Capacidade . <\/span><span style=\"font-size: small;\"><b><span style=\"font-family: HelveticaNeue-Bold;\">2.500 L<br \/>\n<\/span><\/b><span style=\"font-family: HelveticaNeue-LightCond;\"><strong>B<\/strong>omba . <\/span><\/span><b><span style=\"font-family: HelveticaNeue-Bold;\"><span style=\"font-family: HelveticaNeue-Bold; font-size: small;\">de palhetas<br \/>\nv\u00e1lvula bypass<br \/>\n<\/span><\/span><\/b><span style=\"font-family: HelveticaNeue-LightCond;\"><span style=\"font-family: HelveticaNeue-LightCond; font-size: small;\">Certifi ca\u00e7\u00e3o bomba<br \/>\n<\/span><\/span><span style=\"font-size: small;\"><b><span style=\"font-family: HelveticaNeue-Bold;\">IECEx\/INMETRO<br \/>\n<\/span><\/b><span style=\"font-family: HelveticaNeue-LightCond;\">Vaz\u00e3o livre . <\/span><\/span><span style=\"font-size: small;\"><b><span style=\"font-family: HelveticaNeue-Bold;\">50 L\/min<br \/>\n<\/span><\/b><span style=\"font-family: HelveticaNeue-LightCond;\">Alimenta\u00e7\u00e3o . 1<\/span><\/span><span style=\"font-size: small;\"><b><span style=\"font-family: HelveticaNeue-Bold;\">2 V<br \/>\n<\/span><\/b><span style=\"font-family: HelveticaNeue-LightCond;\">Conex\u00e3o de entrada . <\/span><span style=\"font-family: HelveticaNeue-Light;\">\u00f8 <\/span><\/span><span style=\"font-size: small;\"><b><span style=\"font-family: HelveticaNeue-Bold;\">2\u201d<br \/>\n<\/span><\/b><span style=\"font-family: HelveticaNeue-LightCond;\">Mangueira . <\/span><\/span><span style=\"font-size: small;\"><b><span style=\"font-family: HelveticaNeue-Bold;\">5 m<br \/>\n<\/span><\/b><span style=\"font-family: HelveticaNeue-LightCond;\">Bico de abastecimento . <\/span><\/span><span style=\"font-size: small;\"><b><span style=\"font-family: HelveticaNeue-Bold;\">autom\u00e1tico<br \/>\n<\/span><\/b><span style=\"font-family: HelveticaNeue-LightCond;\">Medidor . <\/span><b><span style=\"font-family: HelveticaNeue-Bold;\">mec\u00e2nico <\/span><\/b><span style=\"font-family: HelveticaNeue-UltraLight;\">\/ <\/span><\/span><b><span style=\"font-family: HelveticaNeue-Bold;\"><span style=\"font-family: HelveticaNeue-Bold; font-size: small;\">03 d\u00edgitos<br \/>\n<\/span><\/span><\/b><span style=\"font-family: HelveticaNeue-LightCond;\"><span style=\"font-family: HelveticaNeue-LightCond; font-size: small;\">Peso: 240 kg<br \/>\nMedidas: (A) 2460 mm x (L) 1460 mm x (C) 1850 mm<\/span><\/span><\/p>\n","protected":false},"excerpt":{"rendered":"<p>Reservat\u00f3rio em polietileno, fabricado conforme norma ABNT NBR 15931, parede dupla para prote\u00e7\u00e3o t\u00e9rmica e fun\u00e7\u00e3o de dique de conten\u00e7\u00e3o. Com sistema plug and play, detector de vazamento integrado, indicador de n\u00edvel de combust\u00edvel (Watchman Plus) remoto, dist\u00e2ncia de monitoramento at\u00e9 200 m, detector de n\u00edvel m\u00e1ximo no sistema de entrada de combust\u00edvel, respiro no [&hellip;]<\/p>\n","protected":false},"featured_media":5162,"comment_status":"open","ping_status":"closed","template":"","meta":{"_exactmetrics_skip_tracking":false,"_exactmetrics_sitenote_active":false,"_exactmetrics_sitenote_note":"","_exactmetrics_sitenote_category":0},"product_brand":[],"product_cat":[118],"product_tag":[],"class_list":{"0":"post-5169","1":"product","2":"type-product","3":"status-publish","4":"has-post-thumbnail","6":"product_cat-unidade-de-abastecimento-manual","8":"first","9":"instock","10":"shipping-taxable","11":"product-type-simple"},"_links":{"self":[{"href":"https:\/\/totallubri.com.br\/index.php?rest_route=\/wp\/v2\/product\/5169","targetHints":{"allow":["GET"]}}],"collection":[{"href":"https:\/\/totallubri.com.br\/index.php?rest_route=\/wp\/v2\/product"}],"about":[{"href":"https:\/\/totallubri.com.br\/index.php?rest_route=\/wp\/v2\/types\/product"}],"replies":[{"embeddable":true,"href":"https:\/\/totallubri.com.br\/index.php?rest_route=%2Fwp%2Fv2%2Fcomments&post=5169"}],"wp:featuredmedia":[{"embeddable":true,"href":"https:\/\/totallubri.com.br\/index.php?rest_route=\/wp\/v2\/media\/5162"}],"wp:attachment":[{"href":"https:\/\/totallubri.com.br\/index.php?rest_route=%2Fwp%2Fv2%2Fmedia&parent=5169"}],"wp:term":[{"taxonomy":"product_brand","embeddable":true,"href":"https:\/\/totallubri.com.br\/index.php?rest_route=%2Fwp%2Fv2%2Fproduct_brand&post=5169"},{"taxonomy":"product_cat","embeddable":true,"href":"https:\/\/totallubri.com.br\/index.php?rest_route=%2Fwp%2Fv2%2Fproduct_cat&post=5169"},{"taxonomy":"product_tag","embeddable":true,"href":"https:\/\/totallubri.com.br\/index.php?rest_route=%2Fwp%2Fv2%2Fproduct_tag&post=5169"}],"curies":[{"name":"wp","href":"https:\/\/api.w.org\/{rel}","templated":true}]}}